{"id":4058,"date":"2022-07-20T11:31:54","date_gmt":"2022-07-20T09:31:54","guid":{"rendered":"https:\/\/kiddy.com\/?page_id=4058"},"modified":"2023-02-06T11:29:50","modified_gmt":"2023-02-06T10:29:50","slug":"conditions-de-garantie","status":"publish","type":"page","link":"https:\/\/kiddy.com\/fr\/conditions-de-garantie\/","title":{"rendered":"Conditions de garantie"},"content":{"rendered":"\n<p>1. Le garant est la soci\u00e9t\u00e9 \u00ab&nbsp;4kraft Sp. z o. o.&nbsp;\u00bb en tant que soci\u00e9t\u00e9 \u00e0 responsabilit\u00e9 limit\u00e9e de droit polonais dont le si\u00e8ge social est situ\u00e9 \u00e0 Pozna\u0144, \u00e0 l\u2019adresse commerciale suivante : ul. Tatrza\u0144ska 1\/5, 60-413 Pozna\u0144, Pologne, inscrite au Registre National Judiciaire (KRS) tenu par le Tribunal de district de Pozna\u0144, sous le num\u00e9ro d\u2019immatriculation au Registre KRS: 0000378767, NIP (num\u00e9ro d&#8217;identification fiscale): PL 7811861679 (ci-apr\u00e8s:&nbsp;<strong>\u00ab&nbsp;Garant&nbsp;\u00bb<\/strong>).<\/p>\n\n\n\n<p>2. La pr\u00e9sente garantie (ci-apr\u00e8s :\u00a0<strong>\u00ab\u00a0Garantie\u00a0\u00bb<\/strong>) s\u2019applique aux produits de la marque Kiddy achet\u00e9s et utilis\u00e9s sur le territoire des\u00a0<strong>\u00c9tats membres de l&#8217;Union europ\u00e9enne<\/strong>, \u00e0 l&#8217;exclusion des territoires d&#8217;outre-mer<sup>1<\/sup>,(ci-apr\u00e8s :\u00a0<strong>\u00ab\u00a0Produits\u00a0\u00bb<\/strong>). La pr\u00e9sente garantie est offerte aux clients qui ont achet\u00e9 des produits Kiddy uniquement pour un usage priv\u00e9 (ci-apr\u00e8s :\u00a0<strong>\u00ab\u00a0Clients\u00a0\u00bb<\/strong>). En plus de cette garantie limit\u00e9e, les droits de garantie l\u00e9gaux sont applicables.<\/p>\n\n\n\n<p>3. Le Garant accorde une garantie pour la non-conformit\u00e9 des produits aux sp\u00e9cifications indiqu\u00e9es dans le contrat ou l&#8217;offre. La garantie ne s\u2019applique pas si les produits n\u2019ont pas \u00e9t\u00e9 utilis\u00e9s conform\u00e9ment \u00e0 leurs manuels d\u2019instructions ou \u00e0 l&#8217;usage pr\u00e9vu.<\/p>\n\n\n\n<p>4. Nonobstant la pr\u00e9sente garantie, le Client b\u00e9n\u00e9ficie de droits de garantie l\u00e9gaux, qui ne sont en aucun cas limit\u00e9s par la pr\u00e9sente garantie.<\/p>\n\n\n\n<p>5. La pr\u00e9sente garantie est valable pendant 2 ans et commence au moment de la livraison du produit au Client.<\/p>\n\n\n\n<p>6. La pr\u00e9sente garantie couvre tous les produits Kiddy.<\/p>\n\n\n\n<p>7. Si une non-conformit\u00e9 des produits aux sp\u00e9cifications indiqu\u00e9es dans le contrat ou l\u2019offre est d\u00e9couverte pendant la p\u00e9riode de garantie, le produit sera r\u00e9par\u00e9 gratuitement ou remplac\u00e9 par un nouveau produit, \u00e0 la seule discr\u00e9tion du Garant.<\/p>\n\n\n\n<p>8. La pr\u00e9sente garantie n\u2019est pas transf\u00e9rable, par cons\u00e9quent, seul le Client initial peut faire valoir ses droits en vertu de cette garantie.<\/p>\n\n\n\n<p>9. Si une non-conformit\u00e9 des produits aux sp\u00e9cifications indiqu\u00e9es dans le contrat ou l\u2019offre est d\u00e9couverte pendant la p\u00e9riode de garantie, la r\u00e9clamation au titre de cette garantie doit \u00eatre signal\u00e9e en remplissant le formulaire accessible sur le site : www.kiddy.com\/fr. Une fois le formulaire soumis, la demande est v\u00e9rifi\u00e9e par le Service \u00e0 la client\u00e8le. Toutes les demandes sont trait\u00e9es dans les meilleurs d\u00e9lais. Le Client est inform\u00e9 du num\u00e9ro attribu\u00e9 \u00e0 sa demande et re\u00e7oit des instructions sur la mani\u00e8re de proc\u00e9der.<\/p>\n\n\n\n<p>10. Le Client peut signaler une r\u00e9clamation d\u2019une autre mani\u00e8re que celle indiqu\u00e9e au point 9 ci-dessus (par exemple, directement par e-mail ou par t\u00e9l\u00e9phone). Dans ce cas, les demandes seront redirig\u00e9es vers le Service \u00e0 la client\u00e8le. En raison de la proc\u00e9dure de r\u00e9clamation non standard, ces types de r\u00e9clamations n\u00e9cessiteront toujours plus de temps pour \u00eatre r\u00e9solues.<\/p>\n\n\n\n<p>11. La pr\u00e9sente garantie couvre le service de porte \u00e0 porte. Le coursier r\u00e9cup\u00e8re le produit d\u00e9fectueux aupr\u00e8s du Client et le remet au Service d\u2019assistance du Garant. Une fois r\u00e9par\u00e9, le produit est renvoy\u00e9 au Client. Ce service est gratuit.<\/p>\n\n\n\n<p>12. Si le Client envoie le produit d\u00e9fectueux \u00e0 ses propres frais, il n\u2019en est pas rembours\u00e9.<\/p>\n\n\n\n<p>13. Le Client est tenu de livrer le produit dans son emballage d&#8217;origine ou de remplacement, avec tous les accessoires (le cas \u00e9ch\u00e9ant). Le Client est tenu responsable de tout dommage r\u00e9sultant de l\u2019utilisation d\u2019un emballage de remplacement ou d\u2019une protection inad\u00e9quate du produit. \u00c0 la demande du Client, le Garant fournira des instructions sur la mani\u00e8re correcte d\u2019emballer les produits.<\/p>\n\n\n\n<p>14. En principe, les d\u00e9fauts du produit d\u00e9tect\u00e9s pendant la p\u00e9riode de garantie seront r\u00e9par\u00e9s gratuitement d\u00e8s que possible, mais au plus tard dans les 14 jours ouvrables suivant la r\u00e9ception du produit par le Garant pour r\u00e9paration.<\/p>\n\n\n\n<p>15. Le d\u00e9lai de r\u00e9paration pr\u00e9vu au point 14 peut \u00eatre prolong\u00e9 du temps n\u00e9cessaire \u00e0 la commande des pi\u00e8ces de rechange requises, mais il ne peut en aucun cas d\u00e9passer 30 jours ouvrables. Dans ce cas, le Client sera inform\u00e9 de la prolongation du d\u00e9lai n\u00e9cessaire \u00e0 la r\u00e9paration et de la date pr\u00e9vue pour la r\u00e9solution de la r\u00e9clamation du Client.<\/p>\n\n\n\n<p>16. Le Garant se r\u00e9serve le droit de prolonger les d\u00e9lais vis\u00e9s aux points 14 et 15 si un cas de force majeure (\u00e9galement appel\u00e9 : \u00ab&nbsp;acte de Dieu&nbsp;\u00bb) se produit.<\/p>\n\n\n\n<p>17. Si la r\u00e9paration n\u00e9cessite le remplacement de pi\u00e8ces, les pi\u00e8ces d\u00e9fectueuses qui ont \u00e9t\u00e9 remplac\u00e9es seront \u00e9limin\u00e9es par le Garant. Les pi\u00e8ces de rechange utilis\u00e9es pour la r\u00e9paration peuvent \u00eatre produites par un autre fabricant, \u00e0 condition qu\u2019elles soient au moins techniquement \u00e9quivalentes.<\/p>\n\n\n\n<p>18. Si la r\u00e9paration et\/ou le remplacement des pi\u00e8ces est impossible, le Garant a le droit de remplacer le produit r\u00e9clam\u00e9 par un nouveau produit, exempt de d\u00e9fauts, s&#8217;il est encore en production ou en possession du Garant. Dans d\u2019autres cas, le remplacement sera effectu\u00e9 avec un produit similaire, ayant des param\u00e8tres au moins \u00e9gaux et \u00e0 un prix non inf\u00e9rieur au prix du produit r\u00e9clam\u00e9 au moment de l\u2019achat par le Client.<\/p>\n\n\n\n<p>19. Si le d\u00e9faut signal\u00e9 n\u2019est pas couvert par la garantie, les frais de r\u00e9paration sont \u00e0 la charge du Client. Avant d\u2019entreprendre une action quelconque, le Client sera inform\u00e9 du co\u00fbt de la r\u00e9paration, qui ne sera ensuite effectu\u00e9e qu\u2019avec le consentement expr\u00e8s du Client.<\/p>\n\n\n\n<p>20. La pr\u00e9sente garantie ne s\u2019applique pas en cas de:<\/p>\n\n\n\n<p>a) Dommages dus \u00e0 une utilisation inappropri\u00e9e ou \u00e0 un mauvais entretien, y compris et notamment, mais pas exclusivement, les dommages m\u00e9caniques caus\u00e9s aux produits suite \u00e0 une utilisation inappropri\u00e9e ou \u00e0 un mauvais entretien;<\/p>\n\n\n\n<ul class=\"wp-block-list\">\n<li>Veuillez lire les instructions d\u2019utilisation et d\u2019entretien du produit dans son manuel d&#8217;utilisation;<\/li>\n<\/ul>\n\n\n\n<p>b) Dommages dus \u00e0 un montage, une installation ou un d\u00e9montage incorrects des produits et\/ou des accessoires;<\/p>\n\n\n\n<ul class=\"wp-block-list\">\n<li>Veuillez lire les instructions d\u2019utilisation et d\u2019installation du produit dans son manuel d&#8217;utilisation;<\/li>\n<\/ul>\n\n\n\n<p>c) Dommages dus \u00e0 une maintenance, un entretien et un stockage insuffisants ;<br>d) Dommages dus \u00e0 l&#8217;usure normale ou au vieillissement normal des mat\u00e9riaux ;<br>e) Dommages caus\u00e9s par un accident, un abus, une mauvaise utilisation, un incendie, le contact avec un liquide, des cas de force majeure, etc ;<br>f) Modifications de produits qui alt\u00e8rent leur fonctionnalit\u00e9 ou leurs performances et ont \u00e9t\u00e9 effectu\u00e9es sans l\u2019autorisation \u00e9crite du Garant ;<br>g) Produits dont le num\u00e9ro de s\u00e9rie a \u00e9t\u00e9 enlev\u00e9 ou d\u00e9t\u00e9rior\u00e9 ;<br>h) Dommages caus\u00e9s suite \u00e0 l\u2019utilisation d\u2019un composant ou d\u2019un produit tiers, y compris et notamment, mais pas exclusivement, des porte-gobelets, des parapluies, des r\u00e9flecteurs et des cloches ;<br>i) Possession par le deuxi\u00e8me propri\u00e9taire ou par une personne autre que le Client initial ;<\/p>\n\n\n\n<p>21. La pr\u00e9sente garantie ne s\u2019applique pas aux r\u00e9clamations concernant les param\u00e8tres techniques du produit si elles sont conformes aux instructions du Garant ou \u00e0 d\u2019autres documents sp\u00e9cifiant les param\u00e8tres techniques du produit.<\/p>\n\n\n\n<p>22. La pr\u00e9sente garantie ne couvre pas les dommages indirects.<\/p>\n\n\n\n<p>23. La pr\u00e9sente garantie est r\u00e9gie par le droit polonais, \u00e0 l\u2019exclusion de la Convention des Nations Unies sur les contrats de vente internationale de marchandises (CVIM).<\/p>\n\n\n\n<p>24. L&#8217;invalidit\u00e9 d&#8217;une disposition des pr\u00e9sentes conditions g\u00e9n\u00e9rales n&#8217;affecte pas la validit\u00e9 des autres dispositions.<\/p>\n\n\n\n<p>25. Le Garant propose un programme de garantie optionnelle de 10 ans qui remplace la pr\u00e9sente garantie pour tous les membres participants \u00e0 ce programme. Vous trouverez plus d\u2019informations sous le lien suivant : https:\/\/kiddy.com\/fr\/garantie-de-10-ans\/<\/p>\n\n\n\n<p>26. En cas de questions ou de doutes, veuillez nous contacter \u00e0 l&#8217;adresse \u00e9lectronique suivante : soutien@kiddy.com.<\/p>\n\n\n\n<p>21. Dans les cas o\u00f9 la pr\u00e9sente garantie s\u2019applique \u00e0 des produits qui ont \u00e9t\u00e9 personnalis\u00e9s par le fabricant \u00e0 la demande du Client, le Garant ne sera pas en mesure de remplacer les pi\u00e8ces personnalis\u00e9es ou les produits entiers par des \u00e9l\u00e9ments de personnalisation similaires. Les pi\u00e8ces personnalis\u00e9es seront remplac\u00e9es par des pi\u00e8ces en stock et\/ou les produits personnalis\u00e9s seront remplac\u00e9s par des produits en stock.<\/p>\n\n\n\n<p><sup>1<\/sup>\u00a0Notamment : A\u00e7ores, Mad\u00e8re, \u00eeles Canaries, d\u00e9partements fran\u00e7ais d&#8217;outre-mer, \u00eeles \u00c5land, Athos, Ceuta, Melilla, Heligoland, B\u00fcsingen am Hochrhein, Campione d&#8217;Italia et Livigno<\/p>\n","protected":false},"excerpt":{"rendered":"<p>1. Le garant est la soci\u00e9t\u00e9 \u00ab&nbsp;4kraft Sp. z o. o.&nbsp;\u00bb en tant que soci\u00e9t\u00e9 \u00e0 responsabilit\u00e9 limit\u00e9e de droit polonais dont le si\u00e8ge social est situ\u00e9 \u00e0 Pozna\u0144, \u00e0 l\u2019adresse commerciale suivante : ul. Tatrza\u0144ska 1\/5, 60-413 Pozna\u0144, Pologne, inscrite au Registre National Judiciaire (KRS) tenu par le Tribunal de district de Pozna\u0144, sous [&hellip;]<\/p>\n","protected":false},"author":5,"featured_media":0,"parent":0,"menu_order":0,"comment_status":"closed","ping_status":"closed","template":"pages\/description.php","meta":{"_acf_changed":false,"footnotes":""},"class_list":["post-4058","page","type-page","status-publish","hentry"],"acf":[],"yoast_head":"<!-- This site is optimized with the Yoast SEO plugin v27.3 - https:\/\/yoast.com\/product\/yoast-seo-wordpress\/ -->\n<title>Conditions de garantie - Kiddy<\/title>\n<meta name=\"robots\" content=\"index, follow, max-snippet:-1, max-image-preview:large, max-video-preview:-1\" \/>\n<link rel=\"canonical\" href=\"https:\/\/kiddy.com\/fr\/conditions-de-garantie\/\" \/>\n<meta property=\"og:locale\" content=\"fr_FR\" \/>\n<meta property=\"og:type\" content=\"article\" \/>\n<meta property=\"og:title\" content=\"Conditions de garantie - Kiddy\" \/>\n<meta property=\"og:description\" content=\"1. Le garant est la soci\u00e9t\u00e9 \u00ab&nbsp;4kraft Sp. z o. o.&nbsp;\u00bb en tant que soci\u00e9t\u00e9 \u00e0 responsabilit\u00e9 limit\u00e9e de droit polonais dont le si\u00e8ge social est situ\u00e9 \u00e0 Pozna\u0144, \u00e0 l\u2019adresse commerciale suivante : ul. Tatrza\u0144ska 1\/5, 60-413 Pozna\u0144, Pologne, inscrite au Registre National Judiciaire (KRS) tenu par le Tribunal de district de Pozna\u0144, sous [&hellip;]\" \/>\n<meta property=\"og:url\" content=\"https:\/\/kiddy.com\/fr\/conditions-de-garantie\/\" \/>\n<meta property=\"og:site_name\" content=\"Kiddy\" \/>\n<meta property=\"article:publisher\" content=\"https:\/\/www.facebook.com\/kiddypolska\/\" \/>\n<meta property=\"article:modified_time\" content=\"2023-02-06T10:29:50+00:00\" \/>\n<meta property=\"og:image\" content=\"https:\/\/kiddy.com\/app\/uploads\/2022\/09\/Logo-Kiddy-Engineered-with-love.jpg\" \/>\n\t<meta property=\"og:image:width\" content=\"841\" \/>\n\t<meta property=\"og:image:height\" content=\"595\" \/>\n\t<meta property=\"og:image:type\" content=\"image\/jpeg\" \/>\n<meta name=\"twitter:card\" content=\"summary_large_image\" \/>\n<meta name=\"twitter:label1\" content=\"Est. reading time\" \/>\n\t<meta name=\"twitter:data1\" content=\"6 minutes\" \/>\n<!-- \/ Yoast SEO plugin. -->","yoast_head_json":{"title":"Conditions de garantie - Kiddy","robots":{"index":"index","follow":"follow","max-snippet":"max-snippet:-1","max-image-preview":"max-image-preview:large","max-video-preview":"max-video-preview:-1"},"canonical":"https:\/\/kiddy.com\/fr\/conditions-de-garantie\/","og_locale":"fr_FR","og_type":"article","og_title":"Conditions de garantie - Kiddy","og_description":"1. Le garant est la soci\u00e9t\u00e9 \u00ab&nbsp;4kraft Sp. z o. o.&nbsp;\u00bb en tant que soci\u00e9t\u00e9 \u00e0 responsabilit\u00e9 limit\u00e9e de droit polonais dont le si\u00e8ge social est situ\u00e9 \u00e0 Pozna\u0144, \u00e0 l\u2019adresse commerciale suivante : ul. Tatrza\u0144ska 1\/5, 60-413 Pozna\u0144, Pologne, inscrite au Registre National Judiciaire (KRS) tenu par le Tribunal de district de Pozna\u0144, sous [&hellip;]","og_url":"https:\/\/kiddy.com\/fr\/conditions-de-garantie\/","og_site_name":"Kiddy","article_publisher":"https:\/\/www.facebook.com\/kiddypolska\/","article_modified_time":"2023-02-06T10:29:50+00:00","og_image":[{"width":841,"height":595,"url":"https:\/\/kiddy.com\/app\/uploads\/2022\/09\/Logo-Kiddy-Engineered-with-love.jpg","type":"image\/jpeg"}],"twitter_card":"summary_large_image","twitter_misc":{"Est. reading time":"6 minutes"},"schema":{"@context":"https:\/\/schema.org","@graph":[{"@type":"WebPage","@id":"https:\/\/kiddy.com\/fr\/conditions-de-garantie\/","url":"https:\/\/kiddy.com\/fr\/conditions-de-garantie\/","name":"Conditions de garantie - Kiddy","isPartOf":{"@id":"https:\/\/kiddy.com\/#website"},"datePublished":"2022-07-20T09:31:54+00:00","dateModified":"2023-02-06T10:29:50+00:00","breadcrumb":{"@id":"https:\/\/kiddy.com\/fr\/conditions-de-garantie\/#breadcrumb"},"inLanguage":"fr-FR","potentialAction":[{"@type":"ReadAction","target":["https:\/\/kiddy.com\/fr\/conditions-de-garantie\/"]}]},{"@type":"BreadcrumbList","@id":"https:\/\/kiddy.com\/fr\/conditions-de-garantie\/#breadcrumb","itemListElement":[{"@type":"ListItem","position":1,"name":"Strona g\u0142\u00f3wna","item":"https:\/\/kiddy.com\/fr\/"},{"@type":"ListItem","position":2,"name":"Conditions de garantie"}]},{"@type":"WebSite","@id":"https:\/\/kiddy.com\/#website","url":"https:\/\/kiddy.com\/","name":"Kiddy","description":"Kiddy","publisher":{"@id":"https:\/\/kiddy.com\/#organization"},"potentialAction":[{"@type":"SearchAction","target":{"@type":"EntryPoint","urlTemplate":"https:\/\/kiddy.com\/?s={search_term_string}"},"query-input":{"@type":"PropertyValueSpecification","valueRequired":true,"valueName":"search_term_string"}}],"inLanguage":"fr-FR"},{"@type":"Organization","@id":"https:\/\/kiddy.com\/#organization","name":"Kiddy","url":"https:\/\/kiddy.com\/","logo":{"@type":"ImageObject","inLanguage":"fr-FR","@id":"https:\/\/kiddy.com\/#\/schema\/logo\/image\/","url":"https:\/\/kiddy.com\/app\/uploads\/2022\/09\/Logo-Kiddy-Engineered-with-love.jpg","contentUrl":"https:\/\/kiddy.com\/app\/uploads\/2022\/09\/Logo-Kiddy-Engineered-with-love.jpg","width":841,"height":595,"caption":"Kiddy"},"image":{"@id":"https:\/\/kiddy.com\/#\/schema\/logo\/image\/"},"sameAs":["https:\/\/www.facebook.com\/kiddypolska\/","https:\/\/www.instagram.com\/kiddy_global\/","https:\/\/www.youtube.com\/channel\/UC1RBJ6VMaCFUrU0BoLF5nvA"]}]}},"_links":{"self":[{"href":"https:\/\/kiddy.com\/fr\/wp-json\/wp\/v2\/pages\/4058","targetHints":{"allow":["GET"]}}],"collection":[{"href":"https:\/\/kiddy.com\/fr\/wp-json\/wp\/v2\/pages"}],"about":[{"href":"https:\/\/kiddy.com\/fr\/wp-json\/wp\/v2\/types\/page"}],"author":[{"embeddable":true,"href":"https:\/\/kiddy.com\/fr\/wp-json\/wp\/v2\/users\/5"}],"replies":[{"embeddable":true,"href":"https:\/\/kiddy.com\/fr\/wp-json\/wp\/v2\/comments?post=4058"}],"version-history":[{"count":2,"href":"https:\/\/kiddy.com\/fr\/wp-json\/wp\/v2\/pages\/4058\/revisions"}],"predecessor-version":[{"id":4305,"href":"https:\/\/kiddy.com\/fr\/wp-json\/wp\/v2\/pages\/4058\/revisions\/4305"}],"wp:attachment":[{"href":"https:\/\/kiddy.com\/fr\/wp-json\/wp\/v2\/media?parent=4058"}],"curies":[{"name":"wp","href":"https:\/\/api.w.org\/{rel}","templated":true}]}}