{"id":4053,"date":"2022-09-12T14:48:40","date_gmt":"2022-09-12T12:48:40","guid":{"rendered":"https:\/\/kiddy.com\/?page_id=4053"},"modified":"2023-01-26T16:03:11","modified_gmt":"2023-01-26T15:03:11","slug":"reglement-du-programme-safe-car-seat","status":"publish","type":"page","link":"https:\/\/kiddy.com\/fr\/reglement-du-programme-safe-car-seat\/","title":{"rendered":"R\u00e8glement du programme Safe Car Seat"},"content":{"rendered":"\n<ol class=\"wp-block-list\" type=\"1\" start=\"1\">\n<li><strong>Dispositions g\u00e9n\u00e9rales<\/strong>\n<ol class=\"wp-block-list\">\n<li>[Organisateur] L\u2019organisateur du programme \u00ab&nbsp;Safe Car Seat&nbsp;\u00bb (ci-apr\u00e8s&nbsp;: le <strong>\u00ab&nbsp;programme&nbsp;\u00bb<\/strong>) est 4kraft sp. z o. o. en tant que soci\u00e9t\u00e9 \u00e0 responsabilit\u00e9 limit\u00e9e de droit polonais dont le si\u00e8ge social est situ\u00e9 \u00e0 Pozna\u0144, adresse commerciale&nbsp;: ul. Tatrza\u0144ska 1\/5, 60-413 Pozna\u0144, Pologne, inscrit au registre national polonais des tribunaux (KRS) tenu par le tribunal de district de Pozna\u0144, num\u00e9ro KRS&nbsp;: &nbsp;0000378767, num\u00e9ro NIP (num\u00e9ro d\u2019identification fiscale)&nbsp;: PL 7811861679 (ci-apr\u00e8s&nbsp;: l\u2019<strong>\u00ab&nbsp;organisateur<\/strong>&nbsp;\u00bb).<\/li>\n\n\n\n<li>[Dur\u00e9e et port\u00e9e du programme] Ce programme s\u2019applique aux si\u00e8ges auto de la marque Kiddy achet\u00e9s et utilis\u00e9s sur le territoire des <strong>\u00c9tats membres de l\u2019Union europ\u00e9enne<\/strong>, \u00e0 l&#8217;exclusion des territoires d\u2019outre-mer<sup>1<\/sup>. Ce programme est propos\u00e9 aux clients qui ont achet\u00e9 des produits Kiddy pour un usage priv\u00e9 uniquement (ci-apr\u00e8s&nbsp;: les <strong>\u00ab&nbsp;consommateurs<\/strong>&nbsp;\u00bb).<\/li>\n\n\n\n<li>[Entrepreneurs individuels en tant que consommateurs] Les personnes physiques qui concluent un contrat directement li\u00e9 \u00e0 leur activit\u00e9 professionnelle sont \u00e9galement consid\u00e9r\u00e9es comme des consommateurs, lorsqu\u2019il ressort du contenu du contrat que l\u2019achat n\u2019a pas un caract\u00e8re professionnel pour cette personne, notamment au regard de la nature de son activit\u00e9 professionnelle.<\/li>\n\n\n\n<li>[Produits couverts par le programme] Le Programme comprend tous les mod\u00e8les de si\u00e8ges auto parmi ceux disponibles dans la gamme de l\u2019organisateur, achet\u00e9s sur le march\u00e9 de l\u2019UE (comme d\u00e9crit au point 1.2.), et pour une p\u00e9riode de 6 (six) ans, \u00e0 compter de la date d\u2019achat (ci-apr\u00e8s&nbsp;: les <strong>\u00ab&nbsp;produits<\/strong>&nbsp;\u00bb).<\/li>\n\n\n\n<li>[Participants au programme] Le programme est ouvert \u00e0 tous les consommateurs qui:\n<ul class=\"wp-block-list\">\n<li>ont la pleine capacit\u00e9 juridique&nbsp;;<\/li>\n\n\n\n<li>ont leur lieu de r\u00e9sidence dans un territoire d\u00e9fini au point 1.2&nbsp;;<\/li>\n\n\n\n<li>ont achet\u00e9 le produit, et en sont les premiers propri\u00e9taires&nbsp;;<\/li>\n\n\n\n<li>disposent d\u2019une preuve d\u2019achat sous la forme d\u2019une copie d\u2019un re\u00e7u ou d\u2019une facture&nbsp;;<\/li>\n\n\n\n<li>ont lu le pr\u00e9sent r\u00e8glement et accept\u00e9 ses dispositions<br><br>(ci-apr\u00e8s&nbsp;: les <strong>\u00ab&nbsp;participants&nbsp;\u00bb<\/strong>). <\/li>\n<\/ul>\n<\/li>\n\n\n\n<li>[R\u00e8glement] Le pr\u00e9sent r\u00e8glement constitue la base du programme, r\u00e9git les termes et conditions de participation au programme et d\u00e9finit les droits et obligations des participants au programme, ainsi que les droits et obligations de l\u2019organisateur (ci-apr\u00e8s&nbsp;: le <strong>\u00ab&nbsp;r\u00e8glement&nbsp;\u00bb<\/strong>). Le contenu du r\u00e8glements est toujours disponible sur le site web www.kiddy.com.<\/li>\n\n\n\n<li>[Participation au programme] En participant au programme, le participant aura la possibilit\u00e9 de retourner le produit ayant subi un incident et, conform\u00e9ment au pr\u00e9sent r\u00e8glement, d\u2019obtenir un remplacement gratuit, \u00e0 condition que les exigences d\u00e9crites dans le r\u00e8glement soient respect\u00e9es.<\/li>\n\n\n\n<li>[Consentement par d\u00e9faut] Les participants au programme sont tenus de se conformer \u00e0 toutes les r\u00e8gles formul\u00e9es dans le r\u00e8glement. La participation au programme implique la lecture et l\u2019acceptation du pr\u00e9sent r\u00e8glement dans son int\u00e9gralit\u00e9 et sans objection.<\/li>\n\n\n\n<li>[Interdiction de participation] En cas de violation du r\u00e8glement, l\u2019organisateur est en droit d\u2019exclure le participant du programme. En particulier, l\u2019organisateur est en droit d\u2019exclure du programme un participant qui est soup\u00e7onn\u00e9 d\u2019agir de mani\u00e8re contraire au pr\u00e9sent r\u00e8glement, aux lois applicables et aux r\u00e8gles de conduite sociale.<\/li>\n<\/ol>\n<\/li>\n\n\n\n<li><strong>Application<\/strong>\n<ol class=\"wp-block-list\">\n<li>Les conditions de participation au programme ne sont d\u00e9finies que dans le pr\u00e9sent r\u00e8glement et dans les dispositions l\u00e9gales obligatoires.<\/li>\n\n\n\n<li>La participation au programme est enti\u00e8rement volontaire.<\/li>\n\n\n\n<li>L\u2019envoi d\u2019un nouveau produit dans le cadre du programme aura lieu si les crit\u00e8res suivants sont cumulativement remplis&nbsp;:\n<ol class=\"wp-block-list\">\n<li>Le produit du participant a \u00e9t\u00e9 impliqu\u00e9 dans un incident au cours duquel le produit a \u00e9t\u00e9 correctement install\u00e9 dans la voiture (selon les instructions d\u2019utilisation du produit en question);<\/li>\n\n\n\n<li>La poursuite de l\u2019utilisation du produit par un enfant qui avait pr\u00e9c\u00e9demment utilis\u00e9 le Produit, ayant \u00e9t\u00e9 impliqu\u00e9 dans l\u2019incident, est raisonnable compte tenu de l\u2019\u00e2ge, de la taille et du poids de l\u2019enfant;<\/li>\n\n\n\n<li>Le participant a demand\u00e9 \u00e0 participer au programme dans les 30 jours suivant l\u2019incident, en envoyant un formulaire de demande d\u00fbment rempli, disponible sur le site Internet de la Commission europ\u00e9enne www.kiddy.com;<\/li>\n\n\n\n<li>do formularza zg\u0142oszeniowego Uczestnik do\u0142\u0105czy\u0142 nast\u0119puj\u0105ce dokumenty:\n<ul class=\"wp-block-list\">\n<li>une preuve d\u2019achat du produit (ticket de caisse\/facture)<br><br>et l\u2019un des \u00e9l\u00e9ments suivants:<br><\/li>\n\n\n\n<li>la documentation photographique sur le site de l\u2019incident (y compris l\u2019apparence du produit et les dommages aux v\u00e9hicules) dans lequel le participant a \u00e9t\u00e9 impliqu\u00e9;<\/li>\n\n\n\n<li>une copie du rapport de police sur l\u2019incident, dans lequel le produit du participant a \u00e9t\u00e9 impliqu\u00e9 dans l\u2019incident, qui inclut une note sur la pr\u00e9sence d\u2019un produit correctement install\u00e9 dans la voiture et une copie du rapport de dommages au v\u00e9hicule \u00e0 moteur \u00e0 l\u2019assureur qui inclut une note que la voiture du participant avait \u00e9t\u00e9 \u00e9quip\u00e9e d&#8217;un produit correctement install\u00e9;<\/li>\n\n\n\n<li>Une copie de la d\u00e9claration de perte de communication \u00e0 l\u2019assureur contenant une note indiquant que le produit avait \u00e9t\u00e9 correctement install\u00e9 dans la voiture du participant;<\/li>\n<\/ul>\n<\/li>\n\n\n\n<li>Uczestnik dobrowolnie poda dane, o kt\u00f3rych mowa w pkt 4.6. Regulaminu, niezb\u0119dne dla wystawienia deklaracji podatkowej PIT-8C .<\/li>\n<\/ol>\n<\/li>\n\n\n\n<li>Si la documentation ou les documents (en particulier les documents vis\u00e9 \u00e0 la section 2.3. sous-section 4), lettres de b) \u00e0 d) ci-dessus) contiennent des donn\u00e9es \u00e0 caract\u00e8re personnel inutiles de tiers, ils doivent \u00eatre rendus anonymes par le participant (par exemple en recouvrant les donn\u00e9es\/images des autres participants \u00e0 l\u2019\u00e9v\u00e9nement).<\/li>\n\n\n\n<li>Les informations suivantes doivent \u00eatre fournies sur le formulaire:\n<ul class=\"wp-block-list\">\n<li>le pr\u00e9nom et le nom du participant;<\/li>\n\n\n\n<li>l\u2019adresse \u00e9lectronique;<\/li>\n\n\n\n<li>un num\u00e9ro de t\u00e9l\u00e9phone n\u00e9cessaire pour les services de collecte du produit endommag\u00e9 et de livraison d\u2019un nouveau produit;<\/li>\n\n\n\n<li>l\u2019adresse \u00e0 laquelle le nouveau produit doit \u00eatre envoy\u00e9;<\/li>\n\n\n\n<li>le mod\u00e8le du produit impliqu\u00e9 dans l\u2019incident;<\/li>\n\n\n\n<li>le num\u00e9ro de s\u00e9rie du produit (s\u2019il est lisible);<\/li>\n\n\n\n<li>la date d\u2019achat du produit;<\/li>\n\n\n\n<li>la date et lieu de l\u2019incident;<\/li>\n<\/ul>\n<\/li>\n\n\n\n<li>Le participant peut participer au programme plus d\u2019une fois, sous r\u00e9serve que les conditions sp\u00e9cifi\u00e9es dans le r\u00e8glement soient remplies.<\/li>\n\n\n\n<li>Un m\u00eame incident ne peut \u00eatre \u00e0 l\u2019origine de plusieurs demandes de participation au programme.<\/li>\n<\/ol>\n<\/li>\n\n\n\n<li><strong>Traitement de la demande<\/strong>\n<ol class=\"wp-block-list\">\n<li>Apr\u00e8s avoir re\u00e7u le formulaire de demande et l\u2019ensemble complet des documents requis, l\u2019organisateur traitera la demande en d\u00e9tail et sans d\u00e9lai.<\/li>\n\n\n\n<li>L\u2019organisateur traitera la demande dans un d\u00e9lai de 7 jours ouvrables \u00e0 compter de la date de livraison du message \u00e9lectronique.<\/li>\n\n\n\n<li>Le participant sera rapidement inform\u00e9 de la d\u00e9cision de l\u2019organisateur par un courrier \u00e9lectronique envoy\u00e9 \u00e0 l\u2019adresse fournie par le participant.<\/li>\n\n\n\n<li>L\u2019organisateur a le droit de demander au participant de compl\u00e9ter les documents n\u00e9cessaires en cas de demande incompl\u00e8te. Dans ce cas, le d\u00e9lai d\u2019examen de la demande recommence \u00e0 courir \u00e0 partir de la date de r\u00e9ception d\u2019une demande compl\u00e8te par l\u2019organisateur.<\/li>\n\n\n\n<li>Si la demande est accept\u00e9e, le participant recevra des instructions sur la mani\u00e8re de renvoyer le produit endommag\u00e9 et sur la date \u00e0 laquelle il sera remplac\u00e9.<\/li>\n\n\n\n<li>La d\u00e9cision de l\u2019organisateur sera bas\u00e9e sur l\u2019analyse de la demande soumise.<\/li>\n\n\n\n<li>En cas de r\u00e9ception d\u2019une demande incompl\u00e8te (nonobstant la demande pr\u00e9alable vis\u00e9e \u00e0 la clause 3.3. ci-dessus), l\u2019organisateur se r\u00e9serve le droit de ne pas examiner la demande.<\/li>\n<\/ol>\n<\/li>\n\n\n\n<li><strong>Remplacement du produit<\/strong>\n<ol class=\"wp-block-list\">\n<li>Pour que le produit soit remplac\u00e9 par un nouveau, le produit ayant \u00e9t\u00e9 impliqu\u00e9 dans l\u2019incident doit \u00eatre retourn\u00e9 \u00e0 l\u2019organisateur.<\/li>\n\n\n\n<li>Si la demande est accept\u00e9e, l\u2019organisateur fera enlever le Produit endommag\u00e9 \u00e0 l&#8217;adresse indiqu\u00e9e par un service de porte \u00e0 porte. Dans ce cas, le participant ne supporte aucun frais de transport.<\/li>\n\n\n\n<li>Toutefois, en cas de refus d\u2019utiliser le service porte-\u00e0-porte susmentionn\u00e9 et si le produit endommag\u00e9 est exp\u00e9di\u00e9 aux frais du participant sans l\u2019intervention de l\u2019organisateur, ce dernier n\u2019est pas tenu de rembourser les frais de transport.<\/li>\n\n\n\n<li>L\u2019organisateur se d\u00e9barrassera du produit impliqu\u00e9 dans l\u2019incident ou la collision routi\u00e8re, conform\u00e9ment \u00e0 la r\u00e9glementation en vigueur.<\/li>\n\n\n\n<li>Le produit qui a \u00e9t\u00e9 impliqu\u00e9 dans l\u2019incident sera remplac\u00e9 par le m\u00eame mod\u00e8le, dans la couleur al\u00e9atoire disponible dans les locaux de l\u2019organisateur.<\/li>\n\n\n\n<li>Si le mod\u00e8le donn\u00e9 n\u2019est plus disponible dans la gamme de produits, l\u2019organisateur a le droit de remplacer le produit endommag\u00e9 par un mod\u00e8le qui correspond le mieux aux param\u00e8tres originaux du produit endommag\u00e9, ainsi qu\u2019\u00e0 l\u2019\u00e2ge, au poids et \u00e0 la taille de l\u2019enfant.<\/li>\n\n\n\n<li>Le participant n\u2019a pas le droit de recevoir l\u2019\u00e9quivalent financier de la valeur du produit, c\u2019est-\u00e0-dire des esp\u00e8ces ou des r\u00e9ductions sur d\u2019autres produits.<\/li>\n\n\n\n<li>Le participant a toujours le droit de refuser le remplacement du produit, ce qui \u00e9quivaut \u00e0 un retrait de la participation au programme. Dans ce cas, le participant ne re\u00e7oit pas d\u2019indemnit\u00e9.<\/li>\n<\/ol>\n<\/li>\n\n\n\n<li><strong>Plaintes<\/strong>\n<ol class=\"wp-block-list\">\n<li>Toutes les plaintes concernant le fonctionnement du programme doivent \u00eatre soumises sous forme \u00e9lectronique \u00e0 l\u2019adresse e-mail&nbsp;: soutien@kiddy.com intitul\u00e9e \u00ab&nbsp;Safe Car Seat Complaint&nbsp;\u00bb, ou par \u00e9crit \u00e0 l\u2019adresse suivante&nbsp;: 4kraft sp. z o.o., ul. Tatrza\u0144ska 1\/5, 60-413 Pozna\u0144, Pologne. En cas de questions ou de doutes, veuillez nous contacter \u00e0 l\u2019adresse e-mail&nbsp;: soutien@kiddy.com.<strong><\/strong><\/li>\n\n\n\n<li>La plainte doit inclure le nom, le nom de famille et l\u2019adresse \u00e9lectronique, afin que l\u2019organisateur puisse vous r\u00e9pondre, ainsi qu\u2019une description exacte de la violation et\/ou de l\u2019irr\u00e9gularit\u00e9 qui fait l\u2019objet de la plainte.<\/li>\n\n\n\n<li>Les plaintes sont examin\u00e9es par l\u2019organisateur dans les 14 jours ouvrables suivant leur r\u00e9ception. La d\u00e9cision est notifi\u00e9e \u00e0 l\u2019auteur de la plainte sous la m\u00eame forme que celle dans laquelle la plainte a \u00e9t\u00e9 d\u00e9pos\u00e9e.<\/li>\n\n\n\n<li>La d\u00e9cision de l\u2019organisateur est d\u00e9finitive. Il n\u2019existe pas de proc\u00e9dure d\u2019appel interne.<\/li>\n\n\n\n<li>Apr\u00e8s l\u2019\u00e9puisement de la proc\u00e9dure de r\u00e9clamation, le participant a le droit de faire valoir ses revendications infructueuses par voie judiciaire devant le tribunal comp\u00e9tent.<\/li>\n<\/ol>\n<\/li>\n\n\n\n<li><strong>Donn\u00e9es \u00e0 caract\u00e8re personnel<\/strong>\n<ol class=\"wp-block-list\">\n<li>L\u2019organisateur est le responsable du traitement des donn\u00e9es \u00e0 caract\u00e8re personnel fournies par les participants.<\/li>\n\n\n\n<li>Les donn\u00e9es \u00e0 caract\u00e8re personnel confi\u00e9es sont trait\u00e9es par l\u2019organisateur en vertu de l\u2019art. 6 section 1(f) du r\u00e8glement g\u00e9n\u00e9ral sur la protection des donn\u00e9es du 27 avril 2016, (ci-apr\u00e8s&nbsp;: <strong>\u00ab&nbsp;RGPD&nbsp;\u00bb<\/strong>) afin de&nbsp;:\n<ul class=\"wp-block-list\">\n<li>traiter la demande et envoyer une r\u00e9ponse \u00e0 la demande;<\/li>\n\n\n\n<li>fournir un service complet, y compris la r\u00e9solution de probl\u00e8mes techniques et organisationnels;<\/li>\n\n\n\n<li>exp\u00e9dier un nouveau produit;<\/li>\n\n\n\n<li>se d\u00e9fendre contre d\u2019\u00e9ventuelles r\u00e9clamations;<\/li>\n\n\n\n<li>effectuer des recherches et des analyses pour am\u00e9liorer la performance des services disponibles et du service \u00e0 la client\u00e8le;<\/li>\n\n\n\n<li>les utiliser \u00e0 des fins statistiques.<\/li>\n<\/ul>\n<\/li>\n\n\n\n<li>Les donn\u00e9es \u00e0 caract\u00e8re personnel des participants sont trait\u00e9es jusqu\u2019\u00e0 la r\u00e9ponse \u00e0 la demande et jusqu\u2019\u00e0 la fin du processus d\u2019examen de la demande. Apr\u00e8s l\u2019envoi d\u2019une r\u00e9ponse \u00e0 la r\u00e9clamation, nous pouvons conserver les donn\u00e9es pendant une dur\u00e9e maximale correspondant au d\u00e9lai de prescription des droits qui pourraient \u00eatre invoqu\u00e9s \u00e0 notre encontre, et que nous serions en droit d\u2019invoquer \u00e0 l\u2019encontre du participant, ou jusqu\u2019\u00e0 l\u2019expiration de l\u2019obligation l\u00e9gale de conserver les donn\u00e9es, notamment l\u2019obligation de conserver les documents comptables rendue n\u00e9cessaire par les dispositions de la loi. Les donn\u00e9es \u00e0 caract\u00e8re personnel trait\u00e9es sur la base du consentement sont trait\u00e9es par l\u2019organisateur jusqu\u2019\u00e0 ce que le consentement soit r\u00e9voqu\u00e9.<\/li>\n\n\n\n<li>La fourniture de donn\u00e9es \u00e0 caract\u00e8re personnel sur le formulaire de candidature au programme est volontaire, sous r\u00e9serve que le d\u00e9faut de fourniture de ces donn\u00e9es emp\u00eache l\u2019organisateur de traiter la candidature.<\/li>\n\n\n\n<li>Une clause informative est mise \u00e0 la disposition de chaque participant au cours de la proc\u00e9dure de demande de participation au programme. Le participant reconna\u00eet avoir pris connaissance de la clause ci-dessus.<\/li>\n<\/ol>\n<\/li>\n\n\n\n<li><strong>Dispositions finales<\/strong>\n<ol class=\"wp-block-list\">\n<li>Pour les questions non pr\u00e9vues par le pr\u00e9sent r\u00e8glement, les dispositions pertinentes du droit polonais s\u2019appliquent, sans pr\u00e9judice des dispositions obligatoires du droit national du participant, le cas \u00e9ch\u00e9ant.<\/li>\n\n\n\n<li>L\u2019organisateur se r\u00e9serve le droit de modifier les r\u00e8gles du programme, y compris le contenu du r\u00e8glement, pendant sa dur\u00e9e, et d\u2019interrompre le programme \u00e0 tout moment, pour quelque raison que ce soit, sans pr\u00e9judice des droits acquis par les participants. L\u2019organisateur est tenu d\u2019informer les participants de toute modification du r\u00e8glement 14 jours \u00e0 l\u2019avance, par le biais d\u2019une annonce accessible sur le site Internet www.kiddy.com.<\/li>\n\n\n\n<li>Le participant a le droit de se retirer du programme \u00e0 tout moment, en soumettant une d\u00e9claration appropri\u00e9e envoy\u00e9e \u00e0 l\u2019adresse \u00e9lectronique suivante&nbsp;: soutien@kiddy.com, ou \u00e0 l\u2019adresse postale suivante&nbsp;: 4Kraft sp. z o.o., ul. Tatrza\u0144ska 1\/5, 60-413 Pozna\u0144.<\/li>\n\n\n\n<li>Le texte consolid\u00e9 actuel du r\u00e8glement entre en vigueur le 24\/01\/2023<\/li>\n<\/ol>\n<\/li>\n<\/ol>\n","protected":false},"excerpt":{"rendered":"","protected":false},"author":5,"featured_media":0,"parent":0,"menu_order":0,"comment_status":"closed","ping_status":"closed","template":"pages\/description.php","meta":{"_acf_changed":false,"footnotes":""},"class_list":["post-4053","page","type-page","status-publish","hentry"],"acf":[],"yoast_head":"<!-- This site is optimized with the Yoast SEO plugin v27.3 - https:\/\/yoast.com\/product\/yoast-seo-wordpress\/ -->\n<title>R\u00e8glement du programme Safe Car Seat - Kiddy<\/title>\n<meta name=\"robots\" content=\"index, follow, max-snippet:-1, max-image-preview:large, max-video-preview:-1\" \/>\n<link rel=\"canonical\" href=\"https:\/\/kiddy.com\/fr\/reglement-du-programme-safe-car-seat\/\" \/>\n<meta property=\"og:locale\" content=\"fr_FR\" \/>\n<meta property=\"og:type\" content=\"article\" \/>\n<meta property=\"og:title\" content=\"R\u00e8glement du programme Safe Car Seat - Kiddy\" \/>\n<meta property=\"og:url\" content=\"https:\/\/kiddy.com\/fr\/reglement-du-programme-safe-car-seat\/\" \/>\n<meta property=\"og:site_name\" content=\"Kiddy\" \/>\n<meta property=\"article:publisher\" content=\"https:\/\/www.facebook.com\/kiddypolska\/\" \/>\n<meta property=\"article:modified_time\" content=\"2023-01-26T15:03:11+00:00\" \/>\n<meta property=\"og:image\" content=\"https:\/\/kiddy.com\/app\/uploads\/2022\/09\/Logo-Kiddy-Engineered-with-love.jpg\" \/>\n\t<meta property=\"og:image:width\" content=\"841\" \/>\n\t<meta property=\"og:image:height\" content=\"595\" \/>\n\t<meta property=\"og:image:type\" content=\"image\/jpeg\" \/>\n<meta name=\"twitter:card\" content=\"summary_large_image\" \/>\n<meta name=\"twitter:label1\" content=\"Est. reading time\" \/>\n\t<meta name=\"twitter:data1\" content=\"9 minutes\" \/>\n<!-- \/ Yoast SEO plugin. -->","yoast_head_json":{"title":"R\u00e8glement du programme Safe Car Seat - Kiddy","robots":{"index":"index","follow":"follow","max-snippet":"max-snippet:-1","max-image-preview":"max-image-preview:large","max-video-preview":"max-video-preview:-1"},"canonical":"https:\/\/kiddy.com\/fr\/reglement-du-programme-safe-car-seat\/","og_locale":"fr_FR","og_type":"article","og_title":"R\u00e8glement du programme Safe Car Seat - Kiddy","og_url":"https:\/\/kiddy.com\/fr\/reglement-du-programme-safe-car-seat\/","og_site_name":"Kiddy","article_publisher":"https:\/\/www.facebook.com\/kiddypolska\/","article_modified_time":"2023-01-26T15:03:11+00:00","og_image":[{"width":841,"height":595,"url":"https:\/\/kiddy.com\/app\/uploads\/2022\/09\/Logo-Kiddy-Engineered-with-love.jpg","type":"image\/jpeg"}],"twitter_card":"summary_large_image","twitter_misc":{"Est. reading time":"9 minutes"},"schema":{"@context":"https:\/\/schema.org","@graph":[{"@type":"WebPage","@id":"https:\/\/kiddy.com\/fr\/reglement-du-programme-safe-car-seat\/","url":"https:\/\/kiddy.com\/fr\/reglement-du-programme-safe-car-seat\/","name":"R\u00e8glement du programme Safe Car Seat - Kiddy","isPartOf":{"@id":"https:\/\/kiddy.com\/#website"},"datePublished":"2022-09-12T12:48:40+00:00","dateModified":"2023-01-26T15:03:11+00:00","breadcrumb":{"@id":"https:\/\/kiddy.com\/fr\/reglement-du-programme-safe-car-seat\/#breadcrumb"},"inLanguage":"fr-FR","potentialAction":[{"@type":"ReadAction","target":["https:\/\/kiddy.com\/fr\/reglement-du-programme-safe-car-seat\/"]}]},{"@type":"BreadcrumbList","@id":"https:\/\/kiddy.com\/fr\/reglement-du-programme-safe-car-seat\/#breadcrumb","itemListElement":[{"@type":"ListItem","position":1,"name":"Strona g\u0142\u00f3wna","item":"https:\/\/kiddy.com\/fr\/"},{"@type":"ListItem","position":2,"name":"R\u00e8glement du programme Safe Car Seat"}]},{"@type":"WebSite","@id":"https:\/\/kiddy.com\/#website","url":"https:\/\/kiddy.com\/","name":"Kiddy","description":"Kiddy","publisher":{"@id":"https:\/\/kiddy.com\/#organization"},"potentialAction":[{"@type":"SearchAction","target":{"@type":"EntryPoint","urlTemplate":"https:\/\/kiddy.com\/?s={search_term_string}"},"query-input":{"@type":"PropertyValueSpecification","valueRequired":true,"valueName":"search_term_string"}}],"inLanguage":"fr-FR"},{"@type":"Organization","@id":"https:\/\/kiddy.com\/#organization","name":"Kiddy","url":"https:\/\/kiddy.com\/","logo":{"@type":"ImageObject","inLanguage":"fr-FR","@id":"https:\/\/kiddy.com\/#\/schema\/logo\/image\/","url":"https:\/\/kiddy.com\/app\/uploads\/2022\/09\/Logo-Kiddy-Engineered-with-love.jpg","contentUrl":"https:\/\/kiddy.com\/app\/uploads\/2022\/09\/Logo-Kiddy-Engineered-with-love.jpg","width":841,"height":595,"caption":"Kiddy"},"image":{"@id":"https:\/\/kiddy.com\/#\/schema\/logo\/image\/"},"sameAs":["https:\/\/www.facebook.com\/kiddypolska\/","https:\/\/www.instagram.com\/kiddy_global\/","https:\/\/www.youtube.com\/channel\/UC1RBJ6VMaCFUrU0BoLF5nvA"]}]}},"_links":{"self":[{"href":"https:\/\/kiddy.com\/fr\/wp-json\/wp\/v2\/pages\/4053","targetHints":{"allow":["GET"]}}],"collection":[{"href":"https:\/\/kiddy.com\/fr\/wp-json\/wp\/v2\/pages"}],"about":[{"href":"https:\/\/kiddy.com\/fr\/wp-json\/wp\/v2\/types\/page"}],"author":[{"embeddable":true,"href":"https:\/\/kiddy.com\/fr\/wp-json\/wp\/v2\/users\/5"}],"replies":[{"embeddable":true,"href":"https:\/\/kiddy.com\/fr\/wp-json\/wp\/v2\/comments?post=4053"}],"version-history":[{"count":3,"href":"https:\/\/kiddy.com\/fr\/wp-json\/wp\/v2\/pages\/4053\/revisions"}],"predecessor-version":[{"id":4141,"href":"https:\/\/kiddy.com\/fr\/wp-json\/wp\/v2\/pages\/4053\/revisions\/4141"}],"wp:attachment":[{"href":"https:\/\/kiddy.com\/fr\/wp-json\/wp\/v2\/media?parent=4053"}],"curies":[{"name":"wp","href":"https:\/\/api.w.org\/{rel}","templated":true}]}}