{"id":3869,"date":"2022-06-30T15:57:35","date_gmt":"2022-06-30T13:57:35","guid":{"rendered":"https:\/\/kiddy.com\/?page_id=3869"},"modified":"2023-02-08T15:43:19","modified_gmt":"2023-02-08T14:43:19","slug":"siege-auto-securitaire","status":"publish","type":"page","link":"https:\/\/kiddy.com\/fr\/siege-auto-securitaire\/","title":{"rendered":"Safe Care Seat"},"content":{"rendered":"\t\t\t\t\t\t\t<section id=\"\" class=\"hero-image acf-block acf-block-id-block_c2d3b38ed6913f27d19c9647361668dc  acf-block--mb\">\n\t\t<picture class=\"hero-image__picture\">\n\t\t\t<source srcset=\"https:\/\/kiddy.com\/app\/uploads\/2022\/07\/Dziewczynka-siedzaca-w-foteliku-CRUISERFIX3-mobile.webp\" type=\"image\/webp\" media=\"(max-width: 768px)\">\n\t\t\t<source srcset=\"https:\/\/kiddy.com\/app\/uploads\/2022\/07\/Dziewczynka-siedzaca-w-foteliku-CRUISERFIX3-mobile.jpg\" type=\"image\/jpeg\" media=\"(max-width: 768px)\">\n\t\t\t<source srcset=\"https:\/\/kiddy.com\/app\/uploads\/2022\/07\/Dziewczynka-siedzaca-w-foteliku-CRUISERFIX3-scaled.webp\" type=\"image\/webp\" media=\"(min-width: 768px)\">\n\t\t\t<source srcset=\"https:\/\/kiddy.com\/app\/uploads\/2022\/07\/Dziewczynka-siedzaca-w-foteliku-CRUISERFIX3-scaled.jpg\" type=\"image\/jpeg\" media=\"(min-width: 768px)\">\n\t\t\t<img decoding=\"async\" class=\"hero-image__img\" src=\"https:\/\/kiddy.com\/app\/uploads\/2022\/07\/Dziewczynka-siedzaca-w-foteliku-CRUISERFIX3-scaled.jpg\" alt=\"\">\n\t\t<\/picture>\n\n\t<\/section>\n\n\n\n<section id=\"bezpieczny-fotelik\" class=\"simple-description acf-block acf-block-id-block_05d886efe8d585bfdec988b67007c72a  acf-block--mb acf-block--mt\">\n\t<div class=\"container\">\n\t\t<div class=\"row\">\n\t\t\t<div class=\"col-12 col-lg-8 offset-lg-2\">\n\t\t\t\t\t\t\t\t\t<h2 class=\"simple-description__title\">\u00c0 propos du programme SAFE CAR SEAT<\/h2>\n\t\t\t\t\t\t\t\t\t\t\t\t\t<div class=\"simple-description__content\">\n\t\t\t\t\t\tLa s\u00e9curit\u00e9 de nos plus jeunes utilisateurs est notre priorit\u00e9 absolue, c&#8217;est pourquoi Kiddy garantit la participation gratuite au programme SAFE CAR SEAT, qui vous donne la possibilit\u00e9 d&#8217;\u00e9changer votre si\u00e8ge auto contre un nouveau. <br \/>\r\n<br \/>\r\nDes recherches bas\u00e9es sur une analyse minutieuse des diff\u00e9rents composants ont prouv\u00e9 que les si\u00e8ges auto install\u00e9s dans les voitures impliqu\u00e9es dans un accident ou une collision routi\u00e8re subissent des micro-dommages, ce qui rend impossible toute utilisation ult\u00e9rieure en toute s\u00e9curit\u00e9. Nous ne sommes pas indiff\u00e9rents \u00e0 ce fait. <br \/>\r\n<br \/>\r\nEn choisissant nos si\u00e8ges auto, en les achetant, vous adh\u00e9rez au programme et \u00eates assur\u00e9 que votre enfant sera toujours en s\u00e9curit\u00e9. \n\t\t\t\t\t<\/div>\n\t\t\t\t\n\t\t\t<\/div>\n\t\t<\/div>\n\t<\/div>\n\n\n<\/section>\n\n\n\n<section id=\"\" class=\"steps acf-block acf-block-id-block_bb95bcd19a82dd3a1346f864e9fdf308  acf-block--mb acf-block--mt\">\n\n\t\t\t\t\t<div class=\"container\">\n\n\t\t<div class=\"row\">\n\t\t\t<div class=\"col-12 col-lg-10 offset-lg-1\">\n\n\t\t\t\t\t\t\t\t\t\t\t\t\t\t\t<h2 class=\"steps__title\">Comment remplacer un si\u00e8ge auto accident\u00e9?<\/h2>\n\t\t\t\t\t\t\t\t\t\n\t\t\t\t\n\t\t\t\t<div class=\"steps__items\">\n\t\t\t\t\t\t\t\t\t\t\t<div class=\"steps__item steps__item--33\">\n\t\t\t\t\t\t\t<span class=\"steps__item__index\">01<\/span>\n\t\t\t\t\t\t\t<div class=\"steps__item__content\">\n\t\t\t\t\t\t\t\t<h3 class=\"steps__item__title\">Pr\u00e9parez les documents<\/h3>\n\t\t\t\t\t\t\t\t<p class=\"steps__item__description\">Vous aurez besoin: de votre preuve d&#8217;achat, du proc\u00e8s verbal de police, d&#8217;une d\u00e9claration du sinistre aupr\u00e8s de votre compagnie d&#8217;assurance et des photos prises sur le lieu de l&#8217;accident.<\/p>\n\t\t\t\t\t\t\t<\/div>\n\t\t\t\t\t\t<\/div>\n\t\t\t\t\t\t\t\t\t\t\t<div class=\"steps__item steps__item--33\">\n\t\t\t\t\t\t\t<span class=\"steps__item__index\">02<\/span>\n\t\t\t\t\t\t\t<div class=\"steps__item__content\">\n\t\t\t\t\t\t\t\t<h3 class=\"steps__item__title\">Remplissez le formulaire<\/h3>\n\t\t\t\t\t\t\t\t<p class=\"steps__item__description\">Il suffit de remplir vos coordonn\u00e9es, des informations sur la collision et sur le si\u00e8ge impliqu\u00e9.<\/p>\n\t\t\t\t\t\t\t<\/div>\n\t\t\t\t\t\t<\/div>\n\t\t\t\t\t\t\t\t\t\t\t<div class=\"steps__item steps__item--33\">\n\t\t\t\t\t\t\t<span class=\"steps__item__index\">03<\/span>\n\t\t\t\t\t\t\t<div class=\"steps__item__content\">\n\t\t\t\t\t\t\t\t<h3 class=\"steps__item__title\">Attendez le transporteur<\/h3>\n\t\t\t\t\t\t\t\t<p class=\"steps__item__description\">Vous ne payez pas pour les frais de port du si\u00e8ge auto. Une fois que votre demande aura \u00e9t\u00e9 analys\u00e9e et approuv\u00e9e, nous vous enverrons une \u00e9tiquette \u00e0 placer sur le colis avant l&#8217;arriv\u00e9e du transporteur <\/p>\n\t\t\t\t\t\t\t<\/div>\n\t\t\t\t\t\t<\/div>\n\t\t\t\t\t\t\t\t\t<\/div>\n\n\t\t\t\t<div class=\"steps__buttons\">\n\t\t\t\t\t\t\t\t\t\t\t<a class=\"button button--bordered steps__button\" href=\"https:\/\/kiddy.com\/fr\/reglement-du-programme-safe-car-seat\/\" target=\"_blank\">Modalit\u00e9s et conditions <\/a>\n\t\t\t\t\t\t\t\t\t\t\t\t\t\t\t\t<a class=\"button button--black button--arrow steps__button button--long\" href=\"#formularz\" target=\"\">\u00c9changez votre si\u00e8ge auto contre un nouveau<\/a>\n\t\t\t\t\t\t\t\t\t<\/div>\n\t\t\t<\/div>\n\t\t<\/div>\n\t<\/div>\n\n\n\n<\/section>\n\n\n\n<section id=\"\" class=\"faq acf-block acf-block-id-block_644872b6adf935201c6322d605f73b20  acf-block--mb acf-block--mt\">\n\n\t<div class=\"container\">\n\t\t<div class=\"row\">\n\t\t\t<div class=\"col-12 col-md-10 offset-md-1 col-lg-8 offset-lg-2\">\n\n\t\t\t\t\t\t\t\t\t<h2 class=\"faq__title\">Questions fr\u00e9quemment pos\u00e9es<\/h2>\n\t\t\t\t\n\t\t\t\t\t\t\t\t<div class=\"faq__items\" itemscope itemtype=\"https:\/\/schema.org\/FAQPage\" data-accordion-group>\n\t\t\t\t\t\t\t\t\t\t\t<div class=\"faq__item\" itemscope itemprop=\"mainEntity\" itemtype=\"https:\/\/schema.org\/Question\" data-accordion>\n\t\t\t\t\t\t\t<button class=\"faq__item__header\" itemprop=\"name\" data-accordion-header>Que dois-je faire pour b\u00e9n\u00e9ficier du programme &#8220;Si\u00e8ge auto s\u00e9curitaire&#8221;?<\/button>\n\t\t\t\t\t\t\t<div class=\"faq__item__body\" itemscope itemprop=\"acceptedAnswer\" itemtype=\"https:\/\/schema.org\/Answer\" data-accordion-body>\n\t\t\t\t\t\t\t\t<div itemprop=\"text\">\n\t\t\t\t\t\t\t\t\tDans les 30 jours suivant l&#8217;accident ou la collision, remplissez le formulaire disponible sur notre site web sous l&#8217;onglet &#8220;Si\u00e8ge auto s\u00e9curitaire&#8221;. Une fois que votre demande aura \u00e9t\u00e9 trait\u00e9e, vous recevrez un num\u00e9ro de demande et des instructions suppl\u00e9mentaires sur le remplacement de votre si\u00e8ge-auto. Nous vous indiquerons \u00e9galement la date \u00e0 laquelle le transporteur viendra r\u00e9cup\u00e9rer votre colis.\n\t\t\t\t\t\t\t\t<\/div>\n\t\t\t\t\t\t\t<\/div>\n\t\t\t\t\t\t<\/div>\n\t\t\t\t\t\t\t\t\t\t\t<div class=\"faq__item\" itemscope itemprop=\"mainEntity\" itemtype=\"https:\/\/schema.org\/Question\" data-accordion>\n\t\t\t\t\t\t\t<button class=\"faq__item__header\" itemprop=\"name\" data-accordion-header>De quels documents ai-je besoin pour participer au programme &#8220;Si\u00e8ge auto s\u00e9curitaire&#8221; ?<\/button>\n\t\t\t\t\t\t\t<div class=\"faq__item__body\" itemscope itemprop=\"acceptedAnswer\" itemtype=\"https:\/\/schema.org\/Answer\" data-accordion-body>\n\t\t\t\t\t\t\t\t<div itemprop=\"text\">\n\t\t\t\t\t\t\t\t\t<br \/>\r\nPour vous inscrire au programme, vous devez joindre au formulaire la preuve d&#8217;achat et l&#8217;un des documents suivants:<br \/>\r\n&#8211; une copie du proc\u00e8s verbal de police relatif \u00e0 l&#8217;accident routier dans lequel vous avez \u00e9t\u00e9 impliqu\u00e9, mentionnant la pr\u00e9sence d&#8217;un si\u00e8ge-auto correctement install\u00e9,<br \/>\r\n&#8211; une copie de la d\u00e9claration du sinistre aupr\u00e8s de votre compagnie d&#8217;assurance concernant l&#8217;incident routier dans lequel vous avez \u00e9t\u00e9 impliqu\u00e9, mentionnant la pr\u00e9sence d&#8217;un si\u00e8ge-auto correctement install\u00e9,<br \/>\r\n&#8211; des photos du lieu de l&#8217;accident ou de la collision dans lequel vous avez \u00e9t\u00e9 impliqu\u00e9 (montrant l&#8217;aspect du si\u00e8ge-auto et les dommages caus\u00e9s au v\u00e9hicule).\n\t\t\t\t\t\t\t\t<\/div>\n\t\t\t\t\t\t\t<\/div>\n\t\t\t\t\t\t<\/div>\n\t\t\t\t\t\t\t\t\t<\/div>\n\t\t\t\t\n\t\t\t<\/div>\n\t\t<\/div>\n\t<\/div>\n\n<\/section>\n\n\n\n<section id=\"formularz\" class=\"report-form acf-block acf-block-id-block_d33177ad2158350064f9af58c7d3ed01  acf-block--mb acf-block--mt\">\n\n\t<div class=\"container\">\n\n\t\t<div class=\"row\">\n\t\t\t<div class=\"col-12 col-xl-7 col-xxl-6 offset-xxl-1\">\n\t\t\t\t<h2 class=\"report-form__title\">Formulaire de demande <\/h2>\n\t\t\t\t<div class=\"report-form__box report-form__box--mobile\">\n\t\t\t\t\t<picture class=\"report-form__box__logo\">\n\t\t\t<source srcset=\"https:\/\/kiddy.com\/app\/uploads\/2023\/01\/Safe-Car-Seat-Logo.webp\">\n\t\t\t<img decoding=\"async\" src=\"https:\/\/kiddy.com\/app\/uploads\/2023\/01\/Safe-Car-Seat-Logo.png\" alt=\"\">\n\t\t<\/picture>\n\t\t\t\t<p class=\"report-form__box__description\">Vous avez des questions ou besoin d&#8217;assistance pour remplir le formulaire? Contactez-nous par t\u00e9l\u00e9phone ou par e-mail :<\/p>\n\t\t\t\t<a href=\"mailto:soutien@kiddy.com\" class=\"report-form__box__contact report-form__box__contact--email\">soutien@kiddy.com<\/a>\n\t\t\t\t<\/div>\n\n\n\t\t\t\t<div class=\"row\">\n\t\t\t\t\t<div class=\"col-12 col-xxl-10\">\n\t\t\t\t\t\t<p>Il est n\u00e9cessaire de remplir les champs marqu\u00e9s par un ast\u00e9risque (*) afin de demander \u00e0 participer au programme de remplacement du si\u00e8ge-auto &#8220;Si\u00e8ge auto s\u00e9curitaire<\/p>\n\n\n\t\t\t\t\t\t\t\t\t\t\t\t<div class=\"report-form__container\" data-reportFormBlockId=\"block_d33177ad2158350064f9af58c7d3ed01\"\n\t\t\t\t\t\t\t data-reportFormPostId=\"3869\"\n\t\t\t\t\t\t\t data-reportFormTranslations='https:\/\/kiddy.com\/fr\/wp-json\/bk_google_map\/v1\/get\/translations'\n\t\t\t\t\t\t\t data-reportFormContainer=\"https:\/\/kiddy.com\/fr\/wp-json\/bk_google_map\/v1\/send\/report\"\n\t\t\t\t\t\t\t data-reportFormLang=\"fr\"><\/div>\n\t\t\t\t\t<\/div>\n\t\t\t\t<\/div>\n\t\t\t<\/div>\n\t\t\t<div class=\"col-12 col-xl-5 col-xxl-4\">\n\t\t\t\t<div class=\"report-form__box report-form__box--desktop\">\n\t\t\t\t\t<picture class=\"report-form__box__logo\">\n\t\t\t<source srcset=\"https:\/\/kiddy.com\/app\/uploads\/2023\/01\/Safe-Car-Seat-Logo.webp\">\n\t\t\t<img decoding=\"async\" src=\"https:\/\/kiddy.com\/app\/uploads\/2023\/01\/Safe-Car-Seat-Logo.png\" alt=\"\">\n\t\t<\/picture>\n\t\t\t\t<p class=\"report-form__box__description\">Vous avez des questions ou besoin d&#8217;assistance pour remplir le formulaire? Contactez-nous par t\u00e9l\u00e9phone ou par e-mail :<\/p>\n\t\t\t\t<a href=\"mailto:soutien@kiddy.com\" class=\"report-form__box__contact report-form__box__contact--email\">soutien@kiddy.com<\/a>\n\t\t\t\t<\/div>\n\t\t\t<\/div>\n\t\t<\/div>\n\n\n\t<\/div>\n\n\n<\/section>\n\n\n\n<section id=\"\" class=\"contact-info acf-block acf-block-id-block_61af42d2b64c106fb4e3ccb62b2074a6  acf-block--mb acf-block--mt\">\n\n\t<div class=\"container\">\n\t\t<div class=\"row contact-info__row\">\n\t\t\t<div class=\"col-12 col-lg-5 order-1 order-lg-0\">\n\t\t\t\t<h4 class=\"contact-info__title\">Vous avez des questions ou besoin d&#8217;assistance pour remplir le formulaire? Contactez-nous par t\u00e9l\u00e9phone ou par e-mail:<\/h4>\n\n\t\t\t\t\t\t\t\t\t\t\t\t\t\t\t<div class=\"contact-info__group\">\n\t\t\t\t\t\t\t<a href=\"mailto:soutien@kiddy.com\" class=\"contact-info__group__link\">soutien@kiddy.com<\/a>\n\t\t\t\t\t\t\t\t\t\t\t\t\t\t<p class=\"contact-info__group__description\">Contact pour les clients individuels<\/p>\n\t\t\t\t\t\t\t\t\t\t\t\t\t<\/div>\n\t\t\t\t\t\t\t\t\t\n\t\t\t\t\t\t\t\t\t\t\t\t\t\t\t<div class=\"contact-info__group\">\n\t\t\t\t\t\t\t<a href=\"tel:\" class=\"contact-info__group__link\"><\/a>\n\t\t\t\t\t\t\t\t\t\t\t\t\t<\/div>\n\t\t\t\t\t\t\t\t\t\n\t\t\t\t\n\t\t\t<\/div>\n\t\t\t<div class=\"col-12 col-lg-6 offset-lg-1 order-0 order-lg-1\">\n\t\t\t\t\t\t\t\t\t\t\t\t\t\t<picture class=\"contact-info__picture\">\n\t\t\t\t\t\t<source srcset=\"https:\/\/kiddy.com\/app\/uploads\/2022\/07\/Kobieta-zapinajaca-pasy-dziecku-w-foteliku-Kiddy-CRUISERFIX3.webp\" type=\"image\/webp\">\n\t\t\t\t\t\t<img decoding=\"async\" class=\"contact-info__img\" src=\"https:\/\/kiddy.com\/app\/uploads\/2022\/07\/Kobieta-zapinajaca-pasy-dziecku-w-foteliku-Kiddy-CRUISERFIX3.jpg\" width=\"1632\" height=\"1224\" alt=\"\">\n\t\t\t\t\t<\/picture>\n\t\t\t\t\t\t\t<\/div>\n\t\t<\/div>\n\t<\/div>\n\n<\/section>\n\n","protected":false},"excerpt":{"rendered":"","protected":false},"author":5,"featured_media":0,"parent":0,"menu_order":0,"comment_status":"closed","ping_status":"closed","template":"","meta":{"_acf_changed":false,"footnotes":""},"class_list":["post-3869","page","type-page","status-publish","hentry"],"acf":[],"yoast_head":"<!-- This site is optimized with the Yoast SEO plugin v27.3 - https:\/\/yoast.com\/product\/yoast-seo-wordpress\/ -->\n<title>Safe Care Seat - Kiddy<\/title>\n<meta name=\"description\" content=\"Safe Seat Programme \u2606 Remplacement gratuit d&#039;un si\u00e8ge accident\u00e9 \u2606 Enregistrement gratuit \u2606 Collecte et livraison gratuites\" \/>\n<meta name=\"robots\" content=\"index, follow, max-snippet:-1, max-image-preview:large, max-video-preview:-1\" \/>\n<link rel=\"canonical\" href=\"https:\/\/kiddy.com\/fr\/siege-auto-securitaire\/\" \/>\n<meta property=\"og:locale\" content=\"fr_FR\" \/>\n<meta property=\"og:type\" content=\"article\" \/>\n<meta property=\"og:title\" content=\"Safe Care Seat - Kiddy\" \/>\n<meta property=\"og:description\" content=\"Safe Seat Programme \u2606 Remplacement gratuit d&#039;un si\u00e8ge accident\u00e9 \u2606 Enregistrement gratuit \u2606 Collecte et livraison gratuites\" \/>\n<meta property=\"og:url\" content=\"https:\/\/kiddy.com\/fr\/siege-auto-securitaire\/\" \/>\n<meta property=\"og:site_name\" content=\"Kiddy\" \/>\n<meta property=\"article:publisher\" content=\"https:\/\/www.facebook.com\/kiddypolska\/\" \/>\n<meta property=\"article:modified_time\" content=\"2023-02-08T14:43:19+00:00\" \/>\n<meta property=\"og:image\" content=\"https:\/\/kiddy.com\/app\/uploads\/2022\/09\/Logo-Kiddy-Engineered-with-love.jpg\" \/>\n\t<meta property=\"og:image:width\" content=\"841\" \/>\n\t<meta property=\"og:image:height\" content=\"595\" \/>\n\t<meta property=\"og:image:type\" content=\"image\/jpeg\" \/>\n<meta name=\"twitter:card\" content=\"summary_large_image\" \/>\n<!-- \/ Yoast SEO plugin. -->","yoast_head_json":{"title":"Safe Care Seat - Kiddy","description":"Safe Seat Programme \u2606 Remplacement gratuit d'un si\u00e8ge accident\u00e9 \u2606 Enregistrement gratuit \u2606 Collecte et livraison gratuites","robots":{"index":"index","follow":"follow","max-snippet":"max-snippet:-1","max-image-preview":"max-image-preview:large","max-video-preview":"max-video-preview:-1"},"canonical":"https:\/\/kiddy.com\/fr\/siege-auto-securitaire\/","og_locale":"fr_FR","og_type":"article","og_title":"Safe Care Seat - Kiddy","og_description":"Safe Seat Programme \u2606 Remplacement gratuit d'un si\u00e8ge accident\u00e9 \u2606 Enregistrement gratuit \u2606 Collecte et livraison gratuites","og_url":"https:\/\/kiddy.com\/fr\/siege-auto-securitaire\/","og_site_name":"Kiddy","article_publisher":"https:\/\/www.facebook.com\/kiddypolska\/","article_modified_time":"2023-02-08T14:43:19+00:00","og_image":[{"width":841,"height":595,"url":"https:\/\/kiddy.com\/app\/uploads\/2022\/09\/Logo-Kiddy-Engineered-with-love.jpg","type":"image\/jpeg"}],"twitter_card":"summary_large_image","schema":{"@context":"https:\/\/schema.org","@graph":[{"@type":"WebPage","@id":"https:\/\/kiddy.com\/fr\/siege-auto-securitaire\/","url":"https:\/\/kiddy.com\/fr\/siege-auto-securitaire\/","name":"Safe Care Seat - Kiddy","isPartOf":{"@id":"https:\/\/kiddy.com\/#website"},"datePublished":"2022-06-30T13:57:35+00:00","dateModified":"2023-02-08T14:43:19+00:00","description":"Safe Seat Programme \u2606 Remplacement gratuit d'un si\u00e8ge accident\u00e9 \u2606 Enregistrement gratuit \u2606 Collecte et livraison gratuites","breadcrumb":{"@id":"https:\/\/kiddy.com\/fr\/siege-auto-securitaire\/#breadcrumb"},"inLanguage":"fr-FR","potentialAction":[{"@type":"ReadAction","target":["https:\/\/kiddy.com\/fr\/siege-auto-securitaire\/"]}]},{"@type":"BreadcrumbList","@id":"https:\/\/kiddy.com\/fr\/siege-auto-securitaire\/#breadcrumb","itemListElement":[{"@type":"ListItem","position":1,"name":"Strona g\u0142\u00f3wna","item":"https:\/\/kiddy.com\/fr\/"},{"@type":"ListItem","position":2,"name":"Safe Care Seat"}]},{"@type":"WebSite","@id":"https:\/\/kiddy.com\/#website","url":"https:\/\/kiddy.com\/","name":"Kiddy","description":"Kiddy","publisher":{"@id":"https:\/\/kiddy.com\/#organization"},"potentialAction":[{"@type":"SearchAction","target":{"@type":"EntryPoint","urlTemplate":"https:\/\/kiddy.com\/?s={search_term_string}"},"query-input":{"@type":"PropertyValueSpecification","valueRequired":true,"valueName":"search_term_string"}}],"inLanguage":"fr-FR"},{"@type":"Organization","@id":"https:\/\/kiddy.com\/#organization","name":"Kiddy","url":"https:\/\/kiddy.com\/","logo":{"@type":"ImageObject","inLanguage":"fr-FR","@id":"https:\/\/kiddy.com\/#\/schema\/logo\/image\/","url":"https:\/\/kiddy.com\/app\/uploads\/2022\/09\/Logo-Kiddy-Engineered-with-love.jpg","contentUrl":"https:\/\/kiddy.com\/app\/uploads\/2022\/09\/Logo-Kiddy-Engineered-with-love.jpg","width":841,"height":595,"caption":"Kiddy"},"image":{"@id":"https:\/\/kiddy.com\/#\/schema\/logo\/image\/"},"sameAs":["https:\/\/www.facebook.com\/kiddypolska\/","https:\/\/www.instagram.com\/kiddy_global\/","https:\/\/www.youtube.com\/channel\/UC1RBJ6VMaCFUrU0BoLF5nvA"]}]}},"_links":{"self":[{"href":"https:\/\/kiddy.com\/fr\/wp-json\/wp\/v2\/pages\/3869","targetHints":{"allow":["GET"]}}],"collection":[{"href":"https:\/\/kiddy.com\/fr\/wp-json\/wp\/v2\/pages"}],"about":[{"href":"https:\/\/kiddy.com\/fr\/wp-json\/wp\/v2\/types\/page"}],"author":[{"embeddable":true,"href":"https:\/\/kiddy.com\/fr\/wp-json\/wp\/v2\/users\/5"}],"replies":[{"embeddable":true,"href":"https:\/\/kiddy.com\/fr\/wp-json\/wp\/v2\/comments?post=3869"}],"version-history":[{"count":3,"href":"https:\/\/kiddy.com\/fr\/wp-json\/wp\/v2\/pages\/3869\/revisions"}],"predecessor-version":[{"id":4316,"href":"https:\/\/kiddy.com\/fr\/wp-json\/wp\/v2\/pages\/3869\/revisions\/4316"}],"wp:attachment":[{"href":"https:\/\/kiddy.com\/fr\/wp-json\/wp\/v2\/media?parent=3869"}],"curies":[{"name":"wp","href":"https:\/\/api.w.org\/{rel}","templated":true}]}}