{"id":3864,"date":"2022-07-13T16:07:46","date_gmt":"2022-07-13T14:07:46","guid":{"rendered":"https:\/\/kiddy.com\/?page_id=3864"},"modified":"2023-02-08T15:48:08","modified_gmt":"2023-02-08T14:48:08","slug":"a-propos-de-la-marque","status":"publish","type":"page","link":"https:\/\/kiddy.com\/fr\/a-propos-de-la-marque\/","title":{"rendered":"\u00c0 propos de la marque"},"content":{"rendered":"<section id=\"\" class=\"video acf-block acf-block-id-block_7100f687ea7c4c337d7eb343c04686ce \">\n\t<video class=\"lazy\" autoplay playsinline muted>\n\t\t<source data-src-desktop=\"https:\/\/kiddy.com\/app\/uploads\/2022\/07\/banner_o-marce.mp4\" data-src-mobile=\"https:\/\/kiddy.com\/app\/uploads\/2022\/07\/banner_o-marce_mobile.mp4\" type=\"video\/mp4\">\n\t\tYour browser does not support the video tag.\n\t<\/video>\n<\/section>\n\n\n\n<section id=\"\" class=\"paralax-text paralax-text--v3 acf-block acf-block-id-block_636f33a5b32f5b8dceaa6731e8d4635b \">\n\t<div class=\"container\">\n\t\t<div class=\"row\">\n\t\t\t<div class=\"col-12 col-xl-6 paralax-text__image-container paralax-text__image-container--v3\">\n\t\t\t\t<picture>\n\t\t\t\t\t<source srcset=\"https:\/\/kiddy.com\/app\/uploads\/2022\/07\/Kiddy-fotelik-samochodowy-CRUISERFIX3-budowa-1-967x1001-c-default.webp 1x, https:\/\/kiddy.com\/app\/uploads\/2022\/07\/Kiddy-fotelik-samochodowy-CRUISERFIX3-budowa-1-1934x2002-c-default.webp 2x\" media=\"(min-width: 1200px)\">\n\t\t\t\t\t<source srcset=\"https:\/\/kiddy.com\/app\/uploads\/2022\/07\/Kiddy-fotelik-samochodowy-CRUISERFIX3-budowa-1-345x352-c-default.webp 1x, https:\/\/kiddy.com\/app\/uploads\/2022\/07\/Kiddy-fotelik-samochodowy-CRUISERFIX3-budowa-1-690x704-c-default.webp 2x\">\n\t\t\t\t\t<img decoding=\"async\" class=\"paralax-text__image paralax-text__image--v3\"\n\t\t\t\t\t\t src=\"https:\/\/kiddy.com\/app\/uploads\/2022\/07\/Kiddy-fotelik-samochodowy-CRUISERFIX3-budowa-1-967x1001-c-default.webp 1x, https:\/\/kiddy.com\/app\/uploads\/2022\/07\/Kiddy-fotelik-samochodowy-CRUISERFIX3-budowa-1-1934x2002-c-default.webp\"\n\t\t\t\t\t\t alt=\"\"\n\t\t\t\t\t\t data-paralax data-paralax-direction=\"bottom\" data-paralax-speed=\"0.25\">\n\t\t\t\t<\/picture>\n\n\t\t\t<\/div>\n\t\t\t<div class=\"col-12 col-xl-6 col-xxl-5 paralax-text__text-container\">\n\t\t\t\t<h1 class=\"paralax-text__title paralax-text__title--v3\">Si\u00e8ges-auto pour enfants<\/h1>\n\t\t\t\t<div class=\"paralax-text__description\"><p>Soucieux de la s\u00e9curit\u00e9 des plus jeunes passagers, depuis plus de 50 ans, nous concevons des solutions innovantes qui contribuent \u00e0 la cr\u00e9ation des standards plus \u00e9lev\u00e9es en mati\u00e8re de protection d&#8217;enfants lors du trajet en voiture.<\/p>\n<\/div>\n\t\t\t<\/div>\n\t\t<\/div>\n\t<\/div>\n<\/section>\n\n\n<section id=\"\" class=\"paralax-text paralax-text--v4 acf-block acf-block-id-block_05c4fde3d16ea0245245fa8aff8c8b3a \">\n\t<picture>\n\t\t<source srcset=\"https:\/\/kiddy.com\/app\/uploads\/2022\/07\/Kiddy-baza-IZOFIX2-1920x1696-c-default.webp 1x, https:\/\/kiddy.com\/app\/uploads\/2022\/07\/Kiddy-baza-IZOFIX2-3840x3392-c-default.webp 2x\" media=\"(min-width: 1200px)\">\n\t\t<source srcset=\"https:\/\/kiddy.com\/app\/uploads\/2022\/07\/Kiddy-baza-IZOFIX2-503x444-c-default.webp 1x, https:\/\/kiddy.com\/app\/uploads\/2022\/07\/Kiddy-baza-IZOFIX2-1006x888-c-default.webp 2x\">\n\t\t<img decoding=\"async\" class=\"paralax-text__image paralax-text__image--v4\"\n\t\t\t src=\"https:\/\/kiddy.com\/app\/uploads\/2022\/07\/Kiddy-baza-IZOFIX2-1920x1696-c-default.webp 1x, https:\/\/kiddy.com\/app\/uploads\/2022\/07\/Kiddy-baza-IZOFIX2-3840x3392-c-default.webp\"\n\t\t\t alt=\"\"\n\t\t\t data-paralax data-paralax-direction=\"right\" data-paralax-speed=\"0.15\">\n\t<\/picture>\n\n\t<div class=\"container\">\n\t\t<div class=\"row\">\n\t\t\t<div class=\"col-12 col-xl-5 offset-xl-1 paralax-text__text-container\">\n\t\t\t\t<h2 class=\"paralax-text__title paralax-text__title--v4\">Plus que la qualit\u00e9<\/h2>\n\t\t\t\t<div class=\"paralax-text__description\"><p><span data-sheets-formula-bar-text-style=\"font-size:13px;color:#000000;font-weight:normal;text-decoration:none;font-family:'Arial';font-style:normal;text-decoration-skip-ink:none;\">Notre objectif est simple : <\/span><strong>cr\u00e9er des si\u00e8ges qui soient synonymes de s\u00e9curit\u00e9, de fiabilit\u00e9 et de fonctionnalit\u00e9.<\/strong><\/p>\n<p><span data-sheets-formula-bar-text-style=\"font-size:13px;color:#000000;font-weight:normal;text-decoration:none;font-family:'Arial';font-style:normal;text-decoration-skip-ink:none;\">Pr\u00e9cision allemande, souci du d\u00e9tail et mat\u00e9riaux robustes. Ces trois qualit\u00e9s contribuent \u00e0 notre notori\u00e9t\u00e9 et font des si\u00e8ges-autos Kiddy les meilleurs poduits du march\u00e9 qui r\u00e9pondent aux attentes de familles modernes et dynamiques.<\/span><\/p>\n<\/div>\n\t\t\t<\/div>\n\t\t<\/div>\n\t<\/div>\n<\/section>\n\n\n<section id=\"\" class=\"marquee acf-block acf-block-id-block_4c2bf2252232a005da9339f79b5d0110 \">\n\t<div data-marquee data-marquee-speed=\"0.5\" data-marquee-direction=\"left\" data-marquee-scroll=\"0\">\n\t\t<p>produits garantissant la s\u00e9curit\u00e9 | solutions innovantes<\/p>\n\t<\/div>\n\n\t<div data-marquee data-marquee-speed=\"0.5\" data-marquee-direction=\"right\" data-marquee-scroll=\"0\">\n\t\t<p>r\u00e9compenses prestigieuses \u00b7 standards haute qualit\u00e9<\/p>\n\t<\/div>\n<\/section>\n\n\n\n<section id=\"\" class=\"image-text-black-bg acf-block acf-block-id-block_66508767c4d28b9d747280509b29c538 \">\n\t<div class=\"container\">\n\t\t<div class=\"row\">\n\t\t\t<div class=\"col-12 col-lg-5\">\n\t\t\t\t<p style=\"text-align: right;\"><strong>Qualit\u00e9<\/strong> allemande<br \/>\n<strong>Design<\/strong> unique<br \/>\n50 ans <strong>d&#8217;exp\u00e9rience\u00a0<\/strong><br \/>\nVoici <strong>Kiddy<\/strong><\/p>\n\n\t\t\t<\/div>\n\n\t\t\t<div class=\"col-12 col-lg-7\">\n\t\t\t\t<picture>\n\t\t\t\t\t<source srcset=\"https:\/\/kiddy.com\/app\/uploads\/2022\/10\/Kiddy-fotelik-samochodowy-EVOLUNA-ISIZE2-przekroj-1272x1806-c-default.webp 1x, https:\/\/kiddy.com\/app\/uploads\/2022\/10\/Kiddy-fotelik-samochodowy-EVOLUNA-ISIZE2-przekroj-2544x3612-c-default.webp 2x\" media=\"(min-width: 992px)\">\n\t\t\t\t\t<source srcset=\"https:\/\/kiddy.com\/app\/uploads\/2022\/10\/Kiddy-fotelik-samochodowy-EVOLUNA-ISIZE2-przekroj-375x532-c-default.webp 1x, https:\/\/kiddy.com\/app\/uploads\/2022\/10\/Kiddy-fotelik-samochodowy-EVOLUNA-ISIZE2-przekroj-750x1064-c-default.webp 2x\">\n\t\t\t\t\t<img decoding=\"async\" class=\"image-text-black-bg__image\"\n\t\t\t\t\t\t src=\"https:\/\/kiddy.com\/app\/uploads\/2022\/10\/Kiddy-fotelik-samochodowy-EVOLUNA-ISIZE2-przekroj-1272x1806-c-default.webp 1x, https:\/\/kiddy.com\/app\/uploads\/2022\/10\/Kiddy-fotelik-samochodowy-EVOLUNA-ISIZE2-przekroj-2544x3612-c-default.webp\"\n\t\t\t\t\t\t alt=\"\">\n\t\t\t\t<\/picture>\n\t\t\t<\/div>\n\t\t<\/div>\n\t<\/div>\n<\/section>\n\n\n\n<section id=\"\" class=\"title-description title-description--pt-120 acf-block acf-block-id-block_b9ab7c8f79565bb6c79ea04b0c3d95d3 \">\n\t<div class=\"container order-2 order-lg-1\">\n\t\t<div class=\"row\">\n\t\t\t<div class=\"col-12 col-lg-11 offset-lg-1\">\n\t\t\t\t<h2 class=\"title-description__title title-description__title--left\">En respectant le pass\u00e9, nous pensons \u00e0 l&#8217;avenir<\/h2>\n\t\t\t<\/div>\n\t\t<\/div>\n\t\t<div class=\"row\">\n\t\t\t<div class=\"col-12 col-lg-6 offset-lg-6\">\n\t\t\t\t<div class=\"title-description__content title-description__content--small-margin\"><p><strong>Notre succ\u00e8s contribue \u00e0 un d\u00e9veloppement continu et sans compromis. <\/strong><\/p>\n<p>Nous suivons les derni\u00e8res tendances et participons \u00e0 leur cr\u00e9ation. La recherche de l&#8217;innovation et des technologies futuristes ne nous font pas peur. En m\u00eame temps, nous appr\u00e9cions la valeur des brevets simples et \u00e9prouv\u00e9s. Nous sommes inspir\u00e9s par un design sophistiqu\u00e9 et avant-gardiste, mais nous appr\u00e9cions aussi la beaut\u00e9 des formes classiques.<\/p>\n<\/div>\n\t\t\t<\/div>\n\t\t<\/div>\n\t<\/div>\n\n\t\t\t<div class=\"container order-1 order-lg-2\">\n\t\t\t<div class=\"row\">\n\t\t\t\t<div class=\"col-12\">\n\t\t\t\t\t<div class=\"title-description__parallax-container\">\n\t\t\t\t\t\t<picture class=\"title-description__parallax-left\" data-paralax data-paralax-direction=\"right\" data-paralax-speed=\"0.08\">\n\t\t\t\t\t\t\t<source srcset=\"https:\/\/kiddy.com\/app\/uploads\/2022\/07\/Kiddy-fotelik-samochodowy-EVOLUTIONPRO-przekro\u0301j-644x565-c-default.webp 1x, https:\/\/kiddy.com\/app\/uploads\/2022\/07\/Kiddy-fotelik-samochodowy-EVOLUTIONPRO-przekro\u0301j-1288x1130-c-default.webp 2x\" media=\"(min-width: 992px)\">\n\t\t\t\t\t\t\t<source srcset=\"https:\/\/kiddy.com\/app\/uploads\/2022\/07\/Kiddy-fotelik-samochodowy-EVOLUTIONPRO-przekro\u0301j-191x167-c-default.webp 1x, https:\/\/kiddy.com\/app\/uploads\/2022\/07\/Kiddy-fotelik-samochodowy-EVOLUTIONPRO-przekro\u0301j-382x334-c-default.webp 2x\">\n\t\t\t\t\t\t\t<img decoding=\"async\" src=\"https:\/\/kiddy.com\/app\/uploads\/2022\/07\/Kiddy-fotelik-samochodowy-EVOLUTIONPRO-przekro\u0301j-644x565-c-default.webp\"\n\t\t\t\t\t\t\t\t srcset=\"https:\/\/kiddy.com\/app\/uploads\/2022\/07\/Kiddy-fotelik-samochodowy-EVOLUTIONPRO-przekro\u0301j-644x565-c-default.webp 1x, https:\/\/kiddy.com\/app\/uploads\/2022\/07\/Kiddy-fotelik-samochodowy-EVOLUTIONPRO-przekro\u0301j-1288x1130-c-default.webp 2x\"\n\t\t\t\t\t\t\t\t alt=\"\"\n\t\t\t\t\t\t\t>\n\t\t\t\t\t\t<\/picture>\n\n\t\t\t\t\t\t<picture class=\"title-description__parallax-center\">\n\t\t\t\t\t\t\t<source srcset=\"https:\/\/kiddy.com\/app\/uploads\/2022\/07\/Kiddy-fotelik-samochodowy-EVOLUTIONPRO-budowa-509x784-c-default.webp 1x, https:\/\/kiddy.com\/app\/uploads\/2022\/07\/Kiddy-fotelik-samochodowy-EVOLUTIONPRO-budowa-1018x1568-c-default.webp 2x\" media=\"(min-width: 992px)\">\n\t\t\t\t\t\t\t<source srcset=\"https:\/\/kiddy.com\/app\/uploads\/2022\/07\/Kiddy-fotelik-samochodowy-EVOLUTIONPRO-budowa-148x227-c-default.webp 1x, https:\/\/kiddy.com\/app\/uploads\/2022\/07\/Kiddy-fotelik-samochodowy-EVOLUTIONPRO-budowa-296x454-c-default.webp 2x\">\n\t\t\t\t\t\t\t<img decoding=\"async\" src=\"https:\/\/kiddy.com\/app\/uploads\/2022\/07\/Kiddy-fotelik-samochodowy-EVOLUTIONPRO-budowa-509x784-c-default.webp\"\n\t\t\t\t\t\t\t\t srcset=\"https:\/\/kiddy.com\/app\/uploads\/2022\/07\/Kiddy-fotelik-samochodowy-EVOLUTIONPRO-budowa-509x784-c-default.webp 1x, https:\/\/kiddy.com\/app\/uploads\/2022\/07\/Kiddy-fotelik-samochodowy-EVOLUTIONPRO-budowa-1018x1568-c-default.webp 2x\"\n\t\t\t\t\t\t\t\t alt=\"\"\n\t\t\t\t\t\t\t>\n\t\t\t\t\t\t<\/picture>\n\n\t\t\t\t\t\t<picture class=\"title-description__parallax-right\" data-paralax data-paralax-direction=\"left\" data-paralax-speed=\"0.08\">\n\t\t\t\t\t\t\t<source srcset=\"https:\/\/kiddy.com\/app\/uploads\/2022\/07\/Kiddy-fotelik-samochodowy-EVOLUNA-ISIZE2-czarny-bok-1066x958-c-default.webp 1x, https:\/\/kiddy.com\/app\/uploads\/2022\/07\/Kiddy-fotelik-samochodowy-EVOLUNA-ISIZE2-czarny-bok-2132x1916-c-default.webp 2x\" media=\"(min-width: 992px)\">\n\t\t\t\t\t\t\t<source srcset=\"https:\/\/kiddy.com\/app\/uploads\/2022\/07\/Kiddy-fotelik-samochodowy-EVOLUNA-ISIZE2-czarny-bok-315x281-c-default.webp 1x, https:\/\/kiddy.com\/app\/uploads\/2022\/07\/Kiddy-fotelik-samochodowy-EVOLUNA-ISIZE2-czarny-bok-630x562-c-default.webp 2x\">\n\t\t\t\t\t\t\t<img decoding=\"async\" src=\"https:\/\/kiddy.com\/app\/uploads\/2022\/07\/Kiddy-fotelik-samochodowy-EVOLUNA-ISIZE2-czarny-bok-1066x958-c-default.webp\"\n\t\t\t\t\t\t\t\t srcset=\"https:\/\/kiddy.com\/app\/uploads\/2022\/07\/Kiddy-fotelik-samochodowy-EVOLUNA-ISIZE2-czarny-bok-1066x958-c-default.webp 1x, https:\/\/kiddy.com\/app\/uploads\/2022\/07\/Kiddy-fotelik-samochodowy-EVOLUNA-ISIZE2-czarny-bok-2132x1916-c-default.webp 2x\"\n\t\t\t\t\t\t\t\t alt=\"\"\n\t\t\t\t\t\t\t>\n\t\t\t\t\t\t<\/picture>\n\t\t\t\t\t<\/div>\n\t\t\t\t<\/div>\n\t\t\t<\/div>\n\t\t<\/div>\n\t<\/section>\n\n\n<section id=\"\" class=\"title-description title-description--revert acf-block acf-block-id-block_e90b875944668a85f4b3fc1803991d6d \">\n\t\t\t<div class=\"container-fluid\">\n\t\t\t<div class=\"title-description__images title-description__images--relative\">\n\t\t\t\t<picture class=\"title-description__image-left\" data-paralax data-paralax-direction=\"right\" data-paralax-speed=\"0.1\">\n\t\t\t\t\t<source srcset=\"https:\/\/kiddy.com\/app\/uploads\/2022\/07\/Matka-przypinajaca-fotelik-samochodowy-w-aucie-EVOLUTION-PRO2-889x651-c-default.webp 1x, https:\/\/kiddy.com\/app\/uploads\/2022\/07\/Matka-przypinajaca-fotelik-samochodowy-w-aucie-EVOLUTION-PRO2-1778x1302-c-default.webp 2x\" media=\"(min-width: 992px)\">\n\t\t\t\t\t<source srcset=\"https:\/\/kiddy.com\/app\/uploads\/2022\/07\/Matka-przypinajaca-fotelik-samochodowy-w-aucie-EVOLUTION-PRO2-750x612-c-default.webp 1x, https:\/\/kiddy.com\/app\/uploads\/2022\/07\/Matka-przypinajaca-fotelik-samochodowy-w-aucie-EVOLUTION-PRO2-1500x1224-c-default.webp 2x\" media=\"(min-width: 767px)\">\n\t\t\t\t\t<source srcset=\"https:\/\/kiddy.com\/app\/uploads\/2022\/07\/Matka-przypinajaca-fotelik-samochodowy-w-aucie-EVOLUTION-PRO2-375x306-c-default.webp 1x, https:\/\/kiddy.com\/app\/uploads\/2022\/07\/Matka-przypinajaca-fotelik-samochodowy-w-aucie-EVOLUTION-PRO2-750x612-c-default.webp 2x\">\n\t\t\t\t\t<img decoding=\"async\" src=\"https:\/\/kiddy.com\/app\/uploads\/2022\/07\/Matka-przypinajaca-fotelik-samochodowy-w-aucie-EVOLUTION-PRO2-889x651-c-default.webp\"\n\t\t\t\t\t\t srcset=\"https:\/\/kiddy.com\/app\/uploads\/2022\/07\/Matka-przypinajaca-fotelik-samochodowy-w-aucie-EVOLUTION-PRO2-889x651-c-default.webp 1x, https:\/\/kiddy.com\/app\/uploads\/2022\/07\/Matka-przypinajaca-fotelik-samochodowy-w-aucie-EVOLUTION-PRO2-1778x1302-c-default.webp 2x\"\n\t\t\t\t\t\t alt=\"\">\n\t\t\t\t<\/picture>\n\n\t\t\t\t<picture class=\"title-description__image-right\" data-paralax data-paralax-direction=\"left\" data-paralax-speed=\"0.1\">\n\t\t\t\t\t<source srcset=\"https:\/\/kiddy.com\/app\/uploads\/2022\/07\/Mezczyzna-trzymajacy-dziecko-w-foteliku-EVOLUTION-PRO2-1194x875-c-default.webp 1x, https:\/\/kiddy.com\/app\/uploads\/2022\/07\/Mezczyzna-trzymajacy-dziecko-w-foteliku-EVOLUTION-PRO2-2388x1750-c-default.webp 2x\" media=\"(min-width: 992px)\">\n\t\t\t\t\t<img decoding=\"async\" src=\"https:\/\/kiddy.com\/app\/uploads\/2022\/07\/Mezczyzna-trzymajacy-dziecko-w-foteliku-EVOLUTION-PRO2-1194x875-c-default.webp\"\n\t\t\t\t\t\t srcset=\"https:\/\/kiddy.com\/app\/uploads\/2022\/07\/Mezczyzna-trzymajacy-dziecko-w-foteliku-EVOLUTION-PRO2-1194x875-c-default.webp 1x, https:\/\/kiddy.com\/app\/uploads\/2022\/07\/Mezczyzna-trzymajacy-dziecko-w-foteliku-EVOLUTION-PRO2-2388x1750-c-default.webp 2x\"\n\t\t\t\t\t\t alt=\"\">\n\t\t\t\t<\/picture>\n\t\t\t<\/div>\n\t\t<\/div>\n\t\n\t<div class=\"container\">\n\t\t<div class=\"row\">\n\t\t\t<div class=\"col-12 col-lg-6\">\n\t\t\t\t<h2 class=\"title-description__title\">Le bien-\u00eatre de votre enfant compte pour nous<\/h2>\n\t\t\t<\/div>\n\t\t\t<div class=\"col-12 col-lg-6\">\n\t\t\t\t<div class=\"title-description__content\"><p><span data-sheets-formula-bar-text-style=\"font-size:13px;color:#000000;font-weight:normal;text-decoration:none;font-family:'Arial';font-style:normal;text-decoration-skip-ink:none;\">Nous travaillons avec l&#8217;industrie automobile et des institutions internationales ind\u00e9pendantes. Nous obtenons des certificats prestigieux et effectuons des analyses de recherche approfondies. Tout cela dans le but de cr\u00e9er les syst\u00e8mes les plus qualitatifs dans le domaine de la protection des enfants pendant le voyage.<\/span><\/p>\n<p><strong>Gr\u00e2ce \u00e0 nos si\u00e8ges-autos, votre enfant sera toujours en s\u00e9curit\u00e9 et vous disposerez d&#8217;un si\u00e8ge confortable et multifonctionnel qui vous servira pendant des ann\u00e9es !<\/strong><\/p>\n<\/div>\n\t\t\t<\/div>\n\t\t<\/div>\n\t<\/div>\n<\/section>\n","protected":false},"excerpt":{"rendered":"","protected":false},"author":5,"featured_media":0,"parent":0,"menu_order":0,"comment_status":"closed","ping_status":"closed","template":"","meta":{"_acf_changed":false,"footnotes":""},"class_list":["post-3864","page","type-page","status-publish","hentry"],"acf":[],"yoast_head":"<!-- This site is optimized with the Yoast SEO plugin v27.3 - https:\/\/yoast.com\/product\/yoast-seo-wordpress\/ -->\n<title>\u00c0 propos de la marque - Kiddy<\/title>\n<meta name=\"description\" content=\"Venez d\u00e9couvrir la marque Kiddy \u2606 Safe Seat \u2606 Boutique en ligne \u2606 Si\u00e8ges auto Kiddy \u2606 Qualit\u00e9 allemande\" \/>\n<meta name=\"robots\" content=\"index, follow, max-snippet:-1, max-image-preview:large, max-video-preview:-1\" \/>\n<link rel=\"canonical\" href=\"https:\/\/kiddy.com\/fr\/a-propos-de-la-marque\/\" \/>\n<meta property=\"og:locale\" content=\"fr_FR\" \/>\n<meta property=\"og:type\" content=\"article\" \/>\n<meta property=\"og:title\" content=\"\u00c0 propos de la marque - Kiddy\" \/>\n<meta property=\"og:description\" content=\"Venez d\u00e9couvrir la marque Kiddy \u2606 Safe Seat \u2606 Boutique en ligne \u2606 Si\u00e8ges auto Kiddy \u2606 Qualit\u00e9 allemande\" \/>\n<meta property=\"og:url\" content=\"https:\/\/kiddy.com\/fr\/a-propos-de-la-marque\/\" \/>\n<meta property=\"og:site_name\" content=\"Kiddy\" \/>\n<meta property=\"article:publisher\" content=\"https:\/\/www.facebook.com\/kiddypolska\/\" \/>\n<meta property=\"article:modified_time\" content=\"2023-02-08T14:48:08+00:00\" \/>\n<meta property=\"og:image\" content=\"https:\/\/kiddy.com\/app\/uploads\/2022\/09\/Logo-Kiddy-Engineered-with-love.jpg\" \/>\n\t<meta property=\"og:image:width\" content=\"841\" \/>\n\t<meta property=\"og:image:height\" content=\"595\" \/>\n\t<meta property=\"og:image:type\" content=\"image\/jpeg\" \/>\n<meta name=\"twitter:card\" content=\"summary_large_image\" \/>\n<!-- \/ Yoast SEO plugin. -->","yoast_head_json":{"title":"\u00c0 propos de la marque - Kiddy","description":"Venez d\u00e9couvrir la marque Kiddy \u2606 Safe Seat \u2606 Boutique en ligne \u2606 Si\u00e8ges auto Kiddy \u2606 Qualit\u00e9 allemande","robots":{"index":"index","follow":"follow","max-snippet":"max-snippet:-1","max-image-preview":"max-image-preview:large","max-video-preview":"max-video-preview:-1"},"canonical":"https:\/\/kiddy.com\/fr\/a-propos-de-la-marque\/","og_locale":"fr_FR","og_type":"article","og_title":"\u00c0 propos de la marque - Kiddy","og_description":"Venez d\u00e9couvrir la marque Kiddy \u2606 Safe Seat \u2606 Boutique en ligne \u2606 Si\u00e8ges auto Kiddy \u2606 Qualit\u00e9 allemande","og_url":"https:\/\/kiddy.com\/fr\/a-propos-de-la-marque\/","og_site_name":"Kiddy","article_publisher":"https:\/\/www.facebook.com\/kiddypolska\/","article_modified_time":"2023-02-08T14:48:08+00:00","og_image":[{"width":841,"height":595,"url":"https:\/\/kiddy.com\/app\/uploads\/2022\/09\/Logo-Kiddy-Engineered-with-love.jpg","type":"image\/jpeg"}],"twitter_card":"summary_large_image","schema":{"@context":"https:\/\/schema.org","@graph":[{"@type":"WebPage","@id":"https:\/\/kiddy.com\/fr\/a-propos-de-la-marque\/","url":"https:\/\/kiddy.com\/fr\/a-propos-de-la-marque\/","name":"\u00c0 propos de la marque - Kiddy","isPartOf":{"@id":"https:\/\/kiddy.com\/#website"},"datePublished":"2022-07-13T14:07:46+00:00","dateModified":"2023-02-08T14:48:08+00:00","description":"Venez d\u00e9couvrir la marque Kiddy \u2606 Safe Seat \u2606 Boutique en ligne \u2606 Si\u00e8ges auto Kiddy \u2606 Qualit\u00e9 allemande","breadcrumb":{"@id":"https:\/\/kiddy.com\/fr\/a-propos-de-la-marque\/#breadcrumb"},"inLanguage":"fr-FR","potentialAction":[{"@type":"ReadAction","target":["https:\/\/kiddy.com\/fr\/a-propos-de-la-marque\/"]}]},{"@type":"BreadcrumbList","@id":"https:\/\/kiddy.com\/fr\/a-propos-de-la-marque\/#breadcrumb","itemListElement":[{"@type":"ListItem","position":1,"name":"Strona g\u0142\u00f3wna","item":"https:\/\/kiddy.com\/fr\/"},{"@type":"ListItem","position":2,"name":"\u00c0 propos de la marque"}]},{"@type":"WebSite","@id":"https:\/\/kiddy.com\/#website","url":"https:\/\/kiddy.com\/","name":"Kiddy","description":"Kiddy","publisher":{"@id":"https:\/\/kiddy.com\/#organization"},"potentialAction":[{"@type":"SearchAction","target":{"@type":"EntryPoint","urlTemplate":"https:\/\/kiddy.com\/?s={search_term_string}"},"query-input":{"@type":"PropertyValueSpecification","valueRequired":true,"valueName":"search_term_string"}}],"inLanguage":"fr-FR"},{"@type":"Organization","@id":"https:\/\/kiddy.com\/#organization","name":"Kiddy","url":"https:\/\/kiddy.com\/","logo":{"@type":"ImageObject","inLanguage":"fr-FR","@id":"https:\/\/kiddy.com\/#\/schema\/logo\/image\/","url":"https:\/\/kiddy.com\/app\/uploads\/2022\/09\/Logo-Kiddy-Engineered-with-love.jpg","contentUrl":"https:\/\/kiddy.com\/app\/uploads\/2022\/09\/Logo-Kiddy-Engineered-with-love.jpg","width":841,"height":595,"caption":"Kiddy"},"image":{"@id":"https:\/\/kiddy.com\/#\/schema\/logo\/image\/"},"sameAs":["https:\/\/www.facebook.com\/kiddypolska\/","https:\/\/www.instagram.com\/kiddy_global\/","https:\/\/www.youtube.com\/channel\/UC1RBJ6VMaCFUrU0BoLF5nvA"]}]}},"_links":{"self":[{"href":"https:\/\/kiddy.com\/fr\/wp-json\/wp\/v2\/pages\/3864","targetHints":{"allow":["GET"]}}],"collection":[{"href":"https:\/\/kiddy.com\/fr\/wp-json\/wp\/v2\/pages"}],"about":[{"href":"https:\/\/kiddy.com\/fr\/wp-json\/wp\/v2\/types\/page"}],"author":[{"embeddable":true,"href":"https:\/\/kiddy.com\/fr\/wp-json\/wp\/v2\/users\/5"}],"replies":[{"embeddable":true,"href":"https:\/\/kiddy.com\/fr\/wp-json\/wp\/v2\/comments?post=3864"}],"version-history":[{"count":3,"href":"https:\/\/kiddy.com\/fr\/wp-json\/wp\/v2\/pages\/3864\/revisions"}],"predecessor-version":[{"id":4321,"href":"https:\/\/kiddy.com\/fr\/wp-json\/wp\/v2\/pages\/3864\/revisions\/4321"}],"wp:attachment":[{"href":"https:\/\/kiddy.com\/fr\/wp-json\/wp\/v2\/media?parent=3864"}],"curies":[{"name":"wp","href":"https:\/\/api.w.org\/{rel}","templated":true}]}}