{"id":3812,"date":"2022-06-20T14:58:43","date_gmt":"2022-06-20T12:58:43","guid":{"rendered":"https:\/\/kiddy.com\/?page_id=3812"},"modified":"2023-02-09T11:04:34","modified_gmt":"2023-02-09T10:04:34","slug":"page-daccueil","status":"publish","type":"page","link":"https:\/\/kiddy.com\/fr\/","title":{"rendered":"Page d&#8217;accueil"},"content":{"rendered":"<section id=\"\" class=\"video acf-block acf-block-id-block_f09ebbbcf3cc03d0743f74ad2854fec2 \">\n\t<video class=\"lazy\" autoplay playsinline muted>\n\t\t<source data-src-desktop=\"https:\/\/kiddy.com\/app\/uploads\/2022\/07\/kiddy-film-hero-1.mp4\" data-src-mobile=\"https:\/\/kiddy.com\/app\/uploads\/2022\/07\/banner-strona_gl_pion.mp4\" type=\"video\/mp4\">\n\t\tYour browser does not support the video tag.\n\t<\/video>\n<\/section>\n\n\n\n<section id=\"\" class=\"products acf-block acf-block-id-block_089d34668acf7ac76f9229c89651a540 \">\n\t\t\t<div class=\"product product--black\" style=\"background-color: #9e9e9e;\" data-href=\"https:\/\/kiddy.com\/fr\/produits\/evoluna-i-size-2\/\">\n\t\t\t<img decoding=\"async\" class=\"product__image\"\n\t\t\t\t src=\"https:\/\/kiddy.com\/app\/uploads\/2022\/08\/evoluna-i-size-2-wkladka@2x-480x617-c-default.webp\"\n\t\t\t\t srcset=\"https:\/\/kiddy.com\/app\/uploads\/2022\/08\/evoluna-i-size-2-wkladka@2x-480x617-c-default.webp 1x, https:\/\/kiddy.com\/app\/uploads\/2022\/08\/evoluna-i-size-2-wkladka@2x-960x1234-c-default.webp 2x\"\n\t\t\t\t alt=\"\">\n\n\t\t\t<div class=\"product__data\">\n\t\t\t\t<h2 class=\"title title--md\">EVOLUNA I-SIZE 2<\/h2>\n\t\t\t\t<p class=\"small\">Position allong\u00e9e en toute s\u00e9curit\u00e9<\/p>\n\n\t\t\t\t<a href=\"https:\/\/kiddy.com\/fr\/produits\/evoluna-i-size-2\/\" class=\"button button--text-black button--arrow-long\">Voir plus<\/a>\n\t\t\t<\/div>\n\t\t<\/div>\n\t\t\t<div class=\"product product--white\" style=\"background-color: #531828;\" data-href=\"https:\/\/kiddy.com\/fr\/produits\/cruiserfix-3\/\">\n\t\t\t<img decoding=\"async\" class=\"product__image\"\n\t\t\t\t src=\"https:\/\/kiddy.com\/app\/uploads\/2022\/07\/cruiserfix-3@2x-480x617-c-default.webp\"\n\t\t\t\t srcset=\"https:\/\/kiddy.com\/app\/uploads\/2022\/07\/cruiserfix-3@2x-480x617-c-default.webp 1x, https:\/\/kiddy.com\/app\/uploads\/2022\/07\/cruiserfix-3@2x-960x1234-c-default.webp 2x\"\n\t\t\t\t alt=\"\">\n\n\t\t\t<div class=\"product__data\">\n\t\t\t\t<h2 class=\"title title--md\">CRUISERFIX 3<\/h2>\n\t\t\t\t<p class=\"small\">Un ajustement parfait pour votre enfant<\/p>\n\n\t\t\t\t<a href=\"https:\/\/kiddy.com\/fr\/produits\/cruiserfix-3\/\" class=\"button button--text-white button--arrow-long\">Voir plus<\/a>\n\t\t\t<\/div>\n\t\t<\/div>\n\t\t\t<div class=\"product product--black\" style=\"background-color: #9fb3c2;\" data-href=\"https:\/\/kiddy.com\/fr\/produits\/evolution-pro-2\/\">\n\t\t\t<img decoding=\"async\" class=\"product__image\"\n\t\t\t\t src=\"https:\/\/kiddy.com\/app\/uploads\/2022\/07\/evolution-pro-2@2x-480x617-c-default.webp\"\n\t\t\t\t srcset=\"https:\/\/kiddy.com\/app\/uploads\/2022\/07\/evolution-pro-2@2x-480x617-c-default.webp 1x, https:\/\/kiddy.com\/app\/uploads\/2022\/07\/evolution-pro-2@2x-960x1234-c-default.webp 2x\"\n\t\t\t\t alt=\"\">\n\n\t\t\t<div class=\"product__data\">\n\t\t\t\t<h2 class=\"title title--md\">EVOLUTION PRO 2<\/h2>\n\t\t\t\t<p class=\"small\">Confort et protection du passager <\/p>\n\n\t\t\t\t<a href=\"https:\/\/kiddy.com\/fr\/produits\/evolution-pro-2\/\" class=\"button button--text-black button--arrow-long\">Voir plus<\/a>\n\t\t\t<\/div>\n\t\t<\/div>\n\t\t\t<div class=\"product product--white\" style=\"background-color: #2d2d2d;\" data-href=\"https:\/\/kiddy.com\/fr\/produits\/guardianfix-3\/\">\n\t\t\t<img decoding=\"async\" class=\"product__image\"\n\t\t\t\t src=\"https:\/\/kiddy.com\/app\/uploads\/2022\/07\/guardianfix-3@2x-480x617-c-default.webp\"\n\t\t\t\t srcset=\"https:\/\/kiddy.com\/app\/uploads\/2022\/07\/guardianfix-3@2x-480x617-c-default.webp 1x, https:\/\/kiddy.com\/app\/uploads\/2022\/07\/guardianfix-3@2x-960x1234-c-default.webp 2x\"\n\t\t\t\t alt=\"\">\n\n\t\t\t<div class=\"product__data\">\n\t\t\t\t<h2 class=\"title title--md\">GUARDIANFIX 3<\/h2>\n\t\t\t\t<p class=\"small\">La solution confortable pour voyager <\/p>\n\n\t\t\t\t<a href=\"https:\/\/kiddy.com\/fr\/produits\/guardianfix-3\/\" class=\"button button--text-white button--arrow-long\">Voir plus<\/a>\n\t\t\t<\/div>\n\t\t<\/div>\n\t<\/section>\n\n\n\n<section id=\"\" class=\"paralax-text acf-block acf-block-id-block_6e4f379e4a503ec01bf4e6a48d4ad4c7 \">\n\t<div class=\"container\">\n\t\t<div class=\"row\">\n\t\t\t<div class=\"col-12 col-xl-6 paralax-text__image-container\">\n\t\t\t\t<picture>\n\t\t\t\t\t<source srcset=\"https:\/\/kiddy.com\/app\/uploads\/2022\/07\/Kiddy-fotelik-samochodowy-CRUISERFIX3-budowa-home-1184x1196-c-default.webp 1x, https:\/\/kiddy.com\/app\/uploads\/2022\/07\/Kiddy-fotelik-samochodowy-CRUISERFIX3-budowa-home-2368x2392-c-default.webp 2x\" media=\"(min-width: 1200px)\">\n\t\t\t\t\t<source srcset=\"https:\/\/kiddy.com\/app\/uploads\/2022\/07\/Kiddy-fotelik-samochodowy-CRUISERFIX3-budowa-home-345x350-c-default.webp 1x, https:\/\/kiddy.com\/app\/uploads\/2022\/07\/Kiddy-fotelik-samochodowy-CRUISERFIX3-budowa-home-690x700-c-default.webp 2x\">\n\t\t\t\t\t<img decoding=\"async\" class=\"paralax-text__image\"\n\t\t\t\t\t\t src=\"https:\/\/kiddy.com\/app\/uploads\/2022\/07\/Kiddy-fotelik-samochodowy-CRUISERFIX3-budowa-home-1184x1196-c-default.webp 1x, https:\/\/kiddy.com\/app\/uploads\/2022\/07\/Kiddy-fotelik-samochodowy-CRUISERFIX3-budowa-home-2368x2392-c-default.webp\"\n\t\t\t\t\t\t alt=\"\"\n\t\t\t\t\t\t data-paralax data-paralax-direction=\"top\" data-paralax-speed=\"0.20\" data-paralax-mobile-speed=\"0.15\">\n\t\t\t\t<\/picture>\n\n\t\t\t<\/div>\n\t\t\t<div class=\"col-12 col-xl-6 col-xxl-5\">\n\t\t\t\t<h1 class=\"paralax-text__title\">Si\u00e8ges auto pour enfants<\/h1>\n\t\t\t\t<div class=\"paralax-text__description\"><p><strong>Une combinaison intelligente et sans compromis de technologie, d&#8217;esth\u00e9tique et d&#8217;ergonomie.<\/strong> D\u00e9couvrez nos si\u00e8ges auto pour enfants et choisissez des solutions s\u00fbres con\u00e7ues pour l&#8217;avenir.<\/p>\n<\/div>\n\t\t\t\t<a href=\"https:\/\/kiddy.com\/fr\/a-propos-de-la-marque\" class=\"button button--black button--arrow\">D\u00e9couvrez Kiddy<\/a>\n\t\t\t<\/div>\n\t\t<\/div>\n\t<\/div>\n<\/section>\n\n\n<section id=\"\" class=\"images-and-text-black-bg acf-block acf-block-id-block_7ba477c04fd2da9f13b104b3383f29d2 \">\n\t<div class=\"container\">\n\t\t<div class=\"row\">\n\t\t\t<div class=\"col-12 col-lg-5 col-xxl-6\">\n\t\t\t\t<div class=\"images-and-text-black-bg__first-image-container\">\n\t\t\t\t\t<picture>\n\t\t\t\t\t\t<source srcset=\"https:\/\/kiddy.com\/app\/uploads\/2022\/07\/Kiddy-fotelik-samochodowy-EVOLUNA-ISIZE2-przekroj@2x-795x1079-c-default.webp 1x, https:\/\/kiddy.com\/app\/uploads\/2022\/07\/Kiddy-fotelik-samochodowy-EVOLUNA-ISIZE2-przekroj@2x-1590x2158-c-default.webp 2x\" media=\"(min-width: 992px)\">\n\t\t\t\t\t\t<source srcset=\"https:\/\/kiddy.com\/app\/uploads\/2022\/07\/Kiddy-fotelik-samochodowy-EVOLUNA-ISIZE2-przekroj@2x-375x509-c-default.webp 1x, https:\/\/kiddy.com\/app\/uploads\/2022\/07\/Kiddy-fotelik-samochodowy-EVOLUNA-ISIZE2-przekroj@2x-750x1018-c-default.webp 2x\">\n\t\t\t\t\t\t<img decoding=\"async\" class=\"images-and-text-black-bg__first-image\"\n\t\t\t\t\t\t\t src=\"https:\/\/kiddy.com\/app\/uploads\/2022\/07\/Kiddy-fotelik-samochodowy-EVOLUNA-ISIZE2-przekroj@2x-795x1079-c-default.webp\"\n\t\t\t\t\t\t\t srcset=\"https:\/\/kiddy.com\/app\/uploads\/2022\/07\/Kiddy-fotelik-samochodowy-EVOLUNA-ISIZE2-przekroj@2x-795x1079-c-default.webp 1x, https:\/\/kiddy.com\/app\/uploads\/2022\/07\/Kiddy-fotelik-samochodowy-EVOLUNA-ISIZE2-przekroj@2x-1590x2158-c-default.webp 2x\"\n\t\t\t\t\t\t\t alt=\"\">\n\t\t\t\t\t<\/picture>\n\t\t\t\t<\/div>\n\t\t\t<\/div>\n\n\t\t\t<div class=\"col-12 col-lg-7 col-xxl-5\">\n\t\t\t\t<h2 class=\"images-and-text-black-bg__title\">S\u00e9curit\u00e9 garantie<\/h2>\n\t\t\t\t<div class=\"images-and-text-black-bg__description\"><p><span data-sheets-formula-bar-text-style=\"font-size:13px;color:#000000;font-weight:normal;text-decoration:none;font-family:'Arial';font-style:normal;text-decoration-skip-ink:none;\">Nous fixons les normes de s\u00e9curit\u00e9 les plus \u00e9lev\u00e9es. Chaque si\u00e8ge Kiddy r\u00e9pond aux normes les plus strictes en mati\u00e8re de protection des enfants en voiture, et la qualit\u00e9 de nos produits est confirm\u00e9e par notre position \u00e9lev\u00e9e dans les classements mondiaux et les certificats d&#8217;institutions europ\u00e9ennes ind\u00e9pendantes telles que : <\/span><strong>ADAC, Stiftung Warentest et \u00d6AMTC.<\/strong><\/p>\n<\/div>\n\t\t\t<\/div>\n\t\t<\/div>\n\n\n\t\t<div class=\"row\">\n\t\t\t<div class=\"col-12 col-lg-6 col-xxxl-5 offset-xxxl-1 order-2 order-lg-1\">\n\t\t\t\t<h2 class=\"title title--xl\">Efficacit\u00e9 prouv\u00e9e par des tests<\/h2>\n\t\t\t\t<div class=\"images-and-text-black-bg__description\"><p>Tous les produits sont soigneusement analys\u00e9s et soumis \u00e0 des \u00e9tudes techniques d\u00e9taill\u00e9es et \u00e0 des crash-tests avant d&#8217;\u00eatre lanc\u00e9s sur le march\u00e9. Leurs r\u00e9sultats fournissent une \u00e9valuation compl\u00e8te de la qualit\u00e9 des si\u00e8ges et prennent en compte des cat\u00e9gories telles que <strong>la s\u00e9curit\u00e9, le confort, l&#8217;utilisation, le nettoyage ou la pr\u00e9sence de substances nocives.<\/strong><\/p>\n<\/div>\n\t\t\t<\/div>\n\n\t\t\t<div class=\"col-12 col-lg-6 order-1 order-lg-2\">\n\t\t\t\t<picture>\n\t\t\t\t\t<source srcset=\"https:\/\/kiddy.com\/app\/uploads\/2022\/09\/Fotelik-samochodowy-Kiddy-CRUISERFIX-3-ADAC-815x735-c-default.webp 1x, https:\/\/kiddy.com\/app\/uploads\/2022\/09\/Fotelik-samochodowy-Kiddy-CRUISERFIX-3-ADAC-1630x1470-c-default.webp 2x\" media=\"(min-width: 992px)\">\n\t\t\t\t\t<source srcset=\"https:\/\/kiddy.com\/app\/uploads\/2022\/09\/Fotelik-samochodowy-Kiddy-CRUISERFIX-3-ADAC-345x311-c-default.webp 1x, https:\/\/kiddy.com\/app\/uploads\/2022\/09\/Fotelik-samochodowy-Kiddy-CRUISERFIX-3-ADAC-690x622-c-default.webp 2x\">\n\t\t\t\t\t<img decoding=\"async\" class=\"images-and-text-black-bg__second-image\"\n\t\t\t\t\t\t src=\"https:\/\/kiddy.com\/app\/uploads\/2022\/09\/Fotelik-samochodowy-Kiddy-CRUISERFIX-3-ADAC-815x735-c-default.webp\"\n\t\t\t\t\t\t srcset=\"https:\/\/kiddy.com\/app\/uploads\/2022\/09\/Fotelik-samochodowy-Kiddy-CRUISERFIX-3-ADAC-815x735-c-default.webp 1x, https:\/\/kiddy.com\/app\/uploads\/2022\/09\/Fotelik-samochodowy-Kiddy-CRUISERFIX-3-ADAC-1630x1470-c-default.webp 2x\"\n\t\t\t\t\t\t alt=\"\">\n\t\t\t\t<\/picture>\n\t\t\t<\/div>\n\t\t<\/div>\n\t<\/div>\n<\/section>\n\n\n<section id=\"\" class=\"paralax-text paralax-text--v2 acf-block acf-block-id-block_62910c1dffa3dd6393e6c2281a0db667 \">\n\t<div class=\"container\">\n\t\t<div class=\"row\">\n\t\t\t<div class=\"col-12 col-lg-6\">\n\t\t\t\t<picture>\n\t\t\t\t\t<source srcset=\"https:\/\/kiddy.com\/app\/uploads\/2022\/07\/Kiddy-fotelik-samochodowy-EVOLUNA-ISIZE2-budowa-936x1647-c-default.webp 1x, https:\/\/kiddy.com\/app\/uploads\/2022\/07\/Kiddy-fotelik-samochodowy-EVOLUNA-ISIZE2-budowa-1872x3294-c-default.webp 2x\" media=\"(min-width: 992px)\">\n\t\t\t\t\t<source srcset=\"https:\/\/kiddy.com\/app\/uploads\/2022\/07\/Kiddy-fotelik-samochodowy-EVOLUNA-ISIZE2-budowa-mobile-329x477-c-center.webp 1x, https:\/\/kiddy.com\/app\/uploads\/2022\/07\/Kiddy-fotelik-samochodowy-EVOLUNA-ISIZE2-budowa-mobile-658x954-c-center.webp 2x\">\n\t\t\t\t\t<img decoding=\"async\" class=\"paralax-text__image paralax-text__image--v2\"\n\t\t\t\t\t\t src=\"https:\/\/kiddy.com\/app\/uploads\/2022\/07\/Kiddy-fotelik-samochodowy-EVOLUNA-ISIZE2-budowa-936x1647-c-default.webp\"\n\t\t\t\t\t\t srcset=\"https:\/\/kiddy.com\/app\/uploads\/2022\/07\/Kiddy-fotelik-samochodowy-EVOLUNA-ISIZE2-budowa-936x1647-c-default.webp 1x, https:\/\/kiddy.com\/app\/uploads\/2022\/07\/Kiddy-fotelik-samochodowy-EVOLUNA-ISIZE2-budowa-1872x3294-c-default.webp 2x\"\n\t\t\t\t\t\t alt=\"\"\n\t\t\t\t\t\t data-paralax data-paralax-direction=\"top\" data-paralax-speed=\"0.2\"\n\t\t\t\t\t>\n\t\t\t\t<\/picture>\n\t\t\t<\/div>\n\t\t\t<div class=\"col-12 col-lg-6 col-xxl-5\">\n\t\t\t\t<div class=\"paralax-text__content\">\n\t\t\t\t\t<img decoding=\"async\" class=\"paralax-text__logo\"\n\t\t\t\t\t\t src=\"https:\/\/kiddy.com\/app\/uploads\/2022\/07\/engineered-ingermany.svg\"\n\t\t\t\t\t\t alt=\"\">\n\t\t\t\t\t<h2 class=\"paralax-text__title\">Technologie allemande<\/h2>\n\t\t\t\t\t<div class=\"paralax-text__description\"><p><strong>Des brevets innovants, des syst\u00e8mes avanc\u00e9s et des mat\u00e9riaux de la plus haute qualit\u00e9<\/strong> &#8211; une technologie et une ergonomie qui vont au-del\u00e0 de la conception standard. Les produits Kiddy combinent une technologie de pointe, une fonctionnalit\u00e9 et un design moderne dans lequel l&#8217;attention port\u00e9e aux moindres d\u00e9tails est visible.<\/p>\n<\/div>\n\t\t\t\t<\/div>\n\t\t\t<\/div>\n\t\t<\/div>\n\t<\/div>\n<\/section>\n\n\n\n<section id=\"\" class=\"title-description  acf-block acf-block-id-block_ccd9fb0979d18818c5b2e3aa15c2d776 \">\n\t<div class=\"container order-2 order-lg-1\">\n\t\t<div class=\"row\">\n\t\t\t<div class=\"col-12 col-lg-6\">\n\t\t\t\t<h2 class=\"title-description__title\">50 ans d&#8217;exp\u00e9rience<\/h2>\n\t\t\t<\/div>\n\t\t\t<div class=\"col-12 col-lg-6\">\n\t\t\t\t<div class=\"title-description__content\"><p>Chez Kiddy, nous connaissons le design. Nous venons du monde de l&#8217;automobile et nous avons mis au point un grand nombre des syst\u00e8mes les plus s\u00fbrs du march\u00e9. <strong>Depuis plus de 50 ans, nous cr\u00e9ons des si\u00e8ges qui allient l&#8217;exp\u00e9rience d&#8217;experts et la l\u00e9gendaire pr\u00e9cision allemande<\/strong>, ce qui nous a valu la confiance des consommateurs du monde entier et la reconnaissance de l&#8217;industrie.<\/p>\n<\/div>\n\t\t\t<\/div>\n\t\t<\/div>\n\t<\/div>\n\t\t<div class=\"order-1 order-lg-2\">\n\t\t<div class=\"title-description__images\">\n\t\t\t\t\t\t\t\t\t\t\t<picture class=\"title-description__image-left\" data-paralax data-paralax-direction=\"right\" data-paralax-speed=\"0.1\">\n\t\t\t\t\t<source srcset=\"https:\/\/kiddy.com\/app\/uploads\/2022\/07\/Kobieta-mezczyzna-w-aucie-dziecko-w-foteliku-984x721-c-default.webp 1x, https:\/\/kiddy.com\/app\/uploads\/2022\/07\/Kobieta-mezczyzna-w-aucie-dziecko-w-foteliku-1968x1442-c-default.webp 2x\" media=\"(min-width: 992px)\">\n\t\t\t\t\t<source srcset=\"https:\/\/kiddy.com\/app\/uploads\/2022\/07\/Kobieta-mezczyzna-w-aucie-dziecko-w-foteliku-270x198-c-default.webp 1x, https:\/\/kiddy.com\/app\/uploads\/2022\/07\/Kobieta-mezczyzna-w-aucie-dziecko-w-foteliku-540x396-c-default.webp 2x\">\n\t\t\t\t\t<img decoding=\"async\" src=\"https:\/\/kiddy.com\/app\/uploads\/2022\/07\/Kobieta-mezczyzna-w-aucie-dziecko-w-foteliku-984x721-c-default.webp\"\n\t\t\t\t\t\t srcset=\"https:\/\/kiddy.com\/app\/uploads\/2022\/07\/Kobieta-mezczyzna-w-aucie-dziecko-w-foteliku-984x721-c-default.webp 1x, https:\/\/kiddy.com\/app\/uploads\/2022\/07\/Kobieta-mezczyzna-w-aucie-dziecko-w-foteliku-1968x1442-c-default.webp 2x\"\n\t\t\t\t\t\t alt=\"\"\n\t\t\t\t\t>\n\t\t\t\t<\/picture>\n\n\t\t\t\t\t\t\t\t<picture class=\"title-description__image-right\" data-paralax data-paralax-direction=\"left\" data-paralax-speed=\"0.1\">\n\t\t\t\t\t<source srcset=\"https:\/\/kiddy.com\/app\/uploads\/2022\/07\/Dziewczynka-w-aucie-siedzaca-w-foteliku-CRUISERFIX3-1258x922-c-default.webp 1x, https:\/\/kiddy.com\/app\/uploads\/2022\/07\/Dziewczynka-w-aucie-siedzaca-w-foteliku-CRUISERFIX3-2516x1844-c-default.webp 2x\" media=\"(min-width: 992px)\">\n\t\t\t\t\t<source srcset=\"https:\/\/kiddy.com\/app\/uploads\/2022\/07\/Dziewczynka-w-aucie-siedzaca-w-foteliku-CRUISERFIX3-270x198-c-default.webp 1x, https:\/\/kiddy.com\/app\/uploads\/2022\/07\/Dziewczynka-w-aucie-siedzaca-w-foteliku-CRUISERFIX3-540x396-c-default.webp 2x\">\n\t\t\t\t\t<img decoding=\"async\" src=\"https:\/\/kiddy.com\/app\/uploads\/2022\/07\/Dziewczynka-w-aucie-siedzaca-w-foteliku-CRUISERFIX3-1258x922-c-default.webp\"\n\t\t\t\t\t\t srcset=\"https:\/\/kiddy.com\/app\/uploads\/2022\/07\/Dziewczynka-w-aucie-siedzaca-w-foteliku-CRUISERFIX3-1258x922-c-default.webp 1x, https:\/\/kiddy.com\/app\/uploads\/2022\/07\/Dziewczynka-w-aucie-siedzaca-w-foteliku-CRUISERFIX3-2516x1844-c-default.webp 2x\"\n\t\t\t\t\t\t alt=\"\"\n\t\t\t\t\t>\n\t\t\t\t<\/picture>\n\t\t\t\t\t<\/div>\n\t<\/div>\n\t<\/section>\n\n\n<section id=\"\" class=\"programs acf-block acf-block-id-block_36f18548770aece3fe98586f76d6292e \">\n\t<div class=\"container\">\n\t\t<div class=\"row\">\n\t\t\t<div class=\"col-12\">\n\t\t\t\t<h2 class=\"programs__title\">Soutien complet<\/h2>\n\t\t\t<\/div>\n\t\t<\/div>\n\n\t\t<div class=\"row\">\n\t\t\t<div class=\"col-12 col-lg-6\">\n\t\t\t\t<div class=\"program\">\n\t\t\t\t\t<div class=\"program__top\">\n\t\t\t\t\t\t<div class=\"program__logo program__logo--left\">\n\t\t\t\t\t\t\t<img decoding=\"async\" src=\"https:\/\/kiddy.com\/app\/uploads\/2023\/01\/Safe-Car-Seat-Logo.png\" alt=\"\">\n\t\t\t\t\t\t<\/div>\n\n\t\t\t\t\t\t<h3 class=\"program__title\">Remplacement de votre si\u00e8ge par un nouveau<\/h3>\n\t\t\t\t\t\t<div class=\"program__description\"><p>Chez Kiddy, nous savons \u00e0 quel point la s\u00e9curit\u00e9 de nos plus jeunes passagers est importante, c&#8217;est pourquoi, lorsque vous achetez notre produit, vous adh\u00e9rez au programme Safe Car Seat et avez la possibilit\u00e9 d&#8217;\u00e9changer gratuitement votre si\u00e8ge apr\u00e8s un accident contre un nouveau.<\/p>\n<\/div>\n\t\t\t\t\t<\/div>\n\n\t\t\t\t\t\t\t\t\t\t\t<a href=\"https:\/\/kiddy.com\/fr\/siege-auto-securitaire#bezpieczny-fotelik\" class=\"button button--black button--arrow button--long\" target=\"_blank\">Remplacez votre si\u00e8ge par un nouveau<\/a>\n\t\t\t\t\t\t\t\t\t<\/div>\n\t\t\t<\/div>\n\n\t\t\t<div class=\"col-12 col-lg-6\">\n\t\t\t\t<div class=\"program\">\n\t\t\t\t\t<div class=\"program__top\">\n\t\t\t\t\t\t<div class=\"program__logo program__logo--right\">\n\t\t\t\t\t\t\t<img decoding=\"async\" src=\"https:\/\/kiddy.com\/app\/uploads\/2023\/01\/10-and-garantie-logo-Kiddy-e1673613412387.png\" alt=\"\">\n\t\t\t\t\t\t<\/div>\n\n\t\t\t\t\t\t<h3 class=\"program__title\">Une garantie plus longue<\/h3>\n\t\t\t\t\t\t<div class=\"program__description\"><p>Pour r\u00e9pondre aux besoins et aux attentes de nos clients, nous proposons une extension de garantie qui comprend <strong>une p\u00e9riode de 10 ans et donne droit \u00e0 la r\u00e9paration ou au remplacement gratuit d&#8217;une pi\u00e8ce d\u00e9fectueuse du si\u00e8ge.<\/strong><\/p>\n<\/div>\n\t\t\t\t\t<\/div>\n\n\t\t\t\t\t\t\t\t\t\t\t<a href=\"https:\/\/kiddy.com\/fr\/garantie-de-10-ans\/\" class=\"button button--black button--arrow button--w310\" target=\"_blank\">Prolongez votre garantie<\/a>\n\t\t\t\t\t\t\t\t\t<\/div>\n\t\t\t<\/div>\n\t\t<\/div>\n\t<\/div>\n<\/section>\n\n\n\n\n\n\n        <div class=\"BkGoogleMapBlock\" id=\"map\">\n        <div class=\"container\">\n                            <h2 class=\"BkGoogleMapBlock__title\">Achetez des produits Kiddy en ligne chez nos partenaires <\/h2>\n                                    <div class=\"BkGoogleMapBlock__button-wrapper\">\n                <a class=\"BkGoogleMapBlock__button button button--black\" href=\"#block_3253947ffe57f66157317b38a60a88de\">Trouvez un magasin<\/a>\n            <\/div>\n                    <\/div>\n        <div id=\"block_3253947ffe57f66157317b38a60a88de\" data-BkGoogleMap\n             data-BkGoogleMap-apiKey=\"AIzaSyCQ16T3uRBAUVyyaG7xAtkqWiix9JpRwZQ\"\n             data-BkGoogleMap-endpoint=\"https:\/\/kiddy.com\/fr\/wp-json\/bk_google_map\/v1\/search\/query\"\n        ><\/div>\n    <\/div>\n\n    ","protected":false},"excerpt":{"rendered":"","protected":false},"author":5,"featured_media":0,"parent":0,"menu_order":0,"comment_status":"closed","ping_status":"closed","template":"","meta":{"_acf_changed":false,"footnotes":""},"class_list":["post-3812","page","type-page","status-publish","hentry"],"acf":[],"yoast_head":"<!-- This site is optimized with the Yoast SEO plugin v27.3 - https:\/\/yoast.com\/product\/yoast-seo-wordpress\/ -->\n<title>Kiddy - si\u00e8ges auto du futur<\/title>\n<meta name=\"description\" content=\"\u2606 Si\u00e8ges auto premium \u2606 50 ans d&#039;exp\u00e9rience \u2606 Technologie allemande \u2606 Programme Safe Seat \u2606 Garantie de 10 ans\" \/>\n<meta name=\"robots\" content=\"index, follow, max-snippet:-1, max-image-preview:large, max-video-preview:-1\" \/>\n<link rel=\"canonical\" href=\"https:\/\/kiddy.com\/fr\/\" \/>\n<meta property=\"og:locale\" content=\"fr_FR\" \/>\n<meta property=\"og:type\" content=\"article\" \/>\n<meta property=\"og:title\" content=\"Kiddy - si\u00e8ges auto du futur\" \/>\n<meta property=\"og:description\" content=\"\u2606 Si\u00e8ges auto premium \u2606 50 ans d&#039;exp\u00e9rience \u2606 Technologie allemande \u2606 Programme Safe Seat \u2606 Garantie de 10 ans\" \/>\n<meta property=\"og:url\" content=\"https:\/\/kiddy.com\/fr\/\" \/>\n<meta property=\"og:site_name\" content=\"Kiddy\" \/>\n<meta property=\"article:publisher\" content=\"https:\/\/www.facebook.com\/kiddypolska\/\" \/>\n<meta property=\"article:modified_time\" content=\"2023-02-09T10:04:34+00:00\" \/>\n<meta property=\"og:image\" content=\"https:\/\/kiddy.com\/app\/uploads\/2022\/09\/Logo-Kiddy-Engineered-with-love.jpg\" \/>\n\t<meta property=\"og:image:width\" content=\"841\" \/>\n\t<meta property=\"og:image:height\" content=\"595\" \/>\n\t<meta property=\"og:image:type\" content=\"image\/jpeg\" \/>\n<meta name=\"twitter:card\" content=\"summary_large_image\" \/>\n<!-- \/ Yoast SEO plugin. -->","yoast_head_json":{"title":"Kiddy - si\u00e8ges auto du futur","description":"\u2606 Si\u00e8ges auto premium \u2606 50 ans d'exp\u00e9rience \u2606 Technologie allemande \u2606 Programme Safe Seat \u2606 Garantie de 10 ans","robots":{"index":"index","follow":"follow","max-snippet":"max-snippet:-1","max-image-preview":"max-image-preview:large","max-video-preview":"max-video-preview:-1"},"canonical":"https:\/\/kiddy.com\/fr\/","og_locale":"fr_FR","og_type":"article","og_title":"Kiddy - si\u00e8ges auto du futur","og_description":"\u2606 Si\u00e8ges auto premium \u2606 50 ans d'exp\u00e9rience \u2606 Technologie allemande \u2606 Programme Safe Seat \u2606 Garantie de 10 ans","og_url":"https:\/\/kiddy.com\/fr\/","og_site_name":"Kiddy","article_publisher":"https:\/\/www.facebook.com\/kiddypolska\/","article_modified_time":"2023-02-09T10:04:34+00:00","og_image":[{"width":841,"height":595,"url":"https:\/\/kiddy.com\/app\/uploads\/2022\/09\/Logo-Kiddy-Engineered-with-love.jpg","type":"image\/jpeg"}],"twitter_card":"summary_large_image","schema":{"@context":"https:\/\/schema.org","@graph":[{"@type":"WebPage","@id":"https:\/\/kiddy.com\/fr\/","url":"https:\/\/kiddy.com\/fr\/","name":"Kiddy - si\u00e8ges auto du futur","isPartOf":{"@id":"https:\/\/kiddy.com\/#website"},"datePublished":"2022-06-20T12:58:43+00:00","dateModified":"2023-02-09T10:04:34+00:00","description":"\u2606 Si\u00e8ges auto premium \u2606 50 ans d'exp\u00e9rience \u2606 Technologie allemande \u2606 Programme Safe Seat \u2606 Garantie de 10 ans","breadcrumb":{"@id":"https:\/\/kiddy.com\/fr\/#breadcrumb"},"inLanguage":"fr-FR","potentialAction":[{"@type":"ReadAction","target":["https:\/\/kiddy.com\/fr\/"]}]},{"@type":"BreadcrumbList","@id":"https:\/\/kiddy.com\/fr\/#breadcrumb","itemListElement":[{"@type":"ListItem","position":1,"name":"Strona g\u0142\u00f3wna","item":"https:\/\/kiddy.com\/fr\/"},{"@type":"ListItem","position":2,"name":"Page d&#8217;accueil"}]},{"@type":"WebSite","@id":"https:\/\/kiddy.com\/#website","url":"https:\/\/kiddy.com\/","name":"Kiddy","description":"Kiddy","publisher":{"@id":"https:\/\/kiddy.com\/#organization"},"potentialAction":[{"@type":"SearchAction","target":{"@type":"EntryPoint","urlTemplate":"https:\/\/kiddy.com\/?s={search_term_string}"},"query-input":{"@type":"PropertyValueSpecification","valueRequired":true,"valueName":"search_term_string"}}],"inLanguage":"fr-FR"},{"@type":"Organization","@id":"https:\/\/kiddy.com\/#organization","name":"Kiddy","url":"https:\/\/kiddy.com\/","logo":{"@type":"ImageObject","inLanguage":"fr-FR","@id":"https:\/\/kiddy.com\/#\/schema\/logo\/image\/","url":"https:\/\/kiddy.com\/app\/uploads\/2022\/09\/Logo-Kiddy-Engineered-with-love.jpg","contentUrl":"https:\/\/kiddy.com\/app\/uploads\/2022\/09\/Logo-Kiddy-Engineered-with-love.jpg","width":841,"height":595,"caption":"Kiddy"},"image":{"@id":"https:\/\/kiddy.com\/#\/schema\/logo\/image\/"},"sameAs":["https:\/\/www.facebook.com\/kiddypolska\/","https:\/\/www.instagram.com\/kiddy_global\/","https:\/\/www.youtube.com\/channel\/UC1RBJ6VMaCFUrU0BoLF5nvA"]}]}},"_links":{"self":[{"href":"https:\/\/kiddy.com\/fr\/wp-json\/wp\/v2\/pages\/3812","targetHints":{"allow":["GET"]}}],"collection":[{"href":"https:\/\/kiddy.com\/fr\/wp-json\/wp\/v2\/pages"}],"about":[{"href":"https:\/\/kiddy.com\/fr\/wp-json\/wp\/v2\/types\/page"}],"author":[{"embeddable":true,"href":"https:\/\/kiddy.com\/fr\/wp-json\/wp\/v2\/users\/5"}],"replies":[{"embeddable":true,"href":"https:\/\/kiddy.com\/fr\/wp-json\/wp\/v2\/comments?post=3812"}],"version-history":[{"count":3,"href":"https:\/\/kiddy.com\/fr\/wp-json\/wp\/v2\/pages\/3812\/revisions"}],"predecessor-version":[{"id":4319,"href":"https:\/\/kiddy.com\/fr\/wp-json\/wp\/v2\/pages\/3812\/revisions\/4319"}],"wp:attachment":[{"href":"https:\/\/kiddy.com\/fr\/wp-json\/wp\/v2\/media?parent=3812"}],"curies":[{"name":"wp","href":"https:\/\/api.w.org\/{rel}","templated":true}]}}