{"id":1956,"date":"2022-09-12T14:48:40","date_gmt":"2022-09-12T12:48:40","guid":{"rendered":"https:\/\/kiddy.bkapps.pl\/?page_id=1956"},"modified":"2022-09-19T09:43:13","modified_gmt":"2022-09-19T07:43:13","slug":"vorschriften-des-programms-safe-car-seat","status":"publish","type":"page","link":"https:\/\/kiddy.com\/de\/vorschriften-des-programms-safe-car-seat\/","title":{"rendered":"VORSCHRIFTEN DES PROGRAMMS \u201eSAFE CAR SEAT\u201d"},"content":{"rendered":"\n<ol class=\"wp-block-list\" type=\"1\" id=\"block-6c123191-157b-440c-8c3f-9acf9e813ebb\"><li><strong>ALLGEMEINE BESTIMMUNGEN<\/strong><ol><li>[Veranstalter] Der Veranstalter des Programms \u201eSAFE CAR SEAT\u201d (im Folgenden \u201eProgramm\u201c genannt) ist 4Kraft sp. z o.o. mit Sitz in Pozna\u0144, ul. eingetragen im Unternehmerregister des Nationalen Gerichtsregisters, gef\u00fchrt vom Amtsgericht Pozna\u0144 &#8211; Nowe Miasto und Wilda in Pozna\u0144, VIII. Handelskammer des Nationalen Gerichtsregisters unter der KRS-Nummer: 0000378767, mit der NIP-Nummer: 7811861679, REGON-Nummer: 301679527.\u00a0<\/li><li>[Zeit und Umfang des Programms] Dieses Programm gilt f\u00fcr Produkte der Marke Kiddy, die im Gebiet der Mitgliedstaaten der Europ\u00e4ischen Union, unter Ausschluss der \u00dcberseegebiete, insbesondere: Azoren, Madeira, Kanarische Inseln, franz\u00f6sische \u00fcberseeische Departements, \u00c5land, Athos, Ceuta, Melilla, Helgoland, B\u00fcsingen am Hochrhein, Campione d&#8217;Italia und Livigno sowie auf dem Gebiet des Vereinigten K\u00f6nigreichs Gro\u00dfbritannien und Nordirland, mit Ausnahme der britischen \u00dcberseegebiete, insbesondere: Falklandinseln, Bermuda und Kaimaninseln, (im Folgenden: <strong>\u201e<\/strong>Produkte\u201d genannt). Das Programm wird Verbrauchern angeboten, die Kiddy -Produkte f\u00fcr den privaten Gebrauch erworben haben (\u201eDirektverbraucher&#8221;).<\/li><li>[Unter das Programm fallende Produkte] Das Programm deckt alle vom Veranstalter angebotenen Modelle von Kindersitzen, die in dem unter Punkt 1.2. genannten Gebiet gekauft werden, f\u00fcr einen Zeitraum von 6 (sechs) Jahren ab dem Kaufdatum ab, im Folgenden \u201eSitze\u201c genannt.<\/li><li>[Zweck des Programms] Zweck des Programms ist es, die Produkte der Marke Kiddy zu f\u00f6rdern und dem Direktverbraucher den bestm\u00f6glichen Service zu garantieren.<\/li><li>[Vorteile der Teilnahme am Programm] Durch die Teilnahme am Programm erh\u00e4lt der Teilnehmer die M\u00f6glichkeit, den Sitz nach einem Unfall zur\u00fcckzugeben und einen neuen, fehlerfreien Sitz zu erwerben, sofern die in den Vorschriften beschriebenen Voraussetzungen erf\u00fcllt sind.<\/li><li>[Programmteilnehmer] Das Programm steht nat\u00fcrlichen, vollj\u00e4hrigen Personen offen, die:<ul><li>voll gesch\u00e4ftsf\u00e4hig<\/li><li>sowie Verbraucher im Sinne von Artikel 22 Absatz 1 des Zivilgesetzbuchs sind,<\/li><li>ihren Wohnsitz in dem unter Nummer 1.2 definierten Gebiet haben,<\/li><li>einen der Autositze gekauft haben und die ersten Besitzer sind, und<\/li><li>einen Kaufnachweis in Form einer Kopie einer Quittung oder einer Rechnung mit ausgewiesener Mehrwertsteuer besitzen und die in der Gesch\u00e4ftsordnung festgelegten Teilnahmebedingungen erf\u00fcllen,<\/li><li>diese Allgemeinen Gesch\u00e4ftsbedingungen gelesen und akzeptiert haben,<br><br>(nachstehend \u201eTeilnehmer\u201c genannt).<\/li><\/ul><\/li><li>[Die vorliegenden Bedingungen (\u201eBedingungen\u201c) bilden die Grundlage des Programms, regeln die Voraussetzungen f\u00fcr die Teilnahme am Programm und definieren die Rechte und Pflichten der Programmteilnehmer sowie die Rechte und Pflichten des Veranstalters. Der Inhalt der Bedingungen kann am Sitz des Veranstalters und auf der Website www. kiddy.com eingesehen werden. Die Teilnehmer des Programms sind verpflichtet, die in den Bedingungen enthaltenen Regeln einzuhalten. Im Falle eines Versto\u00dfes gegen diese Regeln ist der Veranstalter berechtigt, den Teilnehmer von dem Programm auszuschlie\u00dfen. Insbesondere ist der Veranstalter berechtigt, einen Teilnehmer vom Programm auszuschlie\u00dfen, wenn er den Verdacht hat, dass er gegen die vorliegenden Bestimmungen, die geltenden Gesetze und die Regeln des gesellschaftlichen Zusammenlebens verst\u00f6\u00dft.<\/li><\/ol><\/li><li><strong>VORAUSSETZUNGEN F\u00dcR DIE TEILNAHME AN DEM PROGRAMM, ANMELDUNG<\/strong><ol><li>Die Voraussetzungen f\u00fcr die Teilnahme am Programm sind ausschlie\u00dflich in den Bedingungen und in geltenden gesetzlichen Bestimmungen festgelegt.<\/li><li>Die Teilnahme an dem Programm ist vollkommen freiwillig.<\/li><li>Die Ausgabe eines neuen Sitzes im Rahmen des Programms erfolgt, wenn die folgenden Kriterien kumulativ erf\u00fcllt sind:<ol><li>Der Teilnehmer war in einen Unfall\/Verkehrsunfall\/eine Kollision verwickelt, bei dem der Sitz in seinem Auto korrekt eingebaut war (Isofix, Gurte),<\/li><li>die weitere Benutzung des Sitzes durch das Kind, das zuvor den Sitz benutzt hat, ist im Hinblick auf das Alter, die Gr\u00f6\u00dfe und das Gewicht des Kindes begr\u00fcndet,<\/li><li>der Teilnehmer hat die Teilnahme an dem Programm innerhalb von 30 Tagen nach dem Unfall\/Verkehrsunfall\/der Kollision angemeldet, indem er ein ausgef\u00fclltes Antragsformular an www.kiddy.com schickte;<\/li><li>der Teilnehmer hat dem Antragsformular die folgenden Unterlagen beigef\u00fcgt:<ul><li>Nachweis \u00fcber den Kauf des Sitzes (Quittung \/ Mehrwertsteuerrechnung),<br><br>und eines der Folgenden:<br><\/li><li>Fotodokumentation des Unfalls\/der Kollision\/des Verkehrsunfalls (einschlie\u00dflich des Aussehens des Autositzes und der Fahrzeugsch\u00e4den), an dem der Teilnehmer beteiligt war,<\/li><li>eine Kopie des Polizeiberichts \u00fcber den Unfall\/Verkehrsunfall\/die Kollision, in den bzw. die der Teilnehmer verwickelt war, einschlie\u00dflich eines Hinweises auf das Vorhandensein eines korrekt montierten Autositzes im Fahrzeug,<\/li><li>eine Kopie des Kfz-Schadenberichts an den Versicherer, aus dem hervorgeht, dass das Fahrzeug des Teilnehmers mit einem ordnungsgem\u00e4\u00df eingebauten Kindersitz ausgestattet ist;<\/li><\/ul><\/li><li>Der Teilnehmer stellt freiwillig die in Punkt 4.6. der Gesch\u00e4ftsordnung genannten Daten zur Verf\u00fcgung, die f\u00fcr die Ausstellung der PIT-8C-Steuererkl\u00e4rung erforderlich sind.<\/li><\/ol><\/li><li>Enthalten die unter 2.3.(4)(b-d) genannten Materialien personenbezogene Daten Dritter, so sollten sie vom Teilnehmer anonymisiert werden (z. B. durch Unkenntlichmachung der Daten\/Bilder anderer Teilnehmer des Vorfalls).<\/li><li>Im Formular sind folgende Daten anzugeben:<ul><li>Vor- und Nachname des Teilnehmers:<\/li><li>E-Mail-Adresse;<\/li><li>Telefonnummer (optional);<\/li><li>Adresse, an die der neue Sitz gesendet werden soll;<\/li><li>Modell des an dem Vorfall beteiligten Sitzes;<\/li><li>Seriennummer des Sitzes (falls lesbar);<\/li><li>Kaufdatum des Sitzes;<\/li><li>Datum und Ort des Unfalls\/Verkehrsunfalls\/der Kollision;<\/li><\/ul><\/li><li>Ein Teilnehmer kann mehr als einmal an dem Programm teilnehmen, sofern die in den Bedingungen festgelegten Voraussetzungen erf\u00fcllt sind. Ein und dasselbe Ereignis kann nicht die Grundlage f\u00fcr mehrere Antr\u00e4ge auf Teilnahme an dem Programm sein.<\/li><\/ol><\/li><li><strong>PR\u00dcFUNG DES ANTRAGS<\/strong><ol><li>Nach Erhalt des Antragsformulars und der vollst\u00e4ndigen Unterlagen wird der Veranstalter den Antrag eingehend pr\u00fcfen.<\/li><li>Der Veranstalter pr\u00fcft den Antrag innerhalb von 7 Arbeitstagen ab dem Datum der Zustellung der E-Mail-Nachricht. Der Teilnehmer wird \u00fcber die Entscheidung des Veranstalters in Form einer E-Mail an die von ihm angegebene Adresse informiert.<\/li><li>Der Veranstalter hat das Recht, den Teilnehmer aufzufordern, die erforderlichen Unterlagen zu vervollst\u00e4ndigen, wenn der Antrag unvollst\u00e4ndig ist. In diesem Fall beginnt die Frist f\u00fcr die Pr\u00fcfung der Anmeldung mit dem Datum des Eingangs der vollst\u00e4ndigen Anmeldung beim Veranstalter.<\/li><li>Wenn der Antrag erfolgreich ist, erh\u00e4lt der Teilnehmer Anweisungen zu den Bedingungen f\u00fcr die R\u00fcckgabe des besch\u00e4digten Sitzes.<\/li><li>Die Entscheidung des Veranstalters st\u00fctzt sich auf eine Analyse des eingereichten Antrags. Bei Erhalt eines unvollst\u00e4ndigen Antrags (trotz vorheriger Aufforderung gem\u00e4\u00df Punkt 3.3.) beh\u00e4lt sich der Veranstalter das Recht vor, den Antrag nicht zu ber\u00fccksichtigen.<\/li><\/ol><\/li><li><strong>REGELN F\u00dcR DEN AUSTAUSCH VON AUTOSITZEN<\/strong><ol><li>Um den Sitz gegen einen neuen auszutauschen, muss der Unfallsitz an den Veranstalter zur\u00fcckgegeben werden. Wird dem Antrag stattgegeben, so veranlasst der Veranstalter die Abholung des besch\u00e4digten Sitzes an der angegebenen Adresse. In diesem Fall tr\u00e4gt der Teilnehmer keine Transportkosten. Sendet der K\u00e4ufer hingegen den besch\u00e4digten Sitz freiwillig und ohne Mitwirkung des Verk\u00e4ufers auf eigene Kosten ein, ist der Verk\u00e4ufer nicht verpflichtet, die Transportkosten zu erstatten.<\/li><li>Der Veranstalter entsorgt den Autositz, der in einen Unfall oder eine Kollision im Stra\u00dfenverkehr verwickelt war, gem\u00e4\u00df den geltenden Vorschriften.<\/li><li>Der Unfallsitz wird gegen einen neuen Sitz desselben Modells in der beim Veranstalter erh\u00e4ltlichen Farbe ausgetauscht, mit der Einschr\u00e4nkung, dass der Veranstalter im Falle des Fehlens eines bestimmten Modells im Angebot das Recht hat, es gegen ein Modell auszutauschen, das den urspr\u00fcnglichen Parametern des Sitzes nach dem Unfall sowie dem Alter, dem Gewicht und der Gr\u00f6\u00dfe des Kindes am besten entspricht. Der Versand des neuen Sitzes erfolgt auf Kosten des Veranstalters.<\/li><li>Der Teilnehmer hat keinen Anspruch auf einen dem Wert des Sitzes bzw. dem Wert eines neuen Sitzes entsprechenden Barwert oder auf einen Rabatt.\u00a0<\/li><li>Der Teilnehmer hat das Recht, den vorgeschlagenen Sitz abzulehnen, was einem R\u00fccktritt vom Programm gleichkommt.<\/li><li>Der Wert des erhaltenen Sitzes gilt als Einkommen des Teilnehmers aus anderen Quellen im Sinne von Artikel 20 des Gesetzes vom 26. Juli 1991 \u00fcber die Einkommensteuer (GBl. der Rep. Polen 2018, Artikel 1509 in der jeweils g\u00fcltigen Fassung, im Folgenden \u201ePIT-Gesetz\u201c), die gem\u00e4\u00df den Bestimmungen des PIT-Gesetzes der Einkommensteuer unterliegen. Bis Ende Februar des folgenden Steuerjahres (Artikel 42 des PIT-Gesetzes) \u00fcbermittelt der Veranstalter dem Teilnehmer die entsprechenden Informationen auf dem Formular PIT-8C. Zu diesem Zweck wird der Teilnehmer vor der Ausstellung des Sitzes aufgefordert, Daten f\u00fcr die Erstellung einer PIT-8C-Steuererkl\u00e4rung anzugeben, d. h. PESEL-Nummer, Geburtsdatum, Wohnanschrift und Name des zust\u00e4ndigen Finanzamts.<\/li><\/ol><\/li><li><strong>REKLAMATIONEN<\/strong><ol><li>Alle Reklamationen \u00fcber die Funktionsweise des Programms sind schriftlich an die Adresse von 4Kraft sp. z o.o., ul. Tatrza\u0144ska 1\/5, 60-413 Pozna\u0144, Polska\/Polen oder an die folgende E-Mail-Adresse zu senden: kundenhilfe@kiddy.com mit dem Vermerk \u201eReklamation\u201c.<\/li><li>Die Beschwerde sollte Folgendes enthalten: Vorname, Nachname, E-Mail-Adresse, genaue Beschreibung des Versto\u00dfes\/der Unregelm\u00e4\u00dfigkeit, der\/die Gegenstand der Reklamation ist.<\/li><li>Reklamationen werden vom Veranstalter innerhalb von 14 Arbeitstagen ab dem Datum der Zustellung gepr\u00fcft. Die Entscheidung wird dem Teilnehmer in derselben Form, in der die Reklamation eingereicht wurde, oder in schriftlicher Form mitgeteilt. Die Entscheidung des Veranstalters ist endg\u00fcltig.<\/li><li>Nach Aussch\u00f6pfung des Reklamationsverfahrens hat der Teilnehmer das Recht, erfolglose Anspr\u00fcche im Wege eines Gerichtsverfahrens vor einem \u00f6rtlich zust\u00e4ndigen ordentlichen Gericht geltend zu machen.<\/li><\/ol><\/li><li><strong>ANGABEN ZUR PERSON<\/strong><ol><li>Verwalter der von den Teilnehmern zur Verf\u00fcgung gestellten personenbezogenen Daten ist der Veranstalter.<\/li><li>Die anvertrauten personenbezogenen Daten werden vom Veranstalter auf der Grundlage folgender Gesetze verarbeitet: &#8211; Artikel 6 Absatz 1 Buchstabe f der Allgemeinen Datenschutzverordnung vom 27. April 2016 (nachstehend \u201eDSGVO\u201c), zu folgenden Zwecken:<ul><li>Pr\u00fcfung und Beantwortung des Antrags,<\/li><li>Bereitstellung eines umfassenden Service, einschlie\u00dflich der L\u00f6sung technischer und organisatorischer Probleme,<\/li><li>Versand eines neuen Sitzes,<\/li><li>Abwehr m\u00f6glicher Anspr\u00fcche,<\/li><li>Durchf\u00fchrung von Untersuchungen und Analysen zur Verbesserung der Leistungen der verf\u00fcgbaren Dienste und der Kundendienstabteilung,<\/li><li>zu Statistikzwecken.<br>&#8211;\u00a0Artikel 6 Absatz 1 Buchstabe c) DSGVO, um:<br><\/li><li>das Formular PIT-8C gem\u00e4\u00df den Bestimmungen des PIT-Gesetzes auszustellen und abzusenden;<\/li><li>Steueraufzeichnungen in \u00dcbereinstimmung mit dem geltenden Recht zu f\u00fchren.<\/li><\/ul><\/li><li>Die personenbezogenen Daten der Teilnehmer werden bis zur Beantwortung der Antrags und bis zum Abschluss der Bearbeitung des Antrags verarbeitet. Nach Beantwortung des Antrags d\u00fcrfen die Daten l\u00e4ngstens f\u00fcr die Dauer der Verj\u00e4hrung von Anspr\u00fcchen, die dem Veranstalter gegen\u00fcber dem Teilnehmer zustehen, oder bis zum Ablauf der sich aus den gesetzlichen Vorschriften ergebenden Aufbewahrungspflicht, insbesondere der Pflicht zur Aufbewahrung von Buchhaltungsunterlagen, gespeichert werden. Personenbezogene Daten, die auf der Grundlage einer Einwilligung verarbeitet werden, werden vom Veranstalter so lange verarbeitet, bis die ausdr\u00fcckliche Einwilligung widerrufen wird. Personenbezogene Daten, die f\u00fcr die Ausstellung der PIT-8C-Erkl\u00e4rung durch den Veranstalter erforderlich sind, werden vom Veranstalter f\u00fcr den durch das geltende Recht festgelegten Zeitraum verarbeitet, d. h. mindestens 5 Jahre ab Ende des Kalenderjahres, in dem die Frist f\u00fcr die Steuerzahlung abgelaufen ist.<\/li><li>Die Angabe personenbezogener Daten im Antragsformular f\u00fcr das Programm ist freiwillig, wobei die Nichtbereitstellung von Daten dazu f\u00fchrt, dass der Veranstalter den Antrag nicht ber\u00fccksichtigen kann. Die Angabe einer Telefonnummer ist freiwillig und hat keinen Einfluss auf die Bearbeitung des Antrags, kann aber das Verfahren beschleunigen und die Zustellung der Sendung erleichtern. Die Angabe der pers\u00f6nlichen Daten, die f\u00fcr die Ausstellung des PIT-8C-Formulars durch den Veranstalter erforderlich sind, ist freiwillig, mit der Einschr\u00e4nkung, dass der Ersatz des Sitzes nach dem Unfall durch einen neuen Sitz nicht m\u00f6glich ist, wenn der Nutzer nicht alle Daten angibt, die nach den geltenden gesetzlichen Bestimmungen f\u00fcr die Erstellung des genannten Steuerformulars erforderlich sind.<\/li><li>Jedem Teilnehmer wird im Zuge seiner Bewerbung f\u00fcr das Programm eine Informationsklausel zur Verf\u00fcgung gestellt. Der Teilnehmer best\u00e4tigt, die o. g. Klausel gelesen zu haben.<\/li><\/ol><\/li><li><strong>SCHLUSSBESTIMMUNGEN<\/strong><ol><li>In Angelegenheiten, die in diesen Bedingungen nicht geregelt sind, gelten die Bestimmungen des polnischen Rechts, insbesondere die Bestimmungen des Zivilgesetzbuches.<\/li><li>Die Werbematerialien dienen nur zu Informationszwecken. Die Bestimmungen der Bedingungen sind verbindlich.<\/li><li>Der Veranstalter beh\u00e4lt sich das Recht vor, die Regeln des Programms, einschlie\u00dflich des Inhalts der Bedingungen, w\u00e4hrend der Laufzeit zu \u00e4ndern und das Programm jederzeit aus beliebigen Gr\u00fcnden abzubrechen, ohne dass dadurch die von den Teilnehmern erworbenen Rechte beeintr\u00e4chtigt werden. Der Veranstalter ist verpflichtet, die Teilnehmer \u00fcber \u00c4nderungen der Bedingungen 14 Tage im Voraus durch eine Ank\u00fcndigung auf der Website www.kiddy.com zu informieren.<\/li><li>Der Teilnehmer hat das Recht, zu jedem Zeitpunkt vom Programm zur\u00fcckzutreten, indem er eine entsprechende Erkl\u00e4rung an die E-Mail-Adresse kundenhilfe@kiddy.com oder an die Postanschrift 4Kraft sp. z o.o., ul. Tatrza\u0144ska 1\/5, 60-413 Pozna\u0144, Polska\/Polen, sendet.<\/li><li>Das Programm ist kein \u201eGl\u00fccksspiel\u201c, keine \u201eLotterie\u201c, \u201eWette\u201c oder \u201eWerbelotterie\u201c, deren Ergebnis vom Zufall abh\u00e4ngt (Auslosung) im Sinne des Artikels 2 des Gesetzes vom 19. November 2009 \u00fcber Gl\u00fccksspiele (Dz. 2018, Pos. 65 in der jeweils g\u00fcltigen Fassung).<\/li><li>Die Bedingungen des Programms treten zum 27.12.2018 in Kraft. Die derzeitige konsolidierte Fassung der Bedingungen tritt am xx.xx.2021 in Kraft.<\/li><\/ol><\/li><\/ol>\n","protected":false},"excerpt":{"rendered":"<p>ALLGEMEINE BESTIMMUNGEN [Veranstalter] Der Veranstalter des Programms \u201eSAFE CAR SEAT\u201d (im Folgenden \u201eProgramm\u201c genannt) ist 4Kraft sp. z o.o. mit Sitz in Pozna\u0144, ul. eingetragen im Unternehmerregister des Nationalen Gerichtsregisters, gef\u00fchrt vom Amtsgericht Pozna\u0144 &#8211; Nowe Miasto und Wilda in Pozna\u0144, VIII. Handelskammer des Nationalen Gerichtsregisters unter der KRS-Nummer: 0000378767, mit der NIP-Nummer: 7811861679, REGON-Nummer: [&hellip;]<\/p>\n","protected":false},"author":5,"featured_media":0,"parent":0,"menu_order":0,"comment_status":"closed","ping_status":"closed","template":"pages\/description.php","meta":{"_acf_changed":false,"footnotes":""},"class_list":["post-1956","page","type-page","status-publish","hentry"],"acf":[],"yoast_head":"<!-- This site is optimized with the Yoast SEO plugin v27.3 - https:\/\/yoast.com\/product\/yoast-seo-wordpress\/ -->\n<title>VORSCHRIFTEN DES PROGRAMMS \u201eSAFE CAR SEAT\u201d - Kiddy<\/title>\n<meta name=\"robots\" content=\"index, follow, max-snippet:-1, max-image-preview:large, max-video-preview:-1\" \/>\n<link rel=\"canonical\" href=\"https:\/\/kiddy.com\/de\/vorschriften-des-programms-safe-car-seat\/\" \/>\n<meta property=\"og:locale\" content=\"de_DE\" \/>\n<meta property=\"og:type\" content=\"article\" \/>\n<meta property=\"og:title\" content=\"VORSCHRIFTEN DES PROGRAMMS \u201eSAFE CAR SEAT\u201d - Kiddy\" \/>\n<meta property=\"og:description\" content=\"ALLGEMEINE BESTIMMUNGEN [Veranstalter] Der Veranstalter des Programms \u201eSAFE CAR SEAT\u201d (im Folgenden \u201eProgramm\u201c genannt) ist 4Kraft sp. z o.o. mit Sitz in Pozna\u0144, ul. eingetragen im Unternehmerregister des Nationalen Gerichtsregisters, gef\u00fchrt vom Amtsgericht Pozna\u0144 &#8211; Nowe Miasto und Wilda in Pozna\u0144, VIII. Handelskammer des Nationalen Gerichtsregisters unter der KRS-Nummer: 0000378767, mit der NIP-Nummer: 7811861679, REGON-Nummer: [&hellip;]\" \/>\n<meta property=\"og:url\" content=\"https:\/\/kiddy.com\/de\/vorschriften-des-programms-safe-car-seat\/\" \/>\n<meta property=\"og:site_name\" content=\"Kiddy\" \/>\n<meta property=\"article:publisher\" content=\"https:\/\/www.facebook.com\/kiddypolska\/\" \/>\n<meta property=\"article:modified_time\" content=\"2022-09-19T07:43:13+00:00\" \/>\n<meta property=\"og:image\" content=\"https:\/\/kiddy.com\/app\/uploads\/2022\/09\/Logo-Kiddy-Engineered-with-love.jpg\" \/>\n\t<meta property=\"og:image:width\" content=\"841\" \/>\n\t<meta property=\"og:image:height\" content=\"595\" \/>\n\t<meta property=\"og:image:type\" content=\"image\/jpeg\" \/>\n<meta name=\"twitter:card\" content=\"summary_large_image\" \/>\n<meta name=\"twitter:label1\" content=\"Est. reading time\" \/>\n\t<meta name=\"twitter:data1\" content=\"12 minutes\" \/>\n<!-- \/ Yoast SEO plugin. -->","yoast_head_json":{"title":"VORSCHRIFTEN DES PROGRAMMS \u201eSAFE CAR SEAT\u201d - Kiddy","robots":{"index":"index","follow":"follow","max-snippet":"max-snippet:-1","max-image-preview":"max-image-preview:large","max-video-preview":"max-video-preview:-1"},"canonical":"https:\/\/kiddy.com\/de\/vorschriften-des-programms-safe-car-seat\/","og_locale":"de_DE","og_type":"article","og_title":"VORSCHRIFTEN DES PROGRAMMS \u201eSAFE CAR SEAT\u201d - Kiddy","og_description":"ALLGEMEINE BESTIMMUNGEN [Veranstalter] Der Veranstalter des Programms \u201eSAFE CAR SEAT\u201d (im Folgenden \u201eProgramm\u201c genannt) ist 4Kraft sp. z o.o. mit Sitz in Pozna\u0144, ul. eingetragen im Unternehmerregister des Nationalen Gerichtsregisters, gef\u00fchrt vom Amtsgericht Pozna\u0144 &#8211; Nowe Miasto und Wilda in Pozna\u0144, VIII. Handelskammer des Nationalen Gerichtsregisters unter der KRS-Nummer: 0000378767, mit der NIP-Nummer: 7811861679, REGON-Nummer: [&hellip;]","og_url":"https:\/\/kiddy.com\/de\/vorschriften-des-programms-safe-car-seat\/","og_site_name":"Kiddy","article_publisher":"https:\/\/www.facebook.com\/kiddypolska\/","article_modified_time":"2022-09-19T07:43:13+00:00","og_image":[{"width":841,"height":595,"url":"https:\/\/kiddy.com\/app\/uploads\/2022\/09\/Logo-Kiddy-Engineered-with-love.jpg","type":"image\/jpeg"}],"twitter_card":"summary_large_image","twitter_misc":{"Est. reading time":"12 minutes"},"schema":{"@context":"https:\/\/schema.org","@graph":[{"@type":"WebPage","@id":"https:\/\/kiddy.com\/de\/vorschriften-des-programms-safe-car-seat\/","url":"https:\/\/kiddy.com\/de\/vorschriften-des-programms-safe-car-seat\/","name":"VORSCHRIFTEN DES PROGRAMMS \u201eSAFE CAR SEAT\u201d - Kiddy","isPartOf":{"@id":"https:\/\/kiddy.com\/#website"},"datePublished":"2022-09-12T12:48:40+00:00","dateModified":"2022-09-19T07:43:13+00:00","breadcrumb":{"@id":"https:\/\/kiddy.com\/de\/vorschriften-des-programms-safe-car-seat\/#breadcrumb"},"inLanguage":"de-DE","potentialAction":[{"@type":"ReadAction","target":["https:\/\/kiddy.com\/de\/vorschriften-des-programms-safe-car-seat\/"]}]},{"@type":"BreadcrumbList","@id":"https:\/\/kiddy.com\/de\/vorschriften-des-programms-safe-car-seat\/#breadcrumb","itemListElement":[{"@type":"ListItem","position":1,"name":"Strona g\u0142\u00f3wna","item":"https:\/\/kiddy.com\/de\/"},{"@type":"ListItem","position":2,"name":"VORSCHRIFTEN DES PROGRAMMS \u201eSAFE CAR SEAT\u201d"}]},{"@type":"WebSite","@id":"https:\/\/kiddy.com\/#website","url":"https:\/\/kiddy.com\/","name":"Kiddy","description":"Kiddy","publisher":{"@id":"https:\/\/kiddy.com\/#organization"},"potentialAction":[{"@type":"SearchAction","target":{"@type":"EntryPoint","urlTemplate":"https:\/\/kiddy.com\/?s={search_term_string}"},"query-input":{"@type":"PropertyValueSpecification","valueRequired":true,"valueName":"search_term_string"}}],"inLanguage":"de-DE"},{"@type":"Organization","@id":"https:\/\/kiddy.com\/#organization","name":"Kiddy","url":"https:\/\/kiddy.com\/","logo":{"@type":"ImageObject","inLanguage":"de-DE","@id":"https:\/\/kiddy.com\/#\/schema\/logo\/image\/","url":"https:\/\/kiddy.com\/app\/uploads\/2022\/09\/Logo-Kiddy-Engineered-with-love.jpg","contentUrl":"https:\/\/kiddy.com\/app\/uploads\/2022\/09\/Logo-Kiddy-Engineered-with-love.jpg","width":841,"height":595,"caption":"Kiddy"},"image":{"@id":"https:\/\/kiddy.com\/#\/schema\/logo\/image\/"},"sameAs":["https:\/\/www.facebook.com\/kiddypolska\/","https:\/\/www.instagram.com\/kiddy_global\/","https:\/\/www.youtube.com\/channel\/UC1RBJ6VMaCFUrU0BoLF5nvA"]}]}},"_links":{"self":[{"href":"https:\/\/kiddy.com\/de\/wp-json\/wp\/v2\/pages\/1956","targetHints":{"allow":["GET"]}}],"collection":[{"href":"https:\/\/kiddy.com\/de\/wp-json\/wp\/v2\/pages"}],"about":[{"href":"https:\/\/kiddy.com\/de\/wp-json\/wp\/v2\/types\/page"}],"author":[{"embeddable":true,"href":"https:\/\/kiddy.com\/de\/wp-json\/wp\/v2\/users\/5"}],"replies":[{"embeddable":true,"href":"https:\/\/kiddy.com\/de\/wp-json\/wp\/v2\/comments?post=1956"}],"version-history":[{"count":2,"href":"https:\/\/kiddy.com\/de\/wp-json\/wp\/v2\/pages\/1956\/revisions"}],"predecessor-version":[{"id":1982,"href":"https:\/\/kiddy.com\/de\/wp-json\/wp\/v2\/pages\/1956\/revisions\/1982"}],"wp:attachment":[{"href":"https:\/\/kiddy.com\/de\/wp-json\/wp\/v2\/media?parent=1956"}],"curies":[{"name":"wp","href":"https:\/\/api.w.org\/{rel}","templated":true}]}}