{"id":1510,"date":"2022-07-21T11:16:27","date_gmt":"2022-07-21T09:16:27","guid":{"rendered":"https:\/\/kiddy.bkapps.pl\/?page_id=1510"},"modified":"2022-08-29T13:54:02","modified_gmt":"2022-08-29T11:54:02","slug":"nutzungsbedingungen-10-jahre-garantie","status":"publish","type":"page","link":"https:\/\/kiddy.com\/de\/nutzungsbedingungen-10-jahre-garantie\/","title":{"rendered":"Nutzungsbedingungen \u201e10 Jahre Garantie\u201d"},"content":{"rendered":"\n<p>Nutzungsbedingungen \u201e10 Jahre Garantie\u201c10-j\u00e4hrige Garantie f\u00fcr Produkte der Marke Kiddy\u2013Garantiebedingungen:<\/p>\n\n\n\n<p>1. Der Garantiegeber ist 4Kraft sp. z o.o. als Gesellschaft mit beschr\u00e4nkter Haftung des polnischen Rechts mit Sitz in Posen, Gesch\u00e4ftsadresse: Tatrza\u0144ska 1\/5, 60-413 Posen, Polen, eingetragen in das polnische Handelsregister des Amtsgerichts Posen unter der Nummer 0000378767, USt-IdNr: PL 7811861679.<\/p>\n\n\n\n<p>2. Diese Garantie gilt f\u00fcr Produkte der Marke \u201eKiddy<strong>\u201c, die auf dem Gebiet der Mitgliedsstaaten der Europ\u00e4ischen Union (einschlie\u00dflich Deutschland) gekauft und verwendet werden<\/strong>, mit Ausnahme der \u00dcberseegebiete, insbesondere: Azoren, Madeira, Kanarische Inseln, franz\u00f6sische \u00dcberseedepartements, \u00c5land-Inseln, Athos, Ceuta, Melilla, Helgoland, B\u00fcsingen am Hochrhein, Campione d&#8217;Italia und Livigno und im Gebiet des Vereinigten K\u00f6nigreichs Gro\u00dfbritannien und Nordirland, ausgenommen britische \u00dcberseegebiete, insbesondere: Falkland-Inseln, Bermuda und Cayman-Inseln (im Folgenden: &#8220;Produkte&#8221;). Die Garantie wird Verbrauchern angeboten, die Kiddy-Produkte f\u00fcr den privaten Gebrauch erworben haben (&#8220;Garantienehmer&#8221;). Neben der Garantie gelten uneingeschr\u00e4nkt die gesetzlichen Gew\u00e4hrleistungsanspr\u00fcche.<\/p>\n\n\n\n<p>3. Der Garantiegeber gew\u00e4hrt f\u00fcr die Produkte der Marke \u201eKiddy\u201c (Au\u00dfer Textilelemente und Akzessorien) eine Garantie gegen Material-oder Herstellungsfehler, sofern die bei Vertragsabschluss vorliegende Bedienungsanleitung beachtet wurde (Herstellergarantie).<\/p>\n\n\n\n<p>4. Unabh\u00e4ngig von dieser Garantie stehen dem Verbraucher die gesetzlichen Gew\u00e4hrleistungsrechte zu. Diese Rechte des Verbrauchers werden von dieser Garantie nicht eingeschr\u00e4nkt.<\/p>\n\n\n\n<p>5. Die Garantiezeit des Herstellers betr\u00e4gt 10 Jahre und beginnt mit der Lieferung des Produktes an den K\u00e4ufer.<\/p>\n\n\n\n<p>6. Tritt w\u00e4hrend der Garantiezeit ein Herstellungs-und Materialfehler auf, wird das Produkt kostenlos repariert oder \u2013nach dem freien Ermessen des Garantiegebers\u2013gegen ein neues ausgetauscht.<\/p>\n\n\n\n<p>7. Die Herstellergarantie ist nicht \u00fcbertragbar und kann daher nur vom ersten K\u00e4ufer in Anspruch genommen werden.<\/p>\n\n\n\n<p>8. Voraussetzung der 10-j\u00e4hrigen Garantie ist, dass der K\u00e4ufer innerhalb von 30 Tagen nach dem Kauf des Produktes das Formular ausf\u00fcllt, das unter <strong><a href=\"https:\/\/rma.kiddy.com\/10yw\/?lang=de\" target=\"_blank\" rel=\"noreferrer noopener nofollow\">rma.kiddy.com<\/a><\/strong> ist. Bei der Anmeldung muss der K\u00e4ufer den Kaufbeleg im Original vorzeigen (hochladen).<\/p>\n\n\n\n<p>9. Tritt w\u00e4hrend der Garantiezeit ein Herstellungs-oder Materialfehler auf, erfolgt die Anmeldung von Garantieanspr\u00fcchen \u00fcber das Ausf\u00fcllen des auf der <strong><a href=\"https:\/\/rma.kiddy.com\/10yw\/?lang=de\" target=\"_blank\" rel=\"noreferrer noopener nofollow\">rma.kiddy.com<\/a><\/strong> Verf\u00fcgung gestellten Formulars. Nach dem Absenden des Formulars wird der Garantiefall vom Kundendienst \u00fcberpr\u00fcft. Wir werden Ihre Anfrage schnellstm\u00f6glich bearbeiten und die Information unter welcher Nummer Ihr Anliegen bei uns eingegangen ist, zusenden. Sie erhalten auch Anweisungen zum weiteren Vorgehen.<\/p>\n\n\n\n<p>10. Im Rahmen der Garantie bietet der Garantiegeber den Door-to-Door Service an. Das mangelhafte Produkt wird von der Haust\u00fcr des Garantienehmers durch einen Kurier abgeholt und zum Servicedienst des Garantiegebers transportiert. Das reparierte Produkt wird dann wieder an die Haust\u00fcr des Garantienehmers zur\u00fcckgebracht. Dieser Service ist kostenfrei.<\/p>\n\n\n\n<p>11. Entscheidet sich der Garantienehmer den Door-to-Door Service nicht in Anspruch zu nehmen, stellt ihm der Garantiegeber einen R\u00fccksendeschein kostenlos zur Verf\u00fcgung.<\/p>\n\n\n\n<p>12. Versendet der Garantienehmer das mangelhafte Produkt auf eigene Kosten, erstattet der Garantiegeber die Versandkosten f\u00fcr die kosteng\u00fcnstigste Versandvariante.<\/p>\n\n\n\n<p>13. Der Garantienehmer ist verpflichtet, das Produkt in der Original-oder Ersatzverpackung zu liefern, ggf. mit allem Zubeh\u00f6r. Der Garantienehmer haftet f\u00fcr alle Sch\u00e4den, die sich aus der Verwendung von Ersatzverpackungen oder dem mangelnden angemessenen Schutz des Produkts ergeben.<\/p>\n\n\n\n<p>14. M\u00e4ngel, welche w\u00e4hrend der Garantiezeit festgestellt wurden, werden so schnell wie m\u00f6glich, sp\u00e4testens jedoch 14 Arbeitstage nach der physischen Abnahme des Produkts durch den Servicedienst des Garantiegebers zur Reparatur kostenlos behoben und an die Transportperson \u00fcbergeben.<\/p>\n\n\n\n<p>15. Die Frist der M\u00e4ngelbeseitigung gem\u00e4\u00df Pkt. 14 kann um die Zeit verl\u00e4ngert werden, die f\u00fcr die Lieferung der erforderlichen Ersatzteile erforderlich ist, jedoch nicht l\u00e4nger als 30 Arbeitstage. In diesem Fall wird der Garantienehmer \u00fcber die Verl\u00e4ngerung der Reparaturzeit und die voraussichtliche M\u00e4ngelbeseitigungsfrist informiert.<\/p>\n\n\n\n<p>16. Der Garantiegeber beh\u00e4lt sich das Recht vor, die unter Pkt. 14 und 15 genannte Fristen zu verl\u00e4ngern, wenn Umst\u00e4nde h\u00f6herer Gewalt, wie etwa Naturkatastrophen, soziale Unruhe usw., eintreten.<\/p>\n\n\n\n<p>17. Im Falle, dass die Reparatur einen Austausch von Teilen erfordert, bleibt das mangelhafte Element im Eigentum des Garantiegebers. Die f\u00fcr den Austausch verwendeten Teile k\u00f6nnen von einem anderen Hersteller sein, wenn es sich um ein mindestens gleichwertiges technisches Element handelt.<\/p>\n\n\n\n<p>18. Im Falle der Meldung eines Mangels, welcher nicht unter die Garantie f\u00e4llt, tr\u00e4gt der Garantienehmer die Kosten der Reparatur des Produkts. Dabei wird der Garantienehmer \u00fcber die Kosten der Reparatur informiert und die Reparatur nur nach dessen Zustimmung durchgef\u00fchrt.<\/p>\n\n\n\n<p>19. Die Garantie gilt in folgenden F\u00e4llen nicht:<\/p>\n\n\n\n<p>1) Bei Defekten die als Folge von Nachl\u00e4ssigkeit oder eines Unfalls und\/oder einer Nutzung oder Wartung, die nicht in der Bedienungsanleitung beschrieben ist, auftreten,<\/p>\n\n\n\n<p>2) Sch\u00e4den am Produkt infolge unsachgem\u00e4\u00dfer Wartung oder Verwendung unsachgem\u00e4\u00dfer Chemikalien,<\/p>\n\n\n\n<p>3) Farbver\u00e4nderungen\/Verf\u00e4rbungen, wenn das Produkt starkem Sonnenlicht ausgesetzt ist,<\/p>\n\n\n\n<p>4) Sch\u00e4den, die bei normalen Verschlei\u00df entstanden sind,<\/p>\n\n\n\n<p>5) bei Sch\u00e4den durch unsachgem\u00e4\u00dfen Gebrauch oder wenn das Produkt in Nicht\u00fcbereinstimmung mit der Gebrauchsanweisung behandelt und benutzt wurde.<\/p>\n\n\n\n<p>20. Die Garantie gilt nicht f\u00fcr Anspr\u00fcche aufgrund technischer Parameter des Produkts, sofern sie mit der Bedienungsanleitung des Garantiegebers oder anderen Dokumenten, in denen technische Parameter des Produkts angegeben wurden, \u00fcbereinstimmen. Die Garantie umfasst nicht Sch\u00e4den oder Aufwendungen, die als Folge eines Sachmangels entstehen(Mangelfolgesch\u00e4den).Die Garantie erstreckt sich nicht auf mitgeliefertes Zubeh\u00f6r (z.B.: Batterie, Ladeger\u00e4t, Zusatz-oder Ersatzzubeh\u00f6r).<\/p>\n\n\n\n<p>21. Der Garantienehmer verliert seinen Garantieanspruch im Falle:<\/p>\n\n\n\n<p>1) der Besch\u00e4digung des Garantieplomben,<\/p>\n\n\n\n<p>2) der Verletzung des Typenschildes mit der Seriennummer oder,<\/p>\n\n\n\n<p>3) bei unbefugter Reparatur, System-oder Konstruktions\u00e4nderung durch den Garantienehmer.<\/p>\n\n\n\n<p>22. Diese Garantie f\u00fcr in Deutschland gekaufte Produkte unterliegt deutschem Recht, unter Ausschluss der Regelungen der UN-Konvention zum Internationalen Warenkauf (CISG).<\/p>\n\n\n\n<p>23. Sollten einzelne Bestimmungen dieser Bedingungen unwirksam sein, so bleibt im \u00dcbrigen die Wirksamkeit der Bedingungen davon unber\u00fchrt.<\/p>\n","protected":false},"excerpt":{"rendered":"<p>Nutzungsbedingungen \u201e10 Jahre Garantie\u201c10-j\u00e4hrige Garantie f\u00fcr Produkte der Marke Kiddy\u2013Garantiebedingungen: 1. Der Garantiegeber ist 4Kraft sp. z o.o. als Gesellschaft mit beschr\u00e4nkter Haftung des polnischen Rechts mit Sitz in Posen, Gesch\u00e4ftsadresse: Tatrza\u0144ska 1\/5, 60-413 Posen, Polen, eingetragen in das polnische Handelsregister des Amtsgerichts Posen unter der Nummer 0000378767, USt-IdNr: PL 7811861679. 2. Diese Garantie gilt [&hellip;]<\/p>\n","protected":false},"author":1,"featured_media":0,"parent":0,"menu_order":0,"comment_status":"closed","ping_status":"closed","template":"pages\/description.php","meta":{"_acf_changed":false,"footnotes":""},"class_list":["post-1510","page","type-page","status-publish","hentry"],"acf":[],"yoast_head":"<!-- This site is optimized with the Yoast SEO plugin v27.4 - https:\/\/yoast.com\/product\/yoast-seo-wordpress\/ -->\n<title>Nutzungsbedingungen \u201e10 Jahre Garantie\u201d - Kiddy<\/title>\n<meta name=\"robots\" content=\"index, follow, max-snippet:-1, max-image-preview:large, max-video-preview:-1\" \/>\n<link rel=\"canonical\" href=\"https:\/\/kiddy.com\/de\/nutzungsbedingungen-10-jahre-garantie\/\" \/>\n<meta property=\"og:locale\" content=\"de_DE\" \/>\n<meta property=\"og:type\" content=\"article\" \/>\n<meta property=\"og:title\" content=\"Nutzungsbedingungen \u201e10 Jahre Garantie\u201d - Kiddy\" \/>\n<meta property=\"og:description\" content=\"Nutzungsbedingungen \u201e10 Jahre Garantie\u201c10-j\u00e4hrige Garantie f\u00fcr Produkte der Marke Kiddy\u2013Garantiebedingungen: 1. Der Garantiegeber ist 4Kraft sp. z o.o. als Gesellschaft mit beschr\u00e4nkter Haftung des polnischen Rechts mit Sitz in Posen, Gesch\u00e4ftsadresse: Tatrza\u0144ska 1\/5, 60-413 Posen, Polen, eingetragen in das polnische Handelsregister des Amtsgerichts Posen unter der Nummer 0000378767, USt-IdNr: PL 7811861679. 2. Diese Garantie gilt [&hellip;]\" \/>\n<meta property=\"og:url\" content=\"https:\/\/kiddy.com\/de\/nutzungsbedingungen-10-jahre-garantie\/\" \/>\n<meta property=\"og:site_name\" content=\"Kiddy\" \/>\n<meta property=\"article:publisher\" content=\"https:\/\/www.facebook.com\/kiddypolska\/\" \/>\n<meta property=\"article:modified_time\" content=\"2022-08-29T11:54:02+00:00\" \/>\n<meta property=\"og:image\" content=\"https:\/\/kiddy.com\/app\/uploads\/2022\/09\/Logo-Kiddy-Engineered-with-love.jpg\" \/>\n\t<meta property=\"og:image:width\" content=\"841\" \/>\n\t<meta property=\"og:image:height\" content=\"595\" \/>\n\t<meta property=\"og:image:type\" content=\"image\/jpeg\" \/>\n<meta name=\"twitter:card\" content=\"summary_large_image\" \/>\n<meta name=\"twitter:label1\" content=\"Est. reading time\" \/>\n\t<meta name=\"twitter:data1\" content=\"6 minutes\" \/>\n<!-- \/ Yoast SEO plugin. -->","yoast_head_json":{"title":"Nutzungsbedingungen \u201e10 Jahre Garantie\u201d - Kiddy","robots":{"index":"index","follow":"follow","max-snippet":"max-snippet:-1","max-image-preview":"max-image-preview:large","max-video-preview":"max-video-preview:-1"},"canonical":"https:\/\/kiddy.com\/de\/nutzungsbedingungen-10-jahre-garantie\/","og_locale":"de_DE","og_type":"article","og_title":"Nutzungsbedingungen \u201e10 Jahre Garantie\u201d - Kiddy","og_description":"Nutzungsbedingungen \u201e10 Jahre Garantie\u201c10-j\u00e4hrige Garantie f\u00fcr Produkte der Marke Kiddy\u2013Garantiebedingungen: 1. Der Garantiegeber ist 4Kraft sp. z o.o. als Gesellschaft mit beschr\u00e4nkter Haftung des polnischen Rechts mit Sitz in Posen, Gesch\u00e4ftsadresse: Tatrza\u0144ska 1\/5, 60-413 Posen, Polen, eingetragen in das polnische Handelsregister des Amtsgerichts Posen unter der Nummer 0000378767, USt-IdNr: PL 7811861679. 2. Diese Garantie gilt [&hellip;]","og_url":"https:\/\/kiddy.com\/de\/nutzungsbedingungen-10-jahre-garantie\/","og_site_name":"Kiddy","article_publisher":"https:\/\/www.facebook.com\/kiddypolska\/","article_modified_time":"2022-08-29T11:54:02+00:00","og_image":[{"width":841,"height":595,"url":"https:\/\/kiddy.com\/app\/uploads\/2022\/09\/Logo-Kiddy-Engineered-with-love.jpg","type":"image\/jpeg"}],"twitter_card":"summary_large_image","twitter_misc":{"Est. reading time":"6 minutes"},"schema":{"@context":"https:\/\/schema.org","@graph":[{"@type":"WebPage","@id":"https:\/\/kiddy.com\/de\/nutzungsbedingungen-10-jahre-garantie\/","url":"https:\/\/kiddy.com\/de\/nutzungsbedingungen-10-jahre-garantie\/","name":"Nutzungsbedingungen \u201e10 Jahre Garantie\u201d - Kiddy","isPartOf":{"@id":"https:\/\/kiddy.com\/#website"},"datePublished":"2022-07-21T09:16:27+00:00","dateModified":"2022-08-29T11:54:02+00:00","breadcrumb":{"@id":"https:\/\/kiddy.com\/de\/nutzungsbedingungen-10-jahre-garantie\/#breadcrumb"},"inLanguage":"de-DE","potentialAction":[{"@type":"ReadAction","target":["https:\/\/kiddy.com\/de\/nutzungsbedingungen-10-jahre-garantie\/"]}]},{"@type":"BreadcrumbList","@id":"https:\/\/kiddy.com\/de\/nutzungsbedingungen-10-jahre-garantie\/#breadcrumb","itemListElement":[{"@type":"ListItem","position":1,"name":"Strona g\u0142\u00f3wna","item":"https:\/\/kiddy.com\/de\/"},{"@type":"ListItem","position":2,"name":"Nutzungsbedingungen \u201e10 Jahre Garantie\u201d"}]},{"@type":"WebSite","@id":"https:\/\/kiddy.com\/#website","url":"https:\/\/kiddy.com\/","name":"Kiddy","description":"Kiddy","publisher":{"@id":"https:\/\/kiddy.com\/#organization"},"potentialAction":[{"@type":"SearchAction","target":{"@type":"EntryPoint","urlTemplate":"https:\/\/kiddy.com\/?s={search_term_string}"},"query-input":{"@type":"PropertyValueSpecification","valueRequired":true,"valueName":"search_term_string"}}],"inLanguage":"de-DE"},{"@type":"Organization","@id":"https:\/\/kiddy.com\/#organization","name":"Kiddy","url":"https:\/\/kiddy.com\/","logo":{"@type":"ImageObject","inLanguage":"de-DE","@id":"https:\/\/kiddy.com\/#\/schema\/logo\/image\/","url":"https:\/\/kiddy.com\/app\/uploads\/2022\/09\/Logo-Kiddy-Engineered-with-love.jpg","contentUrl":"https:\/\/kiddy.com\/app\/uploads\/2022\/09\/Logo-Kiddy-Engineered-with-love.jpg","width":841,"height":595,"caption":"Kiddy"},"image":{"@id":"https:\/\/kiddy.com\/#\/schema\/logo\/image\/"},"sameAs":["https:\/\/www.facebook.com\/kiddypolska\/","https:\/\/www.instagram.com\/kiddy_global\/","https:\/\/www.youtube.com\/channel\/UC1RBJ6VMaCFUrU0BoLF5nvA"]}]}},"_links":{"self":[{"href":"https:\/\/kiddy.com\/de\/wp-json\/wp\/v2\/pages\/1510","targetHints":{"allow":["GET"]}}],"collection":[{"href":"https:\/\/kiddy.com\/de\/wp-json\/wp\/v2\/pages"}],"about":[{"href":"https:\/\/kiddy.com\/de\/wp-json\/wp\/v2\/types\/page"}],"author":[{"embeddable":true,"href":"https:\/\/kiddy.com\/de\/wp-json\/wp\/v2\/users\/1"}],"replies":[{"embeddable":true,"href":"https:\/\/kiddy.com\/de\/wp-json\/wp\/v2\/comments?post=1510"}],"version-history":[{"count":2,"href":"https:\/\/kiddy.com\/de\/wp-json\/wp\/v2\/pages\/1510\/revisions"}],"predecessor-version":[{"id":1512,"href":"https:\/\/kiddy.com\/de\/wp-json\/wp\/v2\/pages\/1510\/revisions\/1512"}],"wp:attachment":[{"href":"https:\/\/kiddy.com\/de\/wp-json\/wp\/v2\/media?parent=1510"}],"curies":[{"name":"wp","href":"https:\/\/api.w.org\/{rel}","templated":true}]}}