{"id":1431,"date":"2022-07-21T09:12:52","date_gmt":"2022-07-21T07:12:52","guid":{"rendered":"https:\/\/kiddy.bkapps.pl\/gwarancja-podstawowa\/"},"modified":"2023-07-17T16:12:48","modified_gmt":"2023-07-17T14:12:48","slug":"grundlegende-garantie","status":"publish","type":"page","link":"https:\/\/kiddy.com\/de\/grundlegende-garantie\/","title":{"rendered":"Grundlegende Garantie"},"content":{"rendered":"<section id=\"\" class=\"txt acf-block acf-block-id-block_4cca9ae3a0f38cdf7f449a8dc6c1c079 \">\n\n\t<div class=\"container\">\n\t\t<div class=\"row\">\n\t\t\t<div class=\"col-12 col-lg-8 offset-lg-2\">\n\t\t\t\t<h1 class=\"title\">Grundlegende Garantie<\/h1>\n\t\t\t<\/div>\n\t\t<\/div>\n\t\t<div class=\"row\">\n\t\t\t<div class=\"col-12 col-lg-8 offset-lg-2\">\n\t\t\t\t<div class=\"txt__txt\"><ul>\n<li>Auf alle Kiddy-Produkte gibt es 2 Jahre Garantie<\/li>\n<\/ul>\n<p><a href=\"https:\/\/kiddy.com\/de\/garantiebedingungen\/\">Garantiebedingungen<\/a><\/p>\n<p><span style=\"font-weight: 400;\">Verl\u00e4ngern Sie Ihre Garantie auf 10 Jahre! <\/span><\/p>\n<p>Wir bieten Ihnen die M\u00f6glichkeit, die Basisgarantie kostenlos auf 10 Jahre zu verl\u00e4ngern. Registrieren Sie sich einfach auf unserer Website.<\/p>\n<\/div>\n\n\t\t\t\t\t\t\t\t\t<a href=\"https:\/\/kiddy.com\/de\/10-jahre-garantie#kroki\" class=\"button button--bordered button--mt40\">Weitere Informationen<\/a>\n\t\t\t\t\t\t\t<\/div>\n\t\t<\/div>\n\t<\/div>\n\n<\/section>\n\n\n<section id=\"\" class=\"steps acf-block acf-block-id-block_13e6c7db5a69af4e31cc2fb47a67e7f3  acf-block--mb acf-block--mt\">\n\n\t\t\t\t\t\t\t\t\t\t\t\t<div class=\"container\">\n\n\t\t<div class=\"row\">\n\t\t\t<div class=\"col-12 col-lg-12 offset-lg-0\">\n\n\t\t\t\t\t\t\t\t\t\t\t\t\t\t\t<h2 class=\"steps__title\">Garantie-Reparaturprozess<\/h2>\n\t\t\t\t\t\t\t\t\t\n\t\t\t\t\n\t\t\t\t<div class=\"steps__items\">\n\t\t\t\t\t\t\t\t\t\t\t<div class=\"steps__item steps__item--25\">\n\t\t\t\t\t\t\t<span class=\"steps__item__index\">01<\/span>\n\t\t\t\t\t\t\t<div class=\"steps__item__content\">\n\t\t\t\t\t\t\t\t<h3 class=\"steps__item__title\">F\u00fcllen Sie das Formular aus<\/h3>\n\t\t\t\t\t\t\t\t<p class=\"steps__item__description\">Sie ben\u00f6tigen: Kaufbeleg, Produkt- und Fehlerinformationen und Kontaktdaten<br \/>\r\n<\/p>\n\t\t\t\t\t\t\t<\/div>\n\t\t\t\t\t\t<\/div>\n\t\t\t\t\t\t\t\t\t\t\t<div class=\"steps__item steps__item--25\">\n\t\t\t\t\t\t\t<span class=\"steps__item__index\">02<\/span>\n\t\t\t\t\t\t\t<div class=\"steps__item__content\">\n\t\t\t\t\t\t\t\t<h3 class=\"steps__item__title\">das Produkt sammeln<\/h3>\n\t\t\t\t\t\t\t\t<p class=\"steps__item__description\">Wenn Ihre Anfrage erfolgreich ist, schicken wir einen Kurier auf unsere Kosten, um das verpackte Produkt abzuholen. <br \/>\r\n<\/p>\n\t\t\t\t\t\t\t<\/div>\n\t\t\t\t\t\t<\/div>\n\t\t\t\t\t\t\t\t\t\t\t<div class=\"steps__item steps__item--25\">\n\t\t\t\t\t\t\t<span class=\"steps__item__index\">03<\/span>\n\t\t\t\t\t\t\t<div class=\"steps__item__content\">\n\t\t\t\t\t\t\t\t<h3 class=\"steps__item__title\">Reparatur<\/h3>\n\t\t\t\t\t\t\t\t<p class=\"steps__item__description\">Sobald wir Ihr Produkt erhalten haben, wird es von einer autorisierten Servicestelle repariert.<br \/>\r\n<\/p>\n\t\t\t\t\t\t\t<\/div>\n\t\t\t\t\t\t<\/div>\n\t\t\t\t\t\t\t\t\t\t\t<div class=\"steps__item steps__item--25\">\n\t\t\t\t\t\t\t<span class=\"steps__item__index\">04<\/span>\n\t\t\t\t\t\t\t<div class=\"steps__item__content\">\n\t\t\t\t\t\t\t\t<h3 class=\"steps__item__title\">die Lieferung des Produkts<\/h3>\n\t\t\t\t\t\t\t\t<p class=\"steps__item__description\">Wir werden das reparierte oder ersetzte Produkt an die angegebene Adresse liefern Eine Beschwerde melden<\/p>\n\t\t\t\t\t\t\t<\/div>\n\t\t\t\t\t\t<\/div>\n\t\t\t\t\t\t\t\t\t<\/div>\n\n\t\t\t\t<div class=\"steps__buttons\">\n\t\t\t\t\t\t\t\t\t\t\t\t\t\t\t\t<a class=\"button button--black button--arrow steps__button button--long\" href=\"https:\/\/rma.kiddy.com\/?lang=de\" target=\"_blank\">Eine Beschwerde einreichen<\/a>\n\t\t\t\t\t\t\t\t\t<\/div>\n\t\t\t<\/div>\n\t\t<\/div>\n\t<\/div>\n\n\n\n<\/section>\n\n\n\n<section id=\"\" class=\"faq acf-block acf-block-id-block_c49a3d2fa5a36c53d464abecd15d1041  acf-block--mb acf-block--mt\">\n\n\t<div class=\"container\">\n\t\t<div class=\"row\">\n\t\t\t<div class=\"col-12 col-md-10 offset-md-1 col-lg-8 offset-lg-2\">\n\n\t\t\t\t\t\t\t\t\t<h2 class=\"faq__title\">H\u00e4ufig gestellte Fragen<\/h2>\n\t\t\t\t\n\t\t\t\t\t\t\t\t<div class=\"faq__items\" itemscope itemtype=\"https:\/\/schema.org\/FAQPage\" data-accordion-group>\n\t\t\t\t\t\t\t\t\t\t\t<div class=\"faq__item\" itemscope itemprop=\"mainEntity\" itemtype=\"https:\/\/schema.org\/Question\" data-accordion>\n\t\t\t\t\t\t\t<button class=\"faq__item__header\" itemprop=\"name\" data-accordion-header>Wie kann man eine Beschwerde einreichen?<\/button>\n\t\t\t\t\t\t\t<div class=\"faq__item__body\" itemscope itemprop=\"acceptedAnswer\" itemtype=\"https:\/\/schema.org\/Answer\" data-accordion-body>\n\t\t\t\t\t\t\t\t<div itemprop=\"text\">\n\t\t\t\t\t\t\t\t\tF\u00fcllen Sie das Formular auf <a href=\"https:\/\/rma.kiddy.com\/?lang=de\" target=\"_blank\">https:\/\/rma.kiddy.com\/<\/a> mit einer detaillierten Beschreibung des Fehlers aus. Wenn es die M\u00f6glichkeit gibt, ist es gut, Fotos oder einen kurzen Film beizuf\u00fcgen. Wenn der Auftrag angenommen wird, werden wir Sie mit der Fallnummer kontaktieren. \n\t\t\t\t\t\t\t\t<\/div>\n\t\t\t\t\t\t\t<\/div>\n\t\t\t\t\t\t<\/div>\n\t\t\t\t\t\t\t\t\t\t\t<div class=\"faq__item\" itemscope itemprop=\"mainEntity\" itemtype=\"https:\/\/schema.org\/Question\" data-accordion>\n\t\t\t\t\t\t\t<button class=\"faq__item__header\" itemprop=\"name\" data-accordion-header>Reparieren Sie Produkte?<\/button>\n\t\t\t\t\t\t\t<div class=\"faq__item__body\" itemscope itemprop=\"acceptedAnswer\" itemtype=\"https:\/\/schema.org\/Answer\" data-accordion-body>\n\t\t\t\t\t\t\t\t<div itemprop=\"text\">\n\t\t\t\t\t\t\t\t\tWenn es m\u00f6glich ist, das Produkt zu reparieren, ja, wir reparieren es. Andernfalls senden wir Ersatzteile oder ersetzen das Produkt durch ein neues.\n\t\t\t\t\t\t\t\t<\/div>\n\t\t\t\t\t\t\t<\/div>\n\t\t\t\t\t\t<\/div>\n\t\t\t\t\t\t\t\t\t\t\t<div class=\"faq__item\" itemscope itemprop=\"mainEntity\" itemtype=\"https:\/\/schema.org\/Question\" data-accordion>\n\t\t\t\t\t\t\t<button class=\"faq__item__header\" itemprop=\"name\" data-accordion-header>Wie lange ist die Garantiezeit?<\/button>\n\t\t\t\t\t\t\t<div class=\"faq__item__body\" itemscope itemprop=\"acceptedAnswer\" itemtype=\"https:\/\/schema.org\/Answer\" data-accordion-body>\n\t\t\t\t\t\t\t\t<div itemprop=\"text\">\n\t\t\t\t\t\t\t\t\tDie Grundgarantiezeit f\u00fcr Kiddy-Produkte betr\u00e4gt 2 Jahre. Sie k\u00f6nnen diese Frist auf 10 Jahre verl\u00e4ngern, indem Sie das Formular auf kiddy.com ausf\u00fcllen. \n\t\t\t\t\t\t\t\t<\/div>\n\t\t\t\t\t\t\t<\/div>\n\t\t\t\t\t\t<\/div>\n\t\t\t\t\t\t\t\t\t<\/div>\n\t\t\t\t\n\t\t\t<\/div>\n\t\t<\/div>\n\t<\/div>\n\n<\/section>\n\n\n\n<section id=\"\" class=\"contact-info acf-block acf-block-id-block_74f249be0f88c22ec478b3c3907338ae  acf-block--mb acf-block--mt\">\n\n\t<div class=\"container\">\n\t\t<div class=\"row contact-info__row\">\n\t\t\t<div class=\"col-12 col-lg-5 order-1 order-lg-0\">\n\t\t\t\t<h4 class=\"contact-info__title\">Haben Sie keine Antwort auf Ihre Frage erhalten? Kontakt<\/h4>\n\n\t\t\t\t\t\t\t\t\t\t\t\t\t\t\t<div class=\"contact-info__group\">\n\t\t\t\t\t\t\t<a href=\"mailto:kundenhilfe@kiddy.com\" class=\"contact-info__group__link\">kundenhilfe@kiddy.com<\/a>\n\t\t\t\t\t\t\t\t\t\t\t\t\t\t<p class=\"contact-info__group__description\">Kontakt f\u00fcr Einzelkunden<\/p>\n\t\t\t\t\t\t\t\t\t\t\t\t\t<\/div>\n\t\t\t\t\t\t\t\t\t\t\t<div class=\"contact-info__group\">\n\t\t\t\t\t\t\t<a href=\"mailto:+49 699 501 9639\" class=\"contact-info__group__link\">+49 699 501 9639<\/a>\n\t\t\t\t\t\t\t\t\t\t\t\t\t\t<p class=\"contact-info__group__description\">Ruf uns an (Mo-Fr 8:00 &#8211; 16:00)<\/p>\n\t\t\t\t\t\t\t\t\t\t\t\t\t<\/div>\n\t\t\t\t\t\t\t\t\t\n\t\t\t\t\n\t\t\t\t\n\t\t\t<\/div>\n\t\t\t<div class=\"col-12 col-lg-6 offset-lg-1 order-0 order-lg-1\">\n\t\t\t\t\t\t\t\t\t\t\t\t\t\t<picture class=\"contact-info__picture\">\n\t\t\t\t\t\t<source srcset=\"https:\/\/kiddy.com\/app\/uploads\/2022\/07\/Kobieta-zapinajaca-pasy-dziecku-w-foteliku-Kiddy-CRUISERFIX3.webp\" type=\"image\/webp\">\n\t\t\t\t\t\t<img decoding=\"async\" class=\"contact-info__img\" src=\"https:\/\/kiddy.com\/app\/uploads\/2022\/07\/Kobieta-zapinajaca-pasy-dziecku-w-foteliku-Kiddy-CRUISERFIX3.jpg\" width=\"1632\" height=\"1224\" alt=\"Woman strapping a child in a Kiddy CRUISERFIX 3 car seat\">\n\t\t\t\t\t<\/picture>\n\t\t\t\t\t\t\t<\/div>\n\t\t<\/div>\n\t<\/div>\n\n<\/section>\n\n","protected":false},"excerpt":{"rendered":"","protected":false},"author":1,"featured_media":0,"parent":0,"menu_order":0,"comment_status":"closed","ping_status":"closed","template":"","meta":{"_acf_changed":false,"footnotes":""},"class_list":["post-1431","page","type-page","status-publish","hentry"],"acf":[],"yoast_head":"<!-- This site is optimized with the Yoast SEO plugin v27.3 - https:\/\/yoast.com\/product\/yoast-seo-wordpress\/ -->\n<title>Grundlegende Garantie - Kiddy<\/title>\n<meta name=\"description\" content=\"Grundlegende Garantie \u2606 2 Jahre Garantie \u2606 Kostenlose Registrierung \u2606 Kostenloser Austausch defekter Teile \u2606 Kostenloser Austausch des Sitzes\" \/>\n<meta name=\"robots\" content=\"index, follow, max-snippet:-1, max-image-preview:large, max-video-preview:-1\" \/>\n<link rel=\"canonical\" href=\"https:\/\/kiddy.com\/de\/grundlegende-garantie\/\" \/>\n<meta property=\"og:locale\" content=\"de_DE\" \/>\n<meta property=\"og:type\" content=\"article\" \/>\n<meta property=\"og:title\" content=\"Grundlegende Garantie - Kiddy\" \/>\n<meta property=\"og:description\" content=\"Grundlegende Garantie \u2606 2 Jahre Garantie \u2606 Kostenlose Registrierung \u2606 Kostenloser Austausch defekter Teile \u2606 Kostenloser Austausch des Sitzes\" \/>\n<meta property=\"og:url\" content=\"https:\/\/kiddy.com\/de\/grundlegende-garantie\/\" \/>\n<meta property=\"og:site_name\" content=\"Kiddy\" \/>\n<meta property=\"article:publisher\" content=\"https:\/\/www.facebook.com\/kiddypolska\/\" \/>\n<meta property=\"article:modified_time\" content=\"2023-07-17T14:12:48+00:00\" \/>\n<meta property=\"og:image\" content=\"https:\/\/kiddy.com\/app\/uploads\/2022\/09\/Logo-Kiddy-Engineered-with-love.jpg\" \/>\n\t<meta property=\"og:image:width\" content=\"841\" \/>\n\t<meta property=\"og:image:height\" content=\"595\" \/>\n\t<meta property=\"og:image:type\" content=\"image\/jpeg\" \/>\n<meta name=\"twitter:card\" content=\"summary_large_image\" \/>\n<!-- \/ Yoast SEO plugin. -->","yoast_head_json":{"title":"Grundlegende Garantie - Kiddy","description":"Grundlegende Garantie \u2606 2 Jahre Garantie \u2606 Kostenlose Registrierung \u2606 Kostenloser Austausch defekter Teile \u2606 Kostenloser Austausch des Sitzes","robots":{"index":"index","follow":"follow","max-snippet":"max-snippet:-1","max-image-preview":"max-image-preview:large","max-video-preview":"max-video-preview:-1"},"canonical":"https:\/\/kiddy.com\/de\/grundlegende-garantie\/","og_locale":"de_DE","og_type":"article","og_title":"Grundlegende Garantie - Kiddy","og_description":"Grundlegende Garantie \u2606 2 Jahre Garantie \u2606 Kostenlose Registrierung \u2606 Kostenloser Austausch defekter Teile \u2606 Kostenloser Austausch des Sitzes","og_url":"https:\/\/kiddy.com\/de\/grundlegende-garantie\/","og_site_name":"Kiddy","article_publisher":"https:\/\/www.facebook.com\/kiddypolska\/","article_modified_time":"2023-07-17T14:12:48+00:00","og_image":[{"width":841,"height":595,"url":"https:\/\/kiddy.com\/app\/uploads\/2022\/09\/Logo-Kiddy-Engineered-with-love.jpg","type":"image\/jpeg"}],"twitter_card":"summary_large_image","schema":{"@context":"https:\/\/schema.org","@graph":[{"@type":"WebPage","@id":"https:\/\/kiddy.com\/de\/grundlegende-garantie\/","url":"https:\/\/kiddy.com\/de\/grundlegende-garantie\/","name":"Grundlegende Garantie - Kiddy","isPartOf":{"@id":"https:\/\/kiddy.com\/#website"},"datePublished":"2022-07-21T07:12:52+00:00","dateModified":"2023-07-17T14:12:48+00:00","description":"Grundlegende Garantie \u2606 2 Jahre Garantie \u2606 Kostenlose Registrierung \u2606 Kostenloser Austausch defekter Teile \u2606 Kostenloser Austausch des Sitzes","breadcrumb":{"@id":"https:\/\/kiddy.com\/de\/grundlegende-garantie\/#breadcrumb"},"inLanguage":"de-DE","potentialAction":[{"@type":"ReadAction","target":["https:\/\/kiddy.com\/de\/grundlegende-garantie\/"]}]},{"@type":"BreadcrumbList","@id":"https:\/\/kiddy.com\/de\/grundlegende-garantie\/#breadcrumb","itemListElement":[{"@type":"ListItem","position":1,"name":"Strona g\u0142\u00f3wna","item":"https:\/\/kiddy.com\/de\/"},{"@type":"ListItem","position":2,"name":"Grundlegende Garantie"}]},{"@type":"WebSite","@id":"https:\/\/kiddy.com\/#website","url":"https:\/\/kiddy.com\/","name":"Kiddy","description":"Kiddy","publisher":{"@id":"https:\/\/kiddy.com\/#organization"},"potentialAction":[{"@type":"SearchAction","target":{"@type":"EntryPoint","urlTemplate":"https:\/\/kiddy.com\/?s={search_term_string}"},"query-input":{"@type":"PropertyValueSpecification","valueRequired":true,"valueName":"search_term_string"}}],"inLanguage":"de-DE"},{"@type":"Organization","@id":"https:\/\/kiddy.com\/#organization","name":"Kiddy","url":"https:\/\/kiddy.com\/","logo":{"@type":"ImageObject","inLanguage":"de-DE","@id":"https:\/\/kiddy.com\/#\/schema\/logo\/image\/","url":"https:\/\/kiddy.com\/app\/uploads\/2022\/09\/Logo-Kiddy-Engineered-with-love.jpg","contentUrl":"https:\/\/kiddy.com\/app\/uploads\/2022\/09\/Logo-Kiddy-Engineered-with-love.jpg","width":841,"height":595,"caption":"Kiddy"},"image":{"@id":"https:\/\/kiddy.com\/#\/schema\/logo\/image\/"},"sameAs":["https:\/\/www.facebook.com\/kiddypolska\/","https:\/\/www.instagram.com\/kiddy_global\/","https:\/\/www.youtube.com\/channel\/UC1RBJ6VMaCFUrU0BoLF5nvA"]}]}},"_links":{"self":[{"href":"https:\/\/kiddy.com\/de\/wp-json\/wp\/v2\/pages\/1431","targetHints":{"allow":["GET"]}}],"collection":[{"href":"https:\/\/kiddy.com\/de\/wp-json\/wp\/v2\/pages"}],"about":[{"href":"https:\/\/kiddy.com\/de\/wp-json\/wp\/v2\/types\/page"}],"author":[{"embeddable":true,"href":"https:\/\/kiddy.com\/de\/wp-json\/wp\/v2\/users\/1"}],"replies":[{"embeddable":true,"href":"https:\/\/kiddy.com\/de\/wp-json\/wp\/v2\/comments?post=1431"}],"version-history":[{"count":3,"href":"https:\/\/kiddy.com\/de\/wp-json\/wp\/v2\/pages\/1431\/revisions"}],"predecessor-version":[{"id":4357,"href":"https:\/\/kiddy.com\/de\/wp-json\/wp\/v2\/pages\/1431\/revisions\/4357"}],"wp:attachment":[{"href":"https:\/\/kiddy.com\/de\/wp-json\/wp\/v2\/media?parent=1431"}],"curies":[{"name":"wp","href":"https:\/\/api.w.org\/{rel}","templated":true}]}}