{"id":1423,"date":"2022-07-13T13:06:35","date_gmt":"2022-07-13T11:06:35","guid":{"rendered":"https:\/\/kiddy.bkapps.pl\/10-lat-gwarancji\/"},"modified":"2023-07-17T16:11:59","modified_gmt":"2023-07-17T14:11:59","slug":"10-jahre-garantie","status":"publish","type":"page","link":"https:\/\/kiddy.com\/de\/10-jahre-garantie\/","title":{"rendered":"10 Jahre Garantie"},"content":{"rendered":"<section id=\"\" class=\"txt acf-block acf-block-id-block_d7cc561fb783b69de18fb4ec82a407ef \">\n\n\t<div class=\"container\">\n\t\t<div class=\"row\">\n\t\t\t<div class=\"col-12 col-lg-8 offset-lg-2\">\n\t\t\t\t<h1 class=\"title\">Erweiterte Garantie<\/h1>\n\t\t\t<\/div>\n\t\t<\/div>\n\t\t<div class=\"row\">\n\t\t\t<div class=\"col-12 col-lg-8 offset-lg-2\">\n\t\t\t\t<div class=\"txt__txt\"><p>Alle Sitze der Marke Kiddy werden mit einer 2-Jahres-Grundgarantie geliefert. Um die Garantie kostenlos auf 10 Jahre zu verl\u00e4ngern, f\u00fcllen Sie bitte das Antragsformular bis sp\u00e4testens <strong>30 Tage nach dem Kauf aus.<\/strong><\/p>\n<p>Wir sind von der Qualit\u00e4t der Kiddy-Produkte \u00fcberzeugt. Deshalb bieten wir unseren Kunden das \u00fcberdurchschnittliche 10-Jahres-Garantieprogramm. Wir m\u00f6chten, dass Sie sich beim Kauf unserer Produkte keine Sorgen machen m\u00fcssen. Die Registrierung f\u00fcr das 10-Jahres-Garantieprogramm ist kostenlos und einfach. F\u00fcllen Sie einfach das Anmeldeformular unter www.kiddy.com innerhalb von 30 Tagen nach dem Kauf aus.<\/p>\n<ul>\n<li>F\u00fcr alle Kiddy-Produkte gilt eine 2-j\u00e4hrige Garantie. Sie k\u00f6nnen diese Frist innerhalb von 30 Tagen nach dem Kauf auf 10 Jahre verl\u00e4ngern.<\/li>\n<\/ul>\n<\/div>\n\n\t\t\t\t\t\t\t<\/div>\n\t\t<\/div>\n\t<\/div>\n\n<\/section>\n\n\n<section id=\"kroki\" class=\"steps acf-block acf-block-id-block_d074ef69695ab01e6db80831d37c1f2f  acf-block--mb\">\n\n\t\t\t\t\t<div class=\"container\">\n\n\t\t<div class=\"row\">\n\t\t\t<div class=\"col-12 col-lg-10 offset-lg-1\">\n\n\t\t\t\t\t\t\t\t\t\t\t\t\t\t\t<h2 class=\"steps__title steps__title--mb16\">Wie bekomme ich eine 10-Jahres-Garantie?<\/h2>\n\t\t\t\t\t\t\t\t\t\n\t\t\t\t\t\t\t\t\t<div class=\"steps__description\"><p>Bitte beachten Sie, dass Sie sich innerhalb von 30 Tagen nach dem Kauf registrieren lassen m\u00fcssen, um in den Genuss des 10-Jahres-Garantieprogramms zu kommen.<\/p>\n<\/div>\n\t\t\t\t\n\t\t\t\t<div class=\"steps__items\">\n\t\t\t\t\t\t\t\t\t\t\t<div class=\"steps__item steps__item--33\">\n\t\t\t\t\t\t\t<span class=\"steps__item__index\">01<\/span>\n\t\t\t\t\t\t\t<div class=\"steps__item__content\">\n\t\t\t\t\t\t\t\t<h3 class=\"steps__item__title\">Bereiten Sie Ihren Kaufbeleg vor<\/h3>\n\t\t\t\t\t\t\t\t<p class=\"steps__item__description\">Sie ben\u00f6tigen sie, um das Formular im n\u00e4chsten Schritt korrekt auszuf\u00fcllen.<\/p>\n\t\t\t\t\t\t\t<\/div>\n\t\t\t\t\t\t<\/div>\n\t\t\t\t\t\t\t\t\t\t\t<div class=\"steps__item steps__item--33\">\n\t\t\t\t\t\t\t<span class=\"steps__item__index\">02<\/span>\n\t\t\t\t\t\t\t<div class=\"steps__item__content\">\n\t\t\t\t\t\t\t\t<h3 class=\"steps__item__title\">F\u00fcllen Sie das Formular aus<\/h3>\n\t\t\t\t\t\t\t\t<p class=\"steps__item__description\">F\u00fcllen Sie alle Felder des Formulars aus, die f\u00fcr die Anmeldung zum Programm erforderlich sind. Denken Sie daran, dies innerhalb von h\u00f6chstens 30 Tagen nach dem Kaufdatum zu tun.<\/p>\n\t\t\t\t\t\t\t<\/div>\n\t\t\t\t\t\t<\/div>\n\t\t\t\t\t\t\t\t\t\t\t<div class=\"steps__item steps__item--33\">\n\t\t\t\t\t\t\t<span class=\"steps__item__index\">03<\/span>\n\t\t\t\t\t\t\t<div class=\"steps__item__content\">\n\t\t\t\t\t\t\t\t<h3 class=\"steps__item__title\">Warten auf R\u00fcckmeldung<\/h3>\n\t\t\t\t\t\t\t\t<p class=\"steps__item__description\">Wir senden Ihnen eine Best\u00e4tigung Ihrer Anmeldung zum Programm an die angegebene E-Mail Adresse.<\/p>\n\t\t\t\t\t\t\t<\/div>\n\t\t\t\t\t\t<\/div>\n\t\t\t\t\t\t\t\t\t<\/div>\n\n\t\t\t\t<div class=\"steps__buttons\">\n\t\t\t\t\t\t\t\t\t\t\t<a class=\"button button--bordered steps__button\" href=\"\/de\/nutzungsbedingungen-10-jahre-garantie\/\" target=\"_blank\">Nutzungsbedienungen<\/a>\n\t\t\t\t\t\t\t\t\t\t\t\t\t\t\t\t<a class=\"button button--black button--arrow steps__button button--long\" href=\"https:\/\/rma.kiddy.com\/10yw\/?lang=de\" target=\"_blank\">Erhalten Sie eine 10-Jahres-Garantie<\/a>\n\t\t\t\t\t\t\t\t\t<\/div>\n\t\t\t<\/div>\n\t\t<\/div>\n\t<\/div>\n\n\n\n<\/section>\n\n\n\n<section id=\"\" class=\"faq acf-block acf-block-id-block_fc8278102f8f573e83e702c968a6d477  acf-block--mb acf-block--mt\">\n\n\t<div class=\"container\">\n\t\t<div class=\"row\">\n\t\t\t<div class=\"col-12 col-md-10 offset-md-1 col-lg-8 offset-lg-2\">\n\n\t\t\t\t\t\t\t\t\t<h2 class=\"faq__title\">H\u00e4ufig gestellte Fragen<\/h2>\n\t\t\t\t\n\t\t\t\t\t\t\t\t<div class=\"faq__items\" itemscope itemtype=\"https:\/\/schema.org\/FAQPage\" data-accordion-group>\n\t\t\t\t\t\t\t\t\t\t\t<div class=\"faq__item\" itemscope itemprop=\"mainEntity\" itemtype=\"https:\/\/schema.org\/Question\" data-accordion>\n\t\t\t\t\t\t\t<button class=\"faq__item__header\" itemprop=\"name\" data-accordion-header>Was muss ich tun, um die 10-Jahres-Garantie zu erhalten?<\/button>\n\t\t\t\t\t\t\t<div class=\"faq__item__body\" itemscope itemprop=\"acceptedAnswer\" itemtype=\"https:\/\/schema.org\/Answer\" data-accordion-body>\n\t\t\t\t\t\t\t\t<div itemprop=\"text\">\n\t\t\t\t\t\t\t\t\tUm die 10-Jahres-Garantie in Anspruch zu nehmen, registrieren Sie Ihr Produkt einfach innerhalb von 30 Tagen nach dem Kauf unter www.kiddy.com.\n\t\t\t\t\t\t\t\t<\/div>\n\t\t\t\t\t\t\t<\/div>\n\t\t\t\t\t\t<\/div>\n\t\t\t\t\t\t\t\t\t\t\t<div class=\"faq__item\" itemscope itemprop=\"mainEntity\" itemtype=\"https:\/\/schema.org\/Question\" data-accordion>\n\t\t\t\t\t\t\t<button class=\"faq__item__header\" itemprop=\"name\" data-accordion-header>Welche Unterlagen sind f\u00fcr die Beantragung des 10-Jahres-Garantieprogramms erforderlich?<\/button>\n\t\t\t\t\t\t\t<div class=\"faq__item__body\" itemscope itemprop=\"acceptedAnswer\" itemtype=\"https:\/\/schema.org\/Answer\" data-accordion-body>\n\t\t\t\t\t\t\t\t<div itemprop=\"text\">\n\t\t\t\t\t\t\t\t\tUm die 10-Jahres-Garantie in Anspruch nehmen zu k\u00f6nnen, ben\u00f6tigen Sie Ihren Kaufbeleg.\n\t\t\t\t\t\t\t\t<\/div>\n\t\t\t\t\t\t\t<\/div>\n\t\t\t\t\t\t<\/div>\n\t\t\t\t\t\t\t\t\t\t\t<div class=\"faq__item\" itemscope itemprop=\"mainEntity\" itemtype=\"https:\/\/schema.org\/Question\" data-accordion>\n\t\t\t\t\t\t\t<button class=\"faq__item__header\" itemprop=\"name\" data-accordion-header>Wie kann ich einen Anspruch geltend machen?<\/button>\n\t\t\t\t\t\t\t<div class=\"faq__item__body\" itemscope itemprop=\"acceptedAnswer\" itemtype=\"https:\/\/schema.org\/Answer\" data-accordion-body>\n\t\t\t\t\t\t\t\t<div itemprop=\"text\">\n\t\t\t\t\t\t\t\t\tUm einen Antrag zu stellen, f\u00fcllen Sie das Formular aus, das Sie unter www.kiddy.com finden. Beschreiben Sie in Ihrer Reklamation den Fehler detailliert und f\u00fcgen Sie, wenn m\u00f6glich, Fotos oder ein kurzes Video bei, das das Problem zeigt. Sobald die Bestellung angenommen wurde, werden wir Sie \u00fcber die zugewiesene Fallnummer und den weiteren Verlauf des Beschwerdeverfahrens informieren.\n\t\t\t\t\t\t\t\t<\/div>\n\t\t\t\t\t\t\t<\/div>\n\t\t\t\t\t\t<\/div>\n\t\t\t\t\t\t\t\t\t<\/div>\n\t\t\t\t\n\t\t\t<\/div>\n\t\t<\/div>\n\t<\/div>\n\n<\/section>\n\n\n\n<section id=\"\" class=\"contact-info acf-block acf-block-id-block_80155b2639d55659f848f6be5f3bac47  acf-block--mb acf-block--mt\">\n\n\t<div class=\"container\">\n\t\t<div class=\"row contact-info__row\">\n\t\t\t<div class=\"col-12 col-lg-5 order-1 order-lg-0\">\n\t\t\t\t<h4 class=\"contact-info__title\">Sie haben keine Antwort auf Ihre Frage bekommen? Kontakt<\/h4>\n\n\t\t\t\t\t\t\t\t\t\t\t\t\t\t\t<div class=\"contact-info__group\">\n\t\t\t\t\t\t\t<a href=\"mailto:kundenhilfe@kiddy.com\" class=\"contact-info__group__link\">kundenhilfe@kiddy.com<\/a>\n\t\t\t\t\t\t\t\t\t\t\t\t\t\t<p class=\"contact-info__group__description\">Kontakt f\u00fcr einzelne Kunden<\/p>\n\t\t\t\t\t\t\t\t\t\t\t\t\t<\/div>\n\t\t\t\t\t\t\t\t\t\t\t<div class=\"contact-info__group\">\n\t\t\t\t\t\t\t<a href=\"mailto:Ruf uns an\" class=\"contact-info__group__link\">Ruf uns an<\/a>\n\t\t\t\t\t\t\t\t\t\t\t\t\t\t<p class=\"contact-info__group__description\">+49 699 501 9639 (Mo-Fr 8:00 &#8211; 16:00)<\/p>\n\t\t\t\t\t\t\t\t\t\t\t\t\t<\/div>\n\t\t\t\t\t\t\t\t\t\n\t\t\t\t\n\t\t\t\t\n\t\t\t<\/div>\n\t\t\t<div class=\"col-12 col-lg-6 offset-lg-1 order-0 order-lg-1\">\n\t\t\t\t\t\t\t\t\t\t\t\t\t\t<picture class=\"contact-info__picture\">\n\t\t\t\t\t\t<source srcset=\"https:\/\/kiddy.com\/app\/uploads\/2022\/07\/Kobieta-zapinajaca-pasy-dziecku-w-foteliku-Kiddy-CRUISERFIX3.webp\" type=\"image\/webp\">\n\t\t\t\t\t\t<img decoding=\"async\" class=\"contact-info__img\" src=\"https:\/\/kiddy.com\/app\/uploads\/2022\/07\/Kobieta-zapinajaca-pasy-dziecku-w-foteliku-Kiddy-CRUISERFIX3.jpg\" width=\"1632\" height=\"1224\" alt=\"Woman strapping a child in a Kiddy CRUISERFIX 3 car seat\">\n\t\t\t\t\t<\/picture>\n\t\t\t\t\t\t\t<\/div>\n\t\t<\/div>\n\t<\/div>\n\n<\/section>\n\n","protected":false},"excerpt":{"rendered":"","protected":false},"author":1,"featured_media":0,"parent":0,"menu_order":0,"comment_status":"closed","ping_status":"closed","template":"","meta":{"_acf_changed":false,"footnotes":""},"class_list":["post-1423","page","type-page","status-publish","hentry"],"acf":[],"yoast_head":"<!-- This site is optimized with the Yoast SEO plugin v27.3 - https:\/\/yoast.com\/product\/yoast-seo-wordpress\/ -->\n<title>10 Jahre Garantie - Kiddy<\/title>\n<meta name=\"description\" content=\"10 Jahre Garantie \u2606 Kostenlose Registrierung \u2606 Kostenloser Austausch des defekten Teils \u2606 Kostenloser Austausch des Sitzes gegen einen neuen\" \/>\n<meta name=\"robots\" content=\"index, follow, max-snippet:-1, max-image-preview:large, max-video-preview:-1\" \/>\n<link rel=\"canonical\" href=\"https:\/\/kiddy.com\/de\/10-jahre-garantie\/\" \/>\n<meta property=\"og:locale\" content=\"de_DE\" \/>\n<meta property=\"og:type\" content=\"article\" \/>\n<meta property=\"og:title\" content=\"10 Jahre Garantie - Kiddy\" \/>\n<meta property=\"og:description\" content=\"10 Jahre Garantie \u2606 Kostenlose Registrierung \u2606 Kostenloser Austausch des defekten Teils \u2606 Kostenloser Austausch des Sitzes gegen einen neuen\" \/>\n<meta property=\"og:url\" content=\"https:\/\/kiddy.com\/de\/10-jahre-garantie\/\" \/>\n<meta property=\"og:site_name\" content=\"Kiddy\" \/>\n<meta property=\"article:publisher\" content=\"https:\/\/www.facebook.com\/kiddypolska\/\" \/>\n<meta property=\"article:modified_time\" content=\"2023-07-17T14:11:59+00:00\" \/>\n<meta property=\"og:image\" content=\"https:\/\/kiddy.com\/app\/uploads\/2022\/09\/Logo-Kiddy-Engineered-with-love.jpg\" \/>\n\t<meta property=\"og:image:width\" content=\"841\" \/>\n\t<meta property=\"og:image:height\" content=\"595\" \/>\n\t<meta property=\"og:image:type\" content=\"image\/jpeg\" \/>\n<meta name=\"twitter:card\" content=\"summary_large_image\" \/>\n<!-- \/ Yoast SEO plugin. -->","yoast_head_json":{"title":"10 Jahre Garantie - Kiddy","description":"10 Jahre Garantie \u2606 Kostenlose Registrierung \u2606 Kostenloser Austausch des defekten Teils \u2606 Kostenloser Austausch des Sitzes gegen einen neuen","robots":{"index":"index","follow":"follow","max-snippet":"max-snippet:-1","max-image-preview":"max-image-preview:large","max-video-preview":"max-video-preview:-1"},"canonical":"https:\/\/kiddy.com\/de\/10-jahre-garantie\/","og_locale":"de_DE","og_type":"article","og_title":"10 Jahre Garantie - Kiddy","og_description":"10 Jahre Garantie \u2606 Kostenlose Registrierung \u2606 Kostenloser Austausch des defekten Teils \u2606 Kostenloser Austausch des Sitzes gegen einen neuen","og_url":"https:\/\/kiddy.com\/de\/10-jahre-garantie\/","og_site_name":"Kiddy","article_publisher":"https:\/\/www.facebook.com\/kiddypolska\/","article_modified_time":"2023-07-17T14:11:59+00:00","og_image":[{"width":841,"height":595,"url":"https:\/\/kiddy.com\/app\/uploads\/2022\/09\/Logo-Kiddy-Engineered-with-love.jpg","type":"image\/jpeg"}],"twitter_card":"summary_large_image","schema":{"@context":"https:\/\/schema.org","@graph":[{"@type":"WebPage","@id":"https:\/\/kiddy.com\/de\/10-jahre-garantie\/","url":"https:\/\/kiddy.com\/de\/10-jahre-garantie\/","name":"10 Jahre Garantie - Kiddy","isPartOf":{"@id":"https:\/\/kiddy.com\/#website"},"datePublished":"2022-07-13T11:06:35+00:00","dateModified":"2023-07-17T14:11:59+00:00","description":"10 Jahre Garantie \u2606 Kostenlose Registrierung \u2606 Kostenloser Austausch des defekten Teils \u2606 Kostenloser Austausch des Sitzes gegen einen neuen","breadcrumb":{"@id":"https:\/\/kiddy.com\/de\/10-jahre-garantie\/#breadcrumb"},"inLanguage":"de-DE","potentialAction":[{"@type":"ReadAction","target":["https:\/\/kiddy.com\/de\/10-jahre-garantie\/"]}]},{"@type":"BreadcrumbList","@id":"https:\/\/kiddy.com\/de\/10-jahre-garantie\/#breadcrumb","itemListElement":[{"@type":"ListItem","position":1,"name":"Strona g\u0142\u00f3wna","item":"https:\/\/kiddy.com\/de\/"},{"@type":"ListItem","position":2,"name":"10 Jahre Garantie"}]},{"@type":"WebSite","@id":"https:\/\/kiddy.com\/#website","url":"https:\/\/kiddy.com\/","name":"Kiddy","description":"Kiddy","publisher":{"@id":"https:\/\/kiddy.com\/#organization"},"potentialAction":[{"@type":"SearchAction","target":{"@type":"EntryPoint","urlTemplate":"https:\/\/kiddy.com\/?s={search_term_string}"},"query-input":{"@type":"PropertyValueSpecification","valueRequired":true,"valueName":"search_term_string"}}],"inLanguage":"de-DE"},{"@type":"Organization","@id":"https:\/\/kiddy.com\/#organization","name":"Kiddy","url":"https:\/\/kiddy.com\/","logo":{"@type":"ImageObject","inLanguage":"de-DE","@id":"https:\/\/kiddy.com\/#\/schema\/logo\/image\/","url":"https:\/\/kiddy.com\/app\/uploads\/2022\/09\/Logo-Kiddy-Engineered-with-love.jpg","contentUrl":"https:\/\/kiddy.com\/app\/uploads\/2022\/09\/Logo-Kiddy-Engineered-with-love.jpg","width":841,"height":595,"caption":"Kiddy"},"image":{"@id":"https:\/\/kiddy.com\/#\/schema\/logo\/image\/"},"sameAs":["https:\/\/www.facebook.com\/kiddypolska\/","https:\/\/www.instagram.com\/kiddy_global\/","https:\/\/www.youtube.com\/channel\/UC1RBJ6VMaCFUrU0BoLF5nvA"]}]}},"_links":{"self":[{"href":"https:\/\/kiddy.com\/de\/wp-json\/wp\/v2\/pages\/1423","targetHints":{"allow":["GET"]}}],"collection":[{"href":"https:\/\/kiddy.com\/de\/wp-json\/wp\/v2\/pages"}],"about":[{"href":"https:\/\/kiddy.com\/de\/wp-json\/wp\/v2\/types\/page"}],"author":[{"embeddable":true,"href":"https:\/\/kiddy.com\/de\/wp-json\/wp\/v2\/users\/1"}],"replies":[{"embeddable":true,"href":"https:\/\/kiddy.com\/de\/wp-json\/wp\/v2\/comments?post=1423"}],"version-history":[{"count":3,"href":"https:\/\/kiddy.com\/de\/wp-json\/wp\/v2\/pages\/1423\/revisions"}],"predecessor-version":[{"id":4353,"href":"https:\/\/kiddy.com\/de\/wp-json\/wp\/v2\/pages\/1423\/revisions\/4353"}],"wp:attachment":[{"href":"https:\/\/kiddy.com\/de\/wp-json\/wp\/v2\/media?parent=1423"}],"curies":[{"name":"wp","href":"https:\/\/api.w.org\/{rel}","templated":true}]}}