{"id":1373,"date":"2022-07-13T16:07:46","date_gmt":"2022-07-13T14:07:46","guid":{"rendered":"https:\/\/kiddy.bkapps.pl\/o-marce\/"},"modified":"2022-11-16T13:42:34","modified_gmt":"2022-11-16T12:42:34","slug":"ueber-die-marke","status":"publish","type":"page","link":"https:\/\/kiddy.com\/de\/ueber-die-marke\/","title":{"rendered":"\u00dcber die Marke"},"content":{"rendered":"<section id=\"\" class=\"video acf-block acf-block-id-block_2d586343cf71765eef78eb88612dcab8 \">\n\t<video class=\"lazy\" autoplay playsinline muted>\n\t\t<source data-src-desktop=\"https:\/\/kiddy.com\/app\/uploads\/2022\/07\/banner_o-marce.mp4\" data-src-mobile=\"https:\/\/kiddy.com\/app\/uploads\/2022\/07\/banner_o-marce_mobile.mp4\" type=\"video\/mp4\">\n\t\tYour browser does not support the video tag.\n\t<\/video>\n<\/section>\n\n\n\n<section id=\"\" class=\"paralax-text paralax-text--v3 acf-block acf-block-id-block_b8c0862e3ef16c0b6b7ea6bcd6ddebaa \">\n\t<div class=\"container\">\n\t\t<div class=\"row\">\n\t\t\t<div class=\"col-12 col-xl-6 paralax-text__image-container paralax-text__image-container--v3\">\n\t\t\t\t<picture>\n\t\t\t\t\t<source srcset=\"https:\/\/kiddy.com\/app\/uploads\/2022\/07\/Kiddy-fotelik-samochodowy-CRUISERFIX3-budowa-1-967x1001-c-default.webp 1x, https:\/\/kiddy.com\/app\/uploads\/2022\/07\/Kiddy-fotelik-samochodowy-CRUISERFIX3-budowa-1-1934x2002-c-default.webp 2x\" media=\"(min-width: 1200px)\">\n\t\t\t\t\t<source srcset=\"https:\/\/kiddy.com\/app\/uploads\/2022\/07\/Kiddy-fotelik-samochodowy-CRUISERFIX3-budowa-1-345x352-c-default.webp 1x, https:\/\/kiddy.com\/app\/uploads\/2022\/07\/Kiddy-fotelik-samochodowy-CRUISERFIX3-budowa-1-690x704-c-default.webp 2x\">\n\t\t\t\t\t<img decoding=\"async\" class=\"paralax-text__image paralax-text__image--v3\"\n\t\t\t\t\t\t src=\"https:\/\/kiddy.com\/app\/uploads\/2022\/07\/Kiddy-fotelik-samochodowy-CRUISERFIX3-budowa-1-967x1001-c-default.webp 1x, https:\/\/kiddy.com\/app\/uploads\/2022\/07\/Kiddy-fotelik-samochodowy-CRUISERFIX3-budowa-1-1934x2002-c-default.webp\"\n\t\t\t\t\t\t alt=\"\"\n\t\t\t\t\t\t data-paralax data-paralax-direction=\"bottom\" data-paralax-speed=\"0.25\">\n\t\t\t\t<\/picture>\n\n\t\t\t<\/div>\n\t\t\t<div class=\"col-12 col-xl-6 col-xxl-5 paralax-text__text-container\">\n\t\t\t\t<h1 class=\"paralax-text__title paralax-text__title--v3\">Kindersitze f\u00fcr Autos<\/h1>\n\t\t\t\t<div class=\"paralax-text__description\"><p>Mit Blick auf die Sicherheit der j\u00fcngsten Fahrg\u00e4ste entwickeln wir L\u00f6sungen, die seit mehr als 50 Jahren die Branche leiten und den h\u00f6chsten Standard f\u00fcr den Kinderschutz im Auto schaffen.<\/p>\n<p>In Form von Systemen wie Kiddy Shock Absorber, Lie Flat, K-Fix+ oder Honey Comb 2 Technologie verbinden wir Erfahrung mit Innovation. Mit dem Wissen und der Praxis unserer Ingenieure nutzen wir die neuesten technologischen Fortschritte und avantgardistisches Design.<\/p>\n<\/div>\n\t\t\t<\/div>\n\t\t<\/div>\n\t<\/div>\n<\/section>\n\n\n<section id=\"\" class=\"paralax-text paralax-text--v4 acf-block acf-block-id-block_948a16b457c99224456b361e0b57aff0 \">\n\t<picture>\n\t\t<source srcset=\"https:\/\/kiddy.com\/app\/uploads\/2022\/07\/Kiddy-baza-IZOFIX2-1920x1696-c-default.webp 1x, https:\/\/kiddy.com\/app\/uploads\/2022\/07\/Kiddy-baza-IZOFIX2-3840x3392-c-default.webp 2x\" media=\"(min-width: 1200px)\">\n\t\t<source srcset=\"https:\/\/kiddy.com\/app\/uploads\/2022\/07\/Kiddy-baza-IZOFIX2-503x444-c-default.webp 1x, https:\/\/kiddy.com\/app\/uploads\/2022\/07\/Kiddy-baza-IZOFIX2-1006x888-c-default.webp 2x\">\n\t\t<img decoding=\"async\" class=\"paralax-text__image paralax-text__image--v4\"\n\t\t\t src=\"https:\/\/kiddy.com\/app\/uploads\/2022\/07\/Kiddy-baza-IZOFIX2-1920x1696-c-default.webp 1x, https:\/\/kiddy.com\/app\/uploads\/2022\/07\/Kiddy-baza-IZOFIX2-3840x3392-c-default.webp\"\n\t\t\t alt=\"\"\n\t\t\t data-paralax data-paralax-direction=\"right\" data-paralax-speed=\"0.15\">\n\t<\/picture>\n\n\t<div class=\"container\">\n\t\t<div class=\"row\">\n\t\t\t<div class=\"col-12 col-xl-5 offset-xl-1 paralax-text__text-container\">\n\t\t\t\t<h2 class=\"paralax-text__title paralax-text__title--v4\">Etwas mehr als Qualit\u00e4t<\/h2>\n\t\t\t\t<div class=\"paralax-text__description\"><p>Unser Ziel ist einfach: Wir wollen Sitze schaffen, die f\u00fcr Sicherheit, Zuverl\u00e4ssigkeit und Funktionalit\u00e4t stehen!<\/p>\n<p>Deutsche Pr\u00e4zision, Liebe zum Detail und robuste Bauweise. Das sind die Dinge, f\u00fcr die wir ber\u00fchmt sind, und ihre Pr\u00e4senz in Kiddy-Autositzen macht sie zu den besten L\u00f6sungen auf dem Markt und zu Produkten, die den Erwartungen der modernen, dynamischen Familie entsprechen.<\/p>\n<\/div>\n\t\t\t<\/div>\n\t\t<\/div>\n\t<\/div>\n<\/section>\n\n\n<section id=\"\" class=\"marquee acf-block acf-block-id-block_d4d6cb7946edc064c366427f1de04acc \">\n\t<div data-marquee data-marquee-speed=\"0.5\" data-marquee-direction=\"left\" data-marquee-scroll=\"0\">\n\t\t<p>sichere Produkte  | innovative L\u00f6sungen <\/p>\n\t<\/div>\n\n\t<div data-marquee data-marquee-speed=\"0.5\" data-marquee-direction=\"right\" data-marquee-scroll=\"0\">\n\t\t<p>renommierte Preise  \u00b7 h\u00f6chste Standards<\/p>\n\t<\/div>\n<\/section>\n\n\n\n<section id=\"\" class=\"image-text-black-bg acf-block acf-block-id-block_87e773b6eba1b7f585cae7a6a48792f2 \">\n\t<div class=\"container\">\n\t\t<div class=\"row\">\n\t\t\t<div class=\"col-12 col-lg-5\">\n\t\t\t\t<p style=\"text-align: right;\">Deutsche <strong>Qualit\u00e4t<\/strong><br \/>\nHervorragendes <strong>Design<\/strong><br \/>\n50 Jahre <strong>Erfahrung<\/strong><br \/>\nDas ist <strong>Kiddy<\/strong><\/p>\n\n\t\t\t<\/div>\n\n\t\t\t<div class=\"col-12 col-lg-7\">\n\t\t\t\t<picture>\n\t\t\t\t\t<source srcset=\"https:\/\/kiddy.com\/app\/uploads\/2022\/07\/Kiddy-fotelik-samochodowy-EVOLUNA-ISIZE2-przekroj-1272x1806-c-default.webp 1x, https:\/\/kiddy.com\/app\/uploads\/2022\/07\/Kiddy-fotelik-samochodowy-EVOLUNA-ISIZE2-przekroj-2544x3612-c-default.webp 2x\" media=\"(min-width: 992px)\">\n\t\t\t\t\t<source srcset=\"https:\/\/kiddy.com\/app\/uploads\/2022\/07\/Kiddy-fotelik-samochodowy-EVOLUNA-ISIZE2-przekroj-375x532-c-default.webp 1x, https:\/\/kiddy.com\/app\/uploads\/2022\/07\/Kiddy-fotelik-samochodowy-EVOLUNA-ISIZE2-przekroj-750x1064-c-default.webp 2x\">\n\t\t\t\t\t<img decoding=\"async\" class=\"image-text-black-bg__image\"\n\t\t\t\t\t\t src=\"https:\/\/kiddy.com\/app\/uploads\/2022\/07\/Kiddy-fotelik-samochodowy-EVOLUNA-ISIZE2-przekroj-1272x1806-c-default.webp 1x, https:\/\/kiddy.com\/app\/uploads\/2022\/07\/Kiddy-fotelik-samochodowy-EVOLUNA-ISIZE2-przekroj-2544x3612-c-default.webp\"\n\t\t\t\t\t\t alt=\"\">\n\t\t\t\t<\/picture>\n\t\t\t<\/div>\n\t\t<\/div>\n\t<\/div>\n<\/section>\n\n\n\n<section id=\"\" class=\"title-description title-description--pt-120 acf-block acf-block-id-block_ef8a96e2d3840f947b9e8b401220c14c \">\n\t<div class=\"container order-2 order-lg-1\">\n\t\t<div class=\"row\">\n\t\t\t<div class=\"col-12 col-lg-11 offset-lg-1\">\n\t\t\t\t<h2 class=\"title-description__title title-description__title--left\">Wir respektieren die Vergangenheit und denken an die Zukunft<\/h2>\n\t\t\t<\/div>\n\t\t<\/div>\n\t\t<div class=\"row\">\n\t\t\t<div class=\"col-12 col-lg-6 offset-lg-6\">\n\t\t\t\t<div class=\"title-description__content title-description__content--small-margin\"><p><strong>Unser Erfolg tr\u00e4gt zu einer kontinuierlichen, kompromisslosen Entwicklung bei.<\/strong><\/p>\n<p>Wir verfolgen Trends und beteiligen uns an ihrer Entstehung. Wir haben keine Angst vor Innovation und zukunftsweisenden Technologien. Gleichzeitig sch\u00e4tzen wir den Wert von bew\u00e4hrten und einfachen Patenten. Wir lassen uns von anspruchsvollem, avantgardistischem Design inspirieren, erfreuen uns aber auch an der Sch\u00f6nheit der klassischen Formen.<\/p>\n<\/div>\n\t\t\t<\/div>\n\t\t<\/div>\n\t<\/div>\n\n\t\t\t<div class=\"container order-1 order-lg-2\">\n\t\t\t<div class=\"row\">\n\t\t\t\t<div class=\"col-12\">\n\t\t\t\t\t<div class=\"title-description__parallax-container\">\n\t\t\t\t\t\t<picture class=\"title-description__parallax-left\" data-paralax data-paralax-direction=\"right\" data-paralax-speed=\"0.08\">\n\t\t\t\t\t\t\t<source srcset=\"https:\/\/kiddy.com\/app\/uploads\/2022\/07\/Kiddy-fotelik-samochodowy-EVOLUTIONPRO-przekro\u0301j-644x565-c-default.webp 1x, https:\/\/kiddy.com\/app\/uploads\/2022\/07\/Kiddy-fotelik-samochodowy-EVOLUTIONPRO-przekro\u0301j-1288x1130-c-default.webp 2x\" media=\"(min-width: 992px)\">\n\t\t\t\t\t\t\t<source srcset=\"https:\/\/kiddy.com\/app\/uploads\/2022\/07\/Kiddy-fotelik-samochodowy-EVOLUTIONPRO-przekro\u0301j-191x167-c-default.webp 1x, https:\/\/kiddy.com\/app\/uploads\/2022\/07\/Kiddy-fotelik-samochodowy-EVOLUTIONPRO-przekro\u0301j-382x334-c-default.webp 2x\">\n\t\t\t\t\t\t\t<img decoding=\"async\" src=\"https:\/\/kiddy.com\/app\/uploads\/2022\/07\/Kiddy-fotelik-samochodowy-EVOLUTIONPRO-przekro\u0301j-644x565-c-default.webp\"\n\t\t\t\t\t\t\t\t srcset=\"https:\/\/kiddy.com\/app\/uploads\/2022\/07\/Kiddy-fotelik-samochodowy-EVOLUTIONPRO-przekro\u0301j-644x565-c-default.webp 1x, https:\/\/kiddy.com\/app\/uploads\/2022\/07\/Kiddy-fotelik-samochodowy-EVOLUTIONPRO-przekro\u0301j-1288x1130-c-default.webp 2x\"\n\t\t\t\t\t\t\t\t alt=\"\"\n\t\t\t\t\t\t\t>\n\t\t\t\t\t\t<\/picture>\n\n\t\t\t\t\t\t<picture class=\"title-description__parallax-center\">\n\t\t\t\t\t\t\t<source srcset=\"https:\/\/kiddy.com\/app\/uploads\/2022\/07\/Kiddy-fotelik-samochodowy-EVOLUTIONPRO-budowa-509x784-c-default.webp 1x, https:\/\/kiddy.com\/app\/uploads\/2022\/07\/Kiddy-fotelik-samochodowy-EVOLUTIONPRO-budowa-1018x1568-c-default.webp 2x\" media=\"(min-width: 992px)\">\n\t\t\t\t\t\t\t<source srcset=\"https:\/\/kiddy.com\/app\/uploads\/2022\/07\/Kiddy-fotelik-samochodowy-EVOLUTIONPRO-budowa-148x227-c-default.webp 1x, https:\/\/kiddy.com\/app\/uploads\/2022\/07\/Kiddy-fotelik-samochodowy-EVOLUTIONPRO-budowa-296x454-c-default.webp 2x\">\n\t\t\t\t\t\t\t<img decoding=\"async\" src=\"https:\/\/kiddy.com\/app\/uploads\/2022\/07\/Kiddy-fotelik-samochodowy-EVOLUTIONPRO-budowa-509x784-c-default.webp\"\n\t\t\t\t\t\t\t\t srcset=\"https:\/\/kiddy.com\/app\/uploads\/2022\/07\/Kiddy-fotelik-samochodowy-EVOLUTIONPRO-budowa-509x784-c-default.webp 1x, https:\/\/kiddy.com\/app\/uploads\/2022\/07\/Kiddy-fotelik-samochodowy-EVOLUTIONPRO-budowa-1018x1568-c-default.webp 2x\"\n\t\t\t\t\t\t\t\t alt=\"\"\n\t\t\t\t\t\t\t>\n\t\t\t\t\t\t<\/picture>\n\n\t\t\t\t\t\t<picture class=\"title-description__parallax-right\" data-paralax data-paralax-direction=\"left\" data-paralax-speed=\"0.08\">\n\t\t\t\t\t\t\t<source srcset=\"https:\/\/kiddy.com\/app\/uploads\/2022\/07\/Kiddy-fotelik-samochodowy-EVOLUNA-ISIZE2-czarny-bok-1066x958-c-default.webp 1x, https:\/\/kiddy.com\/app\/uploads\/2022\/07\/Kiddy-fotelik-samochodowy-EVOLUNA-ISIZE2-czarny-bok-2132x1916-c-default.webp 2x\" media=\"(min-width: 992px)\">\n\t\t\t\t\t\t\t<source srcset=\"https:\/\/kiddy.com\/app\/uploads\/2022\/07\/Kiddy-fotelik-samochodowy-EVOLUNA-ISIZE2-czarny-bok-315x281-c-default.webp 1x, https:\/\/kiddy.com\/app\/uploads\/2022\/07\/Kiddy-fotelik-samochodowy-EVOLUNA-ISIZE2-czarny-bok-630x562-c-default.webp 2x\">\n\t\t\t\t\t\t\t<img decoding=\"async\" src=\"https:\/\/kiddy.com\/app\/uploads\/2022\/07\/Kiddy-fotelik-samochodowy-EVOLUNA-ISIZE2-czarny-bok-1066x958-c-default.webp\"\n\t\t\t\t\t\t\t\t srcset=\"https:\/\/kiddy.com\/app\/uploads\/2022\/07\/Kiddy-fotelik-samochodowy-EVOLUNA-ISIZE2-czarny-bok-1066x958-c-default.webp 1x, https:\/\/kiddy.com\/app\/uploads\/2022\/07\/Kiddy-fotelik-samochodowy-EVOLUNA-ISIZE2-czarny-bok-2132x1916-c-default.webp 2x\"\n\t\t\t\t\t\t\t\t alt=\"\"\n\t\t\t\t\t\t\t>\n\t\t\t\t\t\t<\/picture>\n\t\t\t\t\t<\/div>\n\t\t\t\t<\/div>\n\t\t\t<\/div>\n\t\t<\/div>\n\t<\/section>\n\n\n<section id=\"\" class=\"title-description title-description--revert acf-block acf-block-id-block_52d37eaa1e3464410e040f6a3b0940ef \">\n\t\t\t<div class=\"container-fluid\">\n\t\t\t<div class=\"title-description__images title-description__images--relative\">\n\t\t\t\t<picture class=\"title-description__image-left\" data-paralax data-paralax-direction=\"right\" data-paralax-speed=\"0.1\">\n\t\t\t\t\t<source srcset=\"https:\/\/kiddy.com\/app\/uploads\/2022\/07\/Matka-przypinajaca-fotelik-samochodowy-w-aucie-EVOLUTION-PRO2-889x651-c-default.webp 1x, https:\/\/kiddy.com\/app\/uploads\/2022\/07\/Matka-przypinajaca-fotelik-samochodowy-w-aucie-EVOLUTION-PRO2-1778x1302-c-default.webp 2x\" media=\"(min-width: 992px)\">\n\t\t\t\t\t<source srcset=\"https:\/\/kiddy.com\/app\/uploads\/2022\/07\/Matka-przypinajaca-fotelik-samochodowy-w-aucie-EVOLUTION-PRO2-750x612-c-default.webp 1x, https:\/\/kiddy.com\/app\/uploads\/2022\/07\/Matka-przypinajaca-fotelik-samochodowy-w-aucie-EVOLUTION-PRO2-1500x1224-c-default.webp 2x\" media=\"(min-width: 767px)\">\n\t\t\t\t\t<source srcset=\"https:\/\/kiddy.com\/app\/uploads\/2022\/07\/Matka-przypinajaca-fotelik-samochodowy-w-aucie-EVOLUTION-PRO2-375x306-c-default.webp 1x, https:\/\/kiddy.com\/app\/uploads\/2022\/07\/Matka-przypinajaca-fotelik-samochodowy-w-aucie-EVOLUTION-PRO2-750x612-c-default.webp 2x\">\n\t\t\t\t\t<img decoding=\"async\" src=\"https:\/\/kiddy.com\/app\/uploads\/2022\/07\/Matka-przypinajaca-fotelik-samochodowy-w-aucie-EVOLUTION-PRO2-889x651-c-default.webp\"\n\t\t\t\t\t\t srcset=\"https:\/\/kiddy.com\/app\/uploads\/2022\/07\/Matka-przypinajaca-fotelik-samochodowy-w-aucie-EVOLUTION-PRO2-889x651-c-default.webp 1x, https:\/\/kiddy.com\/app\/uploads\/2022\/07\/Matka-przypinajaca-fotelik-samochodowy-w-aucie-EVOLUTION-PRO2-1778x1302-c-default.webp 2x\"\n\t\t\t\t\t\t alt=\"\">\n\t\t\t\t<\/picture>\n\n\t\t\t\t<picture class=\"title-description__image-right\" data-paralax data-paralax-direction=\"left\" data-paralax-speed=\"0.1\">\n\t\t\t\t\t<source srcset=\"https:\/\/kiddy.com\/app\/uploads\/2022\/07\/Mezczyzna-trzymajacy-dziecko-w-foteliku-EVOLUTION-PRO2-1194x875-c-default.webp 1x, https:\/\/kiddy.com\/app\/uploads\/2022\/07\/Mezczyzna-trzymajacy-dziecko-w-foteliku-EVOLUTION-PRO2-2388x1750-c-default.webp 2x\" media=\"(min-width: 992px)\">\n\t\t\t\t\t<img decoding=\"async\" src=\"https:\/\/kiddy.com\/app\/uploads\/2022\/07\/Mezczyzna-trzymajacy-dziecko-w-foteliku-EVOLUTION-PRO2-1194x875-c-default.webp\"\n\t\t\t\t\t\t srcset=\"https:\/\/kiddy.com\/app\/uploads\/2022\/07\/Mezczyzna-trzymajacy-dziecko-w-foteliku-EVOLUTION-PRO2-1194x875-c-default.webp 1x, https:\/\/kiddy.com\/app\/uploads\/2022\/07\/Mezczyzna-trzymajacy-dziecko-w-foteliku-EVOLUTION-PRO2-2388x1750-c-default.webp 2x\"\n\t\t\t\t\t\t alt=\"\">\n\t\t\t\t<\/picture>\n\t\t\t<\/div>\n\t\t<\/div>\n\t\n\t<div class=\"container\">\n\t\t<div class=\"row\">\n\t\t\t<div class=\"col-12 col-lg-6\">\n\t\t\t\t<h2 class=\"title-description__title\">Das Wohlbefinden Ihres Kindes z\u00e4hlt f\u00fcr uns<\/h2>\n\t\t\t<\/div>\n\t\t\t<div class=\"col-12 col-lg-6\">\n\t\t\t\t<div class=\"title-description__content\"><p>Wir arbeiten mit der Automobilindustrie und unabh\u00e4ngigen internationalen Institutionen zusammen. Wir erhalten renommierte Zertifizierungen und f\u00fchren eingehende Forschungsanalysen durch. All dies, um die optimalsten und qualitativ hochwertigsten Systeme im Bereich des Kinderschutzes auf Reisen zu schaffen.<\/p>\n<p><strong>Unsere Sitze geben Ihnen die Gewissheit, dass Ihr Kind immer sicher ist, und Sie erhalten einen komfortablen und multifunktionalen Sitz, der Ihnen viele Jahre lang dienen wird!<\/strong><\/p>\n<\/div>\n\t\t\t<\/div>\n\t\t<\/div>\n\t<\/div>\n<\/section>\n","protected":false},"excerpt":{"rendered":"","protected":false},"author":1,"featured_media":0,"parent":0,"menu_order":0,"comment_status":"closed","ping_status":"closed","template":"","meta":{"_acf_changed":false,"footnotes":""},"class_list":["post-1373","page","type-page","status-publish","hentry"],"acf":[],"yoast_head":"<!-- This site is optimized with the Yoast SEO plugin v27.4 - https:\/\/yoast.com\/product\/yoast-seo-wordpress\/ -->\n<title>\u00dcber die Marke - Kiddy<\/title>\n<meta name=\"description\" content=\"Treten Sie ein und erfahren Sie mehr \u00fcber die Marke Kiddy \u2606 Safe Seat \u2606 Onlineshop \u2606 Kiddy Seats \u2606 Deutsche Qualit\u00e4t\" \/>\n<meta name=\"robots\" content=\"index, follow, max-snippet:-1, max-image-preview:large, max-video-preview:-1\" \/>\n<link rel=\"canonical\" href=\"https:\/\/kiddy.com\/de\/ueber-die-marke\/\" \/>\n<meta property=\"og:locale\" content=\"de_DE\" \/>\n<meta property=\"og:type\" content=\"article\" \/>\n<meta property=\"og:title\" content=\"\u00dcber die Marke - Kiddy\" \/>\n<meta property=\"og:description\" content=\"Treten Sie ein und erfahren Sie mehr \u00fcber die Marke Kiddy \u2606 Safe Seat \u2606 Onlineshop \u2606 Kiddy Seats \u2606 Deutsche Qualit\u00e4t\" \/>\n<meta property=\"og:url\" content=\"https:\/\/kiddy.com\/de\/ueber-die-marke\/\" \/>\n<meta property=\"og:site_name\" content=\"Kiddy\" \/>\n<meta property=\"article:publisher\" content=\"https:\/\/www.facebook.com\/kiddypolska\/\" \/>\n<meta property=\"article:modified_time\" content=\"2022-11-16T12:42:34+00:00\" \/>\n<meta property=\"og:image\" content=\"https:\/\/kiddy.com\/app\/uploads\/2022\/09\/Logo-Kiddy-Engineered-with-love.jpg\" \/>\n\t<meta property=\"og:image:width\" content=\"841\" \/>\n\t<meta property=\"og:image:height\" content=\"595\" \/>\n\t<meta property=\"og:image:type\" content=\"image\/jpeg\" \/>\n<meta name=\"twitter:card\" content=\"summary_large_image\" \/>\n<!-- \/ Yoast SEO plugin. -->","yoast_head_json":{"title":"\u00dcber die Marke - Kiddy","description":"Treten Sie ein und erfahren Sie mehr \u00fcber die Marke Kiddy \u2606 Safe Seat \u2606 Onlineshop \u2606 Kiddy Seats \u2606 Deutsche Qualit\u00e4t","robots":{"index":"index","follow":"follow","max-snippet":"max-snippet:-1","max-image-preview":"max-image-preview:large","max-video-preview":"max-video-preview:-1"},"canonical":"https:\/\/kiddy.com\/de\/ueber-die-marke\/","og_locale":"de_DE","og_type":"article","og_title":"\u00dcber die Marke - Kiddy","og_description":"Treten Sie ein und erfahren Sie mehr \u00fcber die Marke Kiddy \u2606 Safe Seat \u2606 Onlineshop \u2606 Kiddy Seats \u2606 Deutsche Qualit\u00e4t","og_url":"https:\/\/kiddy.com\/de\/ueber-die-marke\/","og_site_name":"Kiddy","article_publisher":"https:\/\/www.facebook.com\/kiddypolska\/","article_modified_time":"2022-11-16T12:42:34+00:00","og_image":[{"width":841,"height":595,"url":"https:\/\/kiddy.com\/app\/uploads\/2022\/09\/Logo-Kiddy-Engineered-with-love.jpg","type":"image\/jpeg"}],"twitter_card":"summary_large_image","schema":{"@context":"https:\/\/schema.org","@graph":[{"@type":"WebPage","@id":"https:\/\/kiddy.com\/de\/ueber-die-marke\/","url":"https:\/\/kiddy.com\/de\/ueber-die-marke\/","name":"\u00dcber die Marke - Kiddy","isPartOf":{"@id":"https:\/\/kiddy.com\/#website"},"datePublished":"2022-07-13T14:07:46+00:00","dateModified":"2022-11-16T12:42:34+00:00","description":"Treten Sie ein und erfahren Sie mehr \u00fcber die Marke Kiddy \u2606 Safe Seat \u2606 Onlineshop \u2606 Kiddy Seats \u2606 Deutsche Qualit\u00e4t","breadcrumb":{"@id":"https:\/\/kiddy.com\/de\/ueber-die-marke\/#breadcrumb"},"inLanguage":"de-DE","potentialAction":[{"@type":"ReadAction","target":["https:\/\/kiddy.com\/de\/ueber-die-marke\/"]}]},{"@type":"BreadcrumbList","@id":"https:\/\/kiddy.com\/de\/ueber-die-marke\/#breadcrumb","itemListElement":[{"@type":"ListItem","position":1,"name":"Strona g\u0142\u00f3wna","item":"https:\/\/kiddy.com\/de\/"},{"@type":"ListItem","position":2,"name":"\u00dcber die Marke"}]},{"@type":"WebSite","@id":"https:\/\/kiddy.com\/#website","url":"https:\/\/kiddy.com\/","name":"Kiddy","description":"Kiddy","publisher":{"@id":"https:\/\/kiddy.com\/#organization"},"potentialAction":[{"@type":"SearchAction","target":{"@type":"EntryPoint","urlTemplate":"https:\/\/kiddy.com\/?s={search_term_string}"},"query-input":{"@type":"PropertyValueSpecification","valueRequired":true,"valueName":"search_term_string"}}],"inLanguage":"de-DE"},{"@type":"Organization","@id":"https:\/\/kiddy.com\/#organization","name":"Kiddy","url":"https:\/\/kiddy.com\/","logo":{"@type":"ImageObject","inLanguage":"de-DE","@id":"https:\/\/kiddy.com\/#\/schema\/logo\/image\/","url":"https:\/\/kiddy.com\/app\/uploads\/2022\/09\/Logo-Kiddy-Engineered-with-love.jpg","contentUrl":"https:\/\/kiddy.com\/app\/uploads\/2022\/09\/Logo-Kiddy-Engineered-with-love.jpg","width":841,"height":595,"caption":"Kiddy"},"image":{"@id":"https:\/\/kiddy.com\/#\/schema\/logo\/image\/"},"sameAs":["https:\/\/www.facebook.com\/kiddypolska\/","https:\/\/www.instagram.com\/kiddy_global\/","https:\/\/www.youtube.com\/channel\/UC1RBJ6VMaCFUrU0BoLF5nvA"]}]}},"_links":{"self":[{"href":"https:\/\/kiddy.com\/de\/wp-json\/wp\/v2\/pages\/1373","targetHints":{"allow":["GET"]}}],"collection":[{"href":"https:\/\/kiddy.com\/de\/wp-json\/wp\/v2\/pages"}],"about":[{"href":"https:\/\/kiddy.com\/de\/wp-json\/wp\/v2\/types\/page"}],"author":[{"embeddable":true,"href":"https:\/\/kiddy.com\/de\/wp-json\/wp\/v2\/users\/1"}],"replies":[{"embeddable":true,"href":"https:\/\/kiddy.com\/de\/wp-json\/wp\/v2\/comments?post=1373"}],"version-history":[{"count":3,"href":"https:\/\/kiddy.com\/de\/wp-json\/wp\/v2\/pages\/1373\/revisions"}],"predecessor-version":[{"id":2704,"href":"https:\/\/kiddy.com\/de\/wp-json\/wp\/v2\/pages\/1373\/revisions\/2704"}],"wp:attachment":[{"href":"https:\/\/kiddy.com\/de\/wp-json\/wp\/v2\/media?parent=1373"}],"curies":[{"name":"wp","href":"https:\/\/api.w.org\/{rel}","templated":true}]}}