{"id":1354,"date":"2022-06-20T14:58:43","date_gmt":"2022-06-20T12:58:43","guid":{"rendered":"https:\/\/kiddy.bkapps.pl\/strona-glowna\/"},"modified":"2022-11-16T13:38:08","modified_gmt":"2022-11-16T12:38:08","slug":"startseite","status":"publish","type":"page","link":"https:\/\/kiddy.com\/de\/","title":{"rendered":"Startseite"},"content":{"rendered":"<section id=\"\" class=\"video acf-block acf-block-id-block_066f9f46d3e3952fba63fbdb8ee269b4 \">\n\t<video class=\"lazy\" autoplay playsinline muted>\n\t\t<source data-src-desktop=\"https:\/\/kiddy.com\/app\/uploads\/2022\/07\/kiddy-film-hero-1.mp4\" data-src-mobile=\"https:\/\/kiddy.com\/app\/uploads\/2022\/07\/banner-strona_gl_pion.mp4\" type=\"video\/mp4\">\n\t\tYour browser does not support the video tag.\n\t<\/video>\n<\/section>\n\n\n\n<section id=\"\" class=\"products acf-block acf-block-id-block_9895fb49dbde25e927eda893e5a2ca69 \">\n\t\t\t<div class=\"product product--black\" style=\"background-color: #9e9e9e;\" data-href=\"\/de\/produkty\/evoluna-i-size-2\/\">\n\t\t\t<img decoding=\"async\" class=\"product__image\"\n\t\t\t\t src=\"https:\/\/kiddy.com\/app\/uploads\/2022\/08\/evoluna-i-size-2-wkladka@2x-480x617-c-default.webp\"\n\t\t\t\t srcset=\"https:\/\/kiddy.com\/app\/uploads\/2022\/08\/evoluna-i-size-2-wkladka@2x-480x617-c-default.webp 1x, https:\/\/kiddy.com\/app\/uploads\/2022\/08\/evoluna-i-size-2-wkladka@2x-960x1234-c-default.webp 2x\"\n\t\t\t\t alt=\"\">\n\n\t\t\t<div class=\"product__data\">\n\t\t\t\t<h2 class=\"title title--md\">EVOLUNA I-SIZE 2<\/h2>\n\t\t\t\t<p class=\"small\">Sichere Liegeposition im Auto<br>&nbsp;<\/p>\n\n\t\t\t\t<a href=\"\/de\/produkty\/evoluna-i-size-2\/\" class=\"button button--text-black button--arrow-long\">Mehr sehen<\/a>\n\t\t\t<\/div>\n\t\t<\/div>\n\t\t\t<div class=\"product product--white\" style=\"background-color: #531828;\" data-href=\"\/de\/produkty\/cruiserfix-3\/\">\n\t\t\t<img decoding=\"async\" class=\"product__image\"\n\t\t\t\t src=\"https:\/\/kiddy.com\/app\/uploads\/2022\/07\/cruiserfix-3@2x-480x617-c-default.webp\"\n\t\t\t\t srcset=\"https:\/\/kiddy.com\/app\/uploads\/2022\/07\/cruiserfix-3@2x-480x617-c-default.webp 1x, https:\/\/kiddy.com\/app\/uploads\/2022\/07\/cruiserfix-3@2x-960x1234-c-default.webp 2x\"\n\t\t\t\t alt=\"\">\n\n\t\t\t<div class=\"product__data\">\n\t\t\t\t<h2 class=\"title title--md\">CRUISERFIX 3<\/h2>\n\t\t\t\t<p class=\"small\">Perfekte Passform f\u00fcr Ihr Kind<br>&nbsp;<\/p>\n\n\t\t\t\t<a href=\"\/de\/produkty\/cruiserfix-3\/\" class=\"button button--text-white button--arrow-long\">Mehr sehen<\/a>\n\t\t\t<\/div>\n\t\t<\/div>\n\t\t\t<div class=\"product product--black\" style=\"background-color: #9fb3c2;\" data-href=\"\/de\/produkty\/evolution-pro-2\/\">\n\t\t\t<img decoding=\"async\" class=\"product__image\"\n\t\t\t\t src=\"https:\/\/kiddy.com\/app\/uploads\/2022\/07\/evolution-pro-2@2x-480x617-c-default.webp\"\n\t\t\t\t srcset=\"https:\/\/kiddy.com\/app\/uploads\/2022\/07\/evolution-pro-2@2x-480x617-c-default.webp 1x, https:\/\/kiddy.com\/app\/uploads\/2022\/07\/evolution-pro-2@2x-960x1234-c-default.webp 2x\"\n\t\t\t\t alt=\"Fotelik samochodowy Kiddy EVOLUTION PRO 2\">\n\n\t\t\t<div class=\"product__data\">\n\t\t\t\t<h2 class=\"title title--md\">EVOLUTION PRO 2<\/h2>\n\t\t\t\t<p class=\"small\">Komfort und vollst\u00e4ndiger Schutz f\u00fcr den Beifahrer\r\n<\/p>\n\n\t\t\t\t<a href=\"\/de\/produkty\/evolution-pro-2\/\" class=\"button button--text-black button--arrow-long\">Mehr sehen<\/a>\n\t\t\t<\/div>\n\t\t<\/div>\n\t\t\t<div class=\"product product--white\" style=\"background-color: #2d2d2d;\" data-href=\"\/de\/produkty\/guardianfix-3\/\">\n\t\t\t<img decoding=\"async\" class=\"product__image\"\n\t\t\t\t src=\"https:\/\/kiddy.com\/app\/uploads\/2022\/07\/guardianfix-3@2x-480x617-c-default.webp\"\n\t\t\t\t srcset=\"https:\/\/kiddy.com\/app\/uploads\/2022\/07\/guardianfix-3@2x-480x617-c-default.webp 1x, https:\/\/kiddy.com\/app\/uploads\/2022\/07\/guardianfix-3@2x-960x1234-c-default.webp 2x\"\n\t\t\t\t alt=\"\">\n\n\t\t\t<div class=\"product__data\">\n\t\t\t\t<h2 class=\"title title--md\">GUARDIANFIX 3<\/h2>\n\t\t\t\t<p class=\"small\">Eine praktische L\u00f6sung f\u00fcr unterwegs\r\n<\/p>\n\n\t\t\t\t<a href=\"\/de\/produkty\/guardianfix-3\/\" class=\"button button--text-white button--arrow-long\">Mehr sehen<\/a>\n\t\t\t<\/div>\n\t\t<\/div>\n\t<\/section>\n\n\n\n<section id=\"\" class=\"paralax-text acf-block acf-block-id-block_49b724e55ca7ace5e0c06367fbcad4f8 \">\n\t<div class=\"container\">\n\t\t<div class=\"row\">\n\t\t\t<div class=\"col-12 col-xl-6 paralax-text__image-container\">\n\t\t\t\t<picture>\n\t\t\t\t\t<source srcset=\"https:\/\/kiddy.com\/app\/uploads\/2022\/07\/Kiddy-fotelik-samochodowy-CRUISERFIX3-budowa-home-1184x1196-c-default.webp 1x, https:\/\/kiddy.com\/app\/uploads\/2022\/07\/Kiddy-fotelik-samochodowy-CRUISERFIX3-budowa-home-2368x2392-c-default.webp 2x\" media=\"(min-width: 1200px)\">\n\t\t\t\t\t<source srcset=\"https:\/\/kiddy.com\/app\/uploads\/2022\/07\/Kiddy-fotelik-samochodowy-CRUISERFIX3-budowa-home-345x350-c-default.webp 1x, https:\/\/kiddy.com\/app\/uploads\/2022\/07\/Kiddy-fotelik-samochodowy-CRUISERFIX3-budowa-home-690x700-c-default.webp 2x\">\n\t\t\t\t\t<img decoding=\"async\" class=\"paralax-text__image\"\n\t\t\t\t\t\t src=\"https:\/\/kiddy.com\/app\/uploads\/2022\/07\/Kiddy-fotelik-samochodowy-CRUISERFIX3-budowa-home-1184x1196-c-default.webp 1x, https:\/\/kiddy.com\/app\/uploads\/2022\/07\/Kiddy-fotelik-samochodowy-CRUISERFIX3-budowa-home-2368x2392-c-default.webp\"\n\t\t\t\t\t\t alt=\"\"\n\t\t\t\t\t\t data-paralax data-paralax-direction=\"top\" data-paralax-speed=\"0.20\" data-paralax-mobile-speed=\"0.15\">\n\t\t\t\t<\/picture>\n\n\t\t\t<\/div>\n\t\t\t<div class=\"col-12 col-xl-6 col-xxl-5\">\n\t\t\t\t<h1 class=\"paralax-text__title\">Kindersitze f\u00fcr Autos<\/h1>\n\t\t\t\t<div class=\"paralax-text__description\"><p><strong>Eine intelligente und kompromisslose Kombination aus Technik, \u00c4sthetik und Ergonomie.<\/strong> Entdecken Sie unsere Kindersitze und w\u00e4hlen Sie sichere L\u00f6sungen f\u00fcr die Zukunft.<\/p>\n<\/div>\n\t\t\t\t<a href=\"https:\/\/kiddy.com\/de\/ueber-die-marke\/\" class=\"button button--black button--arrow\">Lernen Sie Kiddy kennen<\/a>\n\t\t\t<\/div>\n\t\t<\/div>\n\t<\/div>\n<\/section>\n\n\n<section id=\"\" class=\"images-and-text-black-bg acf-block acf-block-id-block_8686877fb48335984bdd93e69e5049d3 \">\n\t<div class=\"container\">\n\t\t<div class=\"row\">\n\t\t\t<div class=\"col-12 col-lg-5 col-xxl-6\">\n\t\t\t\t<div class=\"images-and-text-black-bg__first-image-container\">\n\t\t\t\t\t<picture>\n\t\t\t\t\t\t<source srcset=\"https:\/\/kiddy.com\/app\/uploads\/2022\/07\/Kiddy-fotelik-samochodowy-EVOLUNA-ISIZE2-przekroj@2x-795x1079-c-default.webp 1x, https:\/\/kiddy.com\/app\/uploads\/2022\/07\/Kiddy-fotelik-samochodowy-EVOLUNA-ISIZE2-przekroj@2x-1590x2158-c-default.webp 2x\" media=\"(min-width: 992px)\">\n\t\t\t\t\t\t<source srcset=\"https:\/\/kiddy.com\/app\/uploads\/2022\/07\/Kiddy-fotelik-samochodowy-EVOLUNA-ISIZE2-przekroj@2x-375x509-c-default.webp 1x, https:\/\/kiddy.com\/app\/uploads\/2022\/07\/Kiddy-fotelik-samochodowy-EVOLUNA-ISIZE2-przekroj@2x-750x1018-c-default.webp 2x\">\n\t\t\t\t\t\t<img decoding=\"async\" class=\"images-and-text-black-bg__first-image\"\n\t\t\t\t\t\t\t src=\"https:\/\/kiddy.com\/app\/uploads\/2022\/07\/Kiddy-fotelik-samochodowy-EVOLUNA-ISIZE2-przekroj@2x-795x1079-c-default.webp\"\n\t\t\t\t\t\t\t srcset=\"https:\/\/kiddy.com\/app\/uploads\/2022\/07\/Kiddy-fotelik-samochodowy-EVOLUNA-ISIZE2-przekroj@2x-795x1079-c-default.webp 1x, https:\/\/kiddy.com\/app\/uploads\/2022\/07\/Kiddy-fotelik-samochodowy-EVOLUNA-ISIZE2-przekroj@2x-1590x2158-c-default.webp 2x\"\n\t\t\t\t\t\t\t alt=\"\">\n\t\t\t\t\t<\/picture>\n\t\t\t\t<\/div>\n\t\t\t<\/div>\n\n\t\t\t<div class=\"col-12 col-lg-7 col-xxl-5\">\n\t\t\t\t<h2 class=\"images-and-text-black-bg__title\">Sicherheitsgarantie<\/h2>\n\t\t\t\t<div class=\"images-and-text-black-bg__description\"><p>Wir setzen die h\u00f6chsten Sicherheitsstandards. Jeder Kiddy-Sitz erf\u00fcllt die strengsten Normen f\u00fcr den Schutz von Kindern im Auto, und die Qualit\u00e4t unserer Produkte wird durch die hohe Position in Weltranglisten und die Zertifikate unabh\u00e4ngiger europ\u00e4ischer Institutionen, wie z. B.: <strong>ADAC, Stiftung Warentest und \u00d6AMTC.<\/strong><\/p>\n<\/div>\n\t\t\t<\/div>\n\t\t<\/div>\n\n\n\t\t<div class=\"row\">\n\t\t\t<div class=\"col-12 col-lg-6 col-xxxl-5 offset-xxxl-1 order-2 order-lg-1\">\n\t\t\t\t<h2 class=\"title title--xl\">Wirksamkeit durch Tests best\u00e4tigt<\/h2>\n\t\t\t\t<div class=\"images-and-text-black-bg__description\"><p>Alle Produkte werden vor ihrer Markteinf\u00fchrung sorgf\u00e4ltig analysiert und ausf\u00fchrlichen technischen Tests und Crashtests unterzogen. Ihre Ergebnisse liefern eine umfassende Bewertung der Qualit\u00e4t der Sitze und ber\u00fccksichtigen Kategorien wie Sicherheit, <strong>Komfort, Nutzung, Reinigung oder das Vorhandensein von Schadstoffen<\/strong><\/p>\n<\/div>\n\t\t\t<\/div>\n\n\t\t\t<div class=\"col-12 col-lg-6 order-1 order-lg-2\">\n\t\t\t\t<picture>\n\t\t\t\t\t<source srcset=\"https:\/\/kiddy.com\/app\/uploads\/2022\/07\/fotelik-cruiserfix3@2x-815x735-c-default.webp 1x, https:\/\/kiddy.com\/app\/uploads\/2022\/07\/fotelik-cruiserfix3@2x-1630x1470-c-default.webp 2x\" media=\"(min-width: 992px)\">\n\t\t\t\t\t<source srcset=\"https:\/\/kiddy.com\/app\/uploads\/2022\/07\/fotelik-cruiserfix3@2x-345x311-c-default.webp 1x, https:\/\/kiddy.com\/app\/uploads\/2022\/07\/fotelik-cruiserfix3@2x-690x622-c-default.webp 2x\">\n\t\t\t\t\t<img decoding=\"async\" class=\"images-and-text-black-bg__second-image\"\n\t\t\t\t\t\t src=\"https:\/\/kiddy.com\/app\/uploads\/2022\/07\/fotelik-cruiserfix3@2x-815x735-c-default.webp\"\n\t\t\t\t\t\t srcset=\"https:\/\/kiddy.com\/app\/uploads\/2022\/07\/fotelik-cruiserfix3@2x-815x735-c-default.webp 1x, https:\/\/kiddy.com\/app\/uploads\/2022\/07\/fotelik-cruiserfix3@2x-1630x1470-c-default.webp 2x\"\n\t\t\t\t\t\t alt=\"\">\n\t\t\t\t<\/picture>\n\t\t\t<\/div>\n\t\t<\/div>\n\t<\/div>\n<\/section>\n\n\n<section id=\"\" class=\"paralax-text paralax-text--v2 acf-block acf-block-id-block_0ffe6e88f12e0082739a0b7385ad081c \">\n\t<div class=\"container\">\n\t\t<div class=\"row\">\n\t\t\t<div class=\"col-12 col-lg-6\">\n\t\t\t\t<picture>\n\t\t\t\t\t<source srcset=\"https:\/\/kiddy.com\/app\/uploads\/2022\/07\/Kiddy-fotelik-samochodowy-EVOLUNA-ISIZE2-budowa-936x1647-c-default.webp 1x, https:\/\/kiddy.com\/app\/uploads\/2022\/07\/Kiddy-fotelik-samochodowy-EVOLUNA-ISIZE2-budowa-1872x3294-c-default.webp 2x\" media=\"(min-width: 992px)\">\n\t\t\t\t\t<source srcset=\"https:\/\/kiddy.com\/app\/uploads\/2022\/07\/Kiddy-fotelik-samochodowy-EVOLUNA-ISIZE2-budowa-mobile-329x477-c-center.webp 1x, https:\/\/kiddy.com\/app\/uploads\/2022\/07\/Kiddy-fotelik-samochodowy-EVOLUNA-ISIZE2-budowa-mobile-658x954-c-center.webp 2x\">\n\t\t\t\t\t<img decoding=\"async\" class=\"paralax-text__image paralax-text__image--v2\"\n\t\t\t\t\t\t src=\"https:\/\/kiddy.com\/app\/uploads\/2022\/07\/Kiddy-fotelik-samochodowy-EVOLUNA-ISIZE2-budowa-936x1647-c-default.webp\"\n\t\t\t\t\t\t srcset=\"https:\/\/kiddy.com\/app\/uploads\/2022\/07\/Kiddy-fotelik-samochodowy-EVOLUNA-ISIZE2-budowa-936x1647-c-default.webp 1x, https:\/\/kiddy.com\/app\/uploads\/2022\/07\/Kiddy-fotelik-samochodowy-EVOLUNA-ISIZE2-budowa-1872x3294-c-default.webp 2x\"\n\t\t\t\t\t\t alt=\"\"\n\t\t\t\t\t\t data-paralax data-paralax-direction=\"top\" data-paralax-speed=\"0.2\"\n\t\t\t\t\t>\n\t\t\t\t<\/picture>\n\t\t\t<\/div>\n\t\t\t<div class=\"col-12 col-lg-6 col-xxl-5\">\n\t\t\t\t<div class=\"paralax-text__content\">\n\t\t\t\t\t<img decoding=\"async\" class=\"paralax-text__logo\"\n\t\t\t\t\t\t src=\"https:\/\/kiddy.com\/app\/uploads\/2022\/07\/engineered-ingermany.svg\"\n\t\t\t\t\t\t alt=\"\">\n\t\t\t\t\t<h2 class=\"paralax-text__title\">Deutsche Technologie<\/h2>\n\t\t\t\t\t<div class=\"paralax-text__description\"><p><strong>Innovative Patente, fortschrittliche Systeme und hochwertigste Materialien<\/strong> &#8211; Technologie und Ergonomie, die \u00fcber das \u00fcbliche Designdenken hinausgehen. Die Produkte von Kiddy vereinen die neueste Technologie, Funktionalit\u00e4t und modernes Design, bei dem man die Liebe zum kleinsten Detail erkennen kann.<\/p>\n<\/div>\n\t\t\t\t<\/div>\n\t\t\t<\/div>\n\t\t<\/div>\n\t<\/div>\n<\/section>\n\n\n\n<section id=\"\" class=\"title-description  acf-block acf-block-id-block_0c74095d690db852d8038378cb65b4c8 \">\n\t<div class=\"container order-2 order-lg-1\">\n\t\t<div class=\"row\">\n\t\t\t<div class=\"col-12 col-lg-6\">\n\t\t\t\t<h2 class=\"title-description__title\">50 <br>Jahre Erfahrung<\/h2>\n\t\t\t<\/div>\n\t\t\t<div class=\"col-12 col-lg-6\">\n\t\t\t\t<div class=\"title-description__content\"><p>Bei Kiddy kennen wir uns mit Design aus. Wir kommen aus der Automobilbranche und haben viele der sichersten Systeme auf dem Markt entwickelt. <strong>Seit mehr als 50 Jahren stellen wir Sitze her, die eine Kombination aus fachm\u00e4nnischer Erfahrung und legend\u00e4rer deutscher Pr\u00e4zision<\/strong> sind, was uns weltweites Verbrauchervertrauen und Anerkennung in der Branche eingebracht hat.<\/p>\n<\/div>\n\t\t\t<\/div>\n\t\t<\/div>\n\t<\/div>\n\t\t<div class=\"order-1 order-lg-2\">\n\t\t<div class=\"title-description__images\">\n\t\t\t\t\t\t\t\t\t\t\t<picture class=\"title-description__image-left\" data-paralax data-paralax-direction=\"right\" data-paralax-speed=\"0.1\">\n\t\t\t\t\t<source srcset=\"https:\/\/kiddy.com\/app\/uploads\/2022\/07\/Kobieta-mezczyzna-w-aucie-dziecko-w-foteliku-984x721-c-default.webp 1x, https:\/\/kiddy.com\/app\/uploads\/2022\/07\/Kobieta-mezczyzna-w-aucie-dziecko-w-foteliku-1968x1442-c-default.webp 2x\" media=\"(min-width: 992px)\">\n\t\t\t\t\t<source srcset=\"https:\/\/kiddy.com\/app\/uploads\/2022\/07\/Kobieta-mezczyzna-w-aucie-dziecko-w-foteliku-270x198-c-default.webp 1x, https:\/\/kiddy.com\/app\/uploads\/2022\/07\/Kobieta-mezczyzna-w-aucie-dziecko-w-foteliku-540x396-c-default.webp 2x\">\n\t\t\t\t\t<img decoding=\"async\" src=\"https:\/\/kiddy.com\/app\/uploads\/2022\/07\/Kobieta-mezczyzna-w-aucie-dziecko-w-foteliku-984x721-c-default.webp\"\n\t\t\t\t\t\t srcset=\"https:\/\/kiddy.com\/app\/uploads\/2022\/07\/Kobieta-mezczyzna-w-aucie-dziecko-w-foteliku-984x721-c-default.webp 1x, https:\/\/kiddy.com\/app\/uploads\/2022\/07\/Kobieta-mezczyzna-w-aucie-dziecko-w-foteliku-1968x1442-c-default.webp 2x\"\n\t\t\t\t\t\t alt=\"\"\n\t\t\t\t\t>\n\t\t\t\t<\/picture>\n\n\t\t\t\t\t\t\t\t<picture class=\"title-description__image-right\" data-paralax data-paralax-direction=\"left\" data-paralax-speed=\"0.1\">\n\t\t\t\t\t<source srcset=\"https:\/\/kiddy.com\/app\/uploads\/2022\/07\/Dziewczynka-w-aucie-siedzaca-w-foteliku-CRUISERFIX3-1258x922-c-default.webp 1x, https:\/\/kiddy.com\/app\/uploads\/2022\/07\/Dziewczynka-w-aucie-siedzaca-w-foteliku-CRUISERFIX3-2516x1844-c-default.webp 2x\" media=\"(min-width: 992px)\">\n\t\t\t\t\t<source srcset=\"https:\/\/kiddy.com\/app\/uploads\/2022\/07\/Dziewczynka-w-aucie-siedzaca-w-foteliku-CRUISERFIX3-270x198-c-default.webp 1x, https:\/\/kiddy.com\/app\/uploads\/2022\/07\/Dziewczynka-w-aucie-siedzaca-w-foteliku-CRUISERFIX3-540x396-c-default.webp 2x\">\n\t\t\t\t\t<img decoding=\"async\" src=\"https:\/\/kiddy.com\/app\/uploads\/2022\/07\/Dziewczynka-w-aucie-siedzaca-w-foteliku-CRUISERFIX3-1258x922-c-default.webp\"\n\t\t\t\t\t\t srcset=\"https:\/\/kiddy.com\/app\/uploads\/2022\/07\/Dziewczynka-w-aucie-siedzaca-w-foteliku-CRUISERFIX3-1258x922-c-default.webp 1x, https:\/\/kiddy.com\/app\/uploads\/2022\/07\/Dziewczynka-w-aucie-siedzaca-w-foteliku-CRUISERFIX3-2516x1844-c-default.webp 2x\"\n\t\t\t\t\t\t alt=\"\"\n\t\t\t\t\t>\n\t\t\t\t<\/picture>\n\t\t\t\t\t<\/div>\n\t<\/div>\n\t<\/section>\n\n\n<section id=\"\" class=\"programs acf-block acf-block-id-block_f3f9b84a4251e5100e6e60f63cae2099 \">\n\t<div class=\"container\">\n\t\t<div class=\"row\">\n\t\t\t<div class=\"col-12\">\n\t\t\t\t<h2 class=\"programs__title\">Kontinuierliche Unterst\u00fctzung<\/h2>\n\t\t\t<\/div>\n\t\t<\/div>\n\n\t\t<div class=\"row\">\n\t\t\t<div class=\"col-12 col-lg-6\">\n\t\t\t\t<div class=\"program\">\n\t\t\t\t\t<div class=\"program__top\">\n\t\t\t\t\t\t<div class=\"program__logo program__logo--left\">\n\t\t\t\t\t\t\t<img decoding=\"async\" src=\"https:\/\/kiddy.com\/app\/uploads\/2022\/08\/Safe-Car-Seat-Logo.svg\" alt=\"\">\n\t\t\t\t\t\t<\/div>\n\n\t\t\t\t\t\t<h3 class=\"program__title\">PROGRAMM &#8220;SICHERER SITZ&#8221;<\/h3>\n\t\t\t\t\t\t<div class=\"program__description\"><p>Wir bei Kiddy wissen, wie wichtig die Sicherheit unserer kleinsten Passagiere ist. Deshalb nehmen Sie beim Kauf eines Kiddy-Produkts am <strong>Safe Car Seat Program teil und erhalten einen kostenlosen Ersatzsitz. <\/strong><\/p>\n<\/div>\n\t\t\t\t\t<\/div>\n\n\t\t\t\t\t\t\t\t\t\t\t<a href=\"https:\/\/kiddy.com\/de\/sicherer-sitz\/\" class=\"button button--black button--arrow button--long\" target=\"_blank\">Ersetzen Sie Ihren Sitz durch einen neuen<\/a>\n\t\t\t\t\t\t\t\t\t<\/div>\n\t\t\t<\/div>\n\n\t\t\t<div class=\"col-12 col-lg-6\">\n\t\t\t\t<div class=\"program\">\n\t\t\t\t\t<div class=\"program__top\">\n\t\t\t\t\t\t<div class=\"program__logo program__logo--right\">\n\t\t\t\t\t\t\t<img decoding=\"async\" src=\"https:\/\/kiddy.com\/app\/uploads\/2022\/08\/10-jahre-garantie.svg\" alt=\"\">\n\t\t\t\t\t\t<\/div>\n\n\t\t\t\t\t\t<h3 class=\"program__title\">L\u00e4ngere Garantie<\/h3>\n\t\t\t\t\t\t<div class=\"program__description\"><p>Um den Bed\u00fcrfnissen und Erwartungen unserer Kunden gerecht zu werden, bieten wir die M\u00f6glichkeit eines erweiterten Garantiepakets, <strong>das einen Zeitraum von 10 Jahren umfasst und Sie berechtigt, ein defektes Teil des Sitzes kostenlos <\/strong>zu reparieren oder zu ersetzen. Verl\u00e4ngern Sie die Garantie.<\/p>\n<\/div>\n\t\t\t\t\t<\/div>\n\n\t\t\t\t\t\t\t\t\t\t\t<a href=\"https:\/\/kiddy.com\/de\/10-jahre-garantie\/\" class=\"button button--black button--arrow button--w310\" target=\"_blank\">Verl\u00e4ngern Sie die Garantie<\/a>\n\t\t\t\t\t\t\t\t\t<\/div>\n\t\t\t<\/div>\n\t\t<\/div>\n\t<\/div>\n<\/section>\n\n\n\n\n\n\n        <div class=\"BkGoogleMapBlock\" id=\"map\">\n        <div class=\"container\">\n                            <h2 class=\"BkGoogleMapBlock__title\">Kiddy-Produkte online kaufen mit unseren Partnern<\/h2>\n                                    <div class=\"BkGoogleMapBlock__button-wrapper\">\n                <a class=\"BkGoogleMapBlock__button button button--black\" href=\"#block_2b9c65cf5d3c305f5f5cffa774aeb2e5\">Einzelh\u00e4ndler finden<\/a>\n            <\/div>\n                    <\/div>\n        <div id=\"block_2b9c65cf5d3c305f5f5cffa774aeb2e5\" data-BkGoogleMap\n             data-BkGoogleMap-apiKey=\"AIzaSyCQ16T3uRBAUVyyaG7xAtkqWiix9JpRwZQ\"\n             data-BkGoogleMap-endpoint=\"https:\/\/kiddy.com\/de\/wp-json\/bk_google_map\/v1\/search\/query\"\n        ><\/div>\n    <\/div>\n\n    ","protected":false},"excerpt":{"rendered":"","protected":false},"author":1,"featured_media":0,"parent":0,"menu_order":0,"comment_status":"closed","ping_status":"closed","template":"","meta":{"_acf_changed":false,"footnotes":""},"class_list":["post-1354","page","type-page","status-publish","hentry"],"acf":[],"yoast_head":"<!-- This site is optimized with the Yoast SEO plugin v27.3 - https:\/\/yoast.com\/product\/yoast-seo-wordpress\/ -->\n<title>Kiddy - Autositze der Zukunft<\/title>\n<meta name=\"description\" content=\"\u2606 Premium-Autositze \u2606 50 Jahre Erfahrung \u2606 Deutsche Technologie \u2606 Safe Seat Programm \u2606 10 Jahre Garantie\" \/>\n<meta name=\"robots\" content=\"index, follow, max-snippet:-1, max-image-preview:large, max-video-preview:-1\" \/>\n<link rel=\"canonical\" href=\"https:\/\/kiddy.com\/de\/\" \/>\n<meta property=\"og:locale\" content=\"de_DE\" \/>\n<meta property=\"og:type\" content=\"article\" \/>\n<meta property=\"og:title\" content=\"Kiddy - Autositze der Zukunft\" \/>\n<meta property=\"og:description\" content=\"\u2606 Premium-Autositze \u2606 50 Jahre Erfahrung \u2606 Deutsche Technologie \u2606 Safe Seat Programm \u2606 10 Jahre Garantie\" \/>\n<meta property=\"og:url\" content=\"https:\/\/kiddy.com\/de\/\" \/>\n<meta property=\"og:site_name\" content=\"Kiddy\" \/>\n<meta property=\"article:publisher\" content=\"https:\/\/www.facebook.com\/kiddypolska\/\" \/>\n<meta property=\"article:modified_time\" content=\"2022-11-16T12:38:08+00:00\" \/>\n<meta property=\"og:image\" content=\"https:\/\/kiddy.com\/app\/uploads\/2022\/09\/Logo-Kiddy-Engineered-with-love.jpg\" \/>\n\t<meta property=\"og:image:width\" content=\"841\" \/>\n\t<meta property=\"og:image:height\" content=\"595\" \/>\n\t<meta property=\"og:image:type\" content=\"image\/jpeg\" \/>\n<meta name=\"twitter:card\" content=\"summary_large_image\" \/>\n<!-- \/ Yoast SEO plugin. -->","yoast_head_json":{"title":"Kiddy - Autositze der Zukunft","description":"\u2606 Premium-Autositze \u2606 50 Jahre Erfahrung \u2606 Deutsche Technologie \u2606 Safe Seat Programm \u2606 10 Jahre Garantie","robots":{"index":"index","follow":"follow","max-snippet":"max-snippet:-1","max-image-preview":"max-image-preview:large","max-video-preview":"max-video-preview:-1"},"canonical":"https:\/\/kiddy.com\/de\/","og_locale":"de_DE","og_type":"article","og_title":"Kiddy - Autositze der Zukunft","og_description":"\u2606 Premium-Autositze \u2606 50 Jahre Erfahrung \u2606 Deutsche Technologie \u2606 Safe Seat Programm \u2606 10 Jahre Garantie","og_url":"https:\/\/kiddy.com\/de\/","og_site_name":"Kiddy","article_publisher":"https:\/\/www.facebook.com\/kiddypolska\/","article_modified_time":"2022-11-16T12:38:08+00:00","og_image":[{"width":841,"height":595,"url":"https:\/\/kiddy.com\/app\/uploads\/2022\/09\/Logo-Kiddy-Engineered-with-love.jpg","type":"image\/jpeg"}],"twitter_card":"summary_large_image","schema":{"@context":"https:\/\/schema.org","@graph":[{"@type":"WebPage","@id":"https:\/\/kiddy.com\/de\/","url":"https:\/\/kiddy.com\/de\/","name":"Kiddy - Autositze der Zukunft","isPartOf":{"@id":"https:\/\/kiddy.com\/#website"},"datePublished":"2022-06-20T12:58:43+00:00","dateModified":"2022-11-16T12:38:08+00:00","description":"\u2606 Premium-Autositze \u2606 50 Jahre Erfahrung \u2606 Deutsche Technologie \u2606 Safe Seat Programm \u2606 10 Jahre Garantie","breadcrumb":{"@id":"https:\/\/kiddy.com\/de\/#breadcrumb"},"inLanguage":"de-DE","potentialAction":[{"@type":"ReadAction","target":["https:\/\/kiddy.com\/de\/"]}]},{"@type":"BreadcrumbList","@id":"https:\/\/kiddy.com\/de\/#breadcrumb","itemListElement":[{"@type":"ListItem","position":1,"name":"Strona g\u0142\u00f3wna","item":"https:\/\/kiddy.com\/de\/"},{"@type":"ListItem","position":2,"name":"Startseite"}]},{"@type":"WebSite","@id":"https:\/\/kiddy.com\/#website","url":"https:\/\/kiddy.com\/","name":"Kiddy","description":"Kiddy","publisher":{"@id":"https:\/\/kiddy.com\/#organization"},"potentialAction":[{"@type":"SearchAction","target":{"@type":"EntryPoint","urlTemplate":"https:\/\/kiddy.com\/?s={search_term_string}"},"query-input":{"@type":"PropertyValueSpecification","valueRequired":true,"valueName":"search_term_string"}}],"inLanguage":"de-DE"},{"@type":"Organization","@id":"https:\/\/kiddy.com\/#organization","name":"Kiddy","url":"https:\/\/kiddy.com\/","logo":{"@type":"ImageObject","inLanguage":"de-DE","@id":"https:\/\/kiddy.com\/#\/schema\/logo\/image\/","url":"https:\/\/kiddy.com\/app\/uploads\/2022\/09\/Logo-Kiddy-Engineered-with-love.jpg","contentUrl":"https:\/\/kiddy.com\/app\/uploads\/2022\/09\/Logo-Kiddy-Engineered-with-love.jpg","width":841,"height":595,"caption":"Kiddy"},"image":{"@id":"https:\/\/kiddy.com\/#\/schema\/logo\/image\/"},"sameAs":["https:\/\/www.facebook.com\/kiddypolska\/","https:\/\/www.instagram.com\/kiddy_global\/","https:\/\/www.youtube.com\/channel\/UC1RBJ6VMaCFUrU0BoLF5nvA"]}]}},"_links":{"self":[{"href":"https:\/\/kiddy.com\/de\/wp-json\/wp\/v2\/pages\/1354","targetHints":{"allow":["GET"]}}],"collection":[{"href":"https:\/\/kiddy.com\/de\/wp-json\/wp\/v2\/pages"}],"about":[{"href":"https:\/\/kiddy.com\/de\/wp-json\/wp\/v2\/types\/page"}],"author":[{"embeddable":true,"href":"https:\/\/kiddy.com\/de\/wp-json\/wp\/v2\/users\/1"}],"replies":[{"embeddable":true,"href":"https:\/\/kiddy.com\/de\/wp-json\/wp\/v2\/comments?post=1354"}],"version-history":[{"count":3,"href":"https:\/\/kiddy.com\/de\/wp-json\/wp\/v2\/pages\/1354\/revisions"}],"predecessor-version":[{"id":2692,"href":"https:\/\/kiddy.com\/de\/wp-json\/wp\/v2\/pages\/1354\/revisions\/2692"}],"wp:attachment":[{"href":"https:\/\/kiddy.com\/de\/wp-json\/wp\/v2\/media?parent=1354"}],"curies":[{"name":"wp","href":"https:\/\/api.w.org\/{rel}","templated":true}]}}